{"id":57645,"date":"2026-04-03T00:41:54","date_gmt":"2026-04-02T21:41:54","guid":{"rendered":"http:\/\/new.ceasuri.md\/shop\/uncategorized\/orient-contemporary-sun-moon-ra-ak0309b30b\/"},"modified":"2026-04-20T01:46:56","modified_gmt":"2026-04-19T22:46:56","slug":"orient-contemporary-sun-moon-ra-ak0309b30b","status":"publish","type":"product","link":"https:\/\/ceasuri.md\/ru\/shop\/branduri\/orient\/orient-contemporary-sun-moon-ra-ak0309b30b\/","title":{"rendered":"Ceas ORIENT CONTEMPORARY Sun &#038; Moon RA-AK0309B30B"},"content":{"rendered":"<p>Ceasul b\u0103rb\u0103tesc Orient Sun and Moon este chintesen\u021ba elegan\u021bei clasice, creat pentru b\u0103rba\u021bii care apreciaz\u0103 sofisticarea at\u00e2t \u00een \u200b\u200b\u00eent\u00e2lnirile de afaceri, c\u00e2t \u0219i \u00een via\u021ba de zi cu zi.<\/p>\n<p>Tr\u0103s\u0103tura distinctiv\u0103 a acestui model este complica\u021bia captivant\u0103 Soare \u0219i Lun\u0103 la ora 5, unde corpurile cere\u0219ti succesive de pe un disc indic\u0103 ora din zi.<\/p>\n<p>Carcasa din o\u021bel inoxidabil cu un finisaj rafinat auriu-roz, asociat\u0103 cu o curea din piele neagr\u0103 cu model cu efect de crocodil, confer\u0103 acestui ceas un aspect aristocratic \u0219i atemporal.<\/p>\n<p>Cadranul negru, perfect organizat, cu indici tridimensionali, este protejat \u00een siguran\u021b\u0103 de cristalul de safir rezistent la zg\u00e2rieturi.<\/p>\n<p>Mi\u0219carea automat\u0103 Orient F6B24, ale c\u0103rei mi\u0219c\u0103ri complexe pot fi admirate prin capacul transparent al carcasei, asigur\u0103 o func\u021bionare impecabil\u0103.<\/p>\n<p>Acesta este un accesoriu care subliniaz\u0103 statutul \u0219i aten\u021bia la detalii a proprietarului s\u0103u.<\/p>","protected":false},"excerpt":{"rendered":"<p>Ceasul b\u0103rb\u0103tesc Orient Sun and Moon este chintesen\u021ba elegan\u021bei clasice, creat pentru b\u0103rba\u021bii care apreciaz\u0103 sofisticarea at\u00e2t \u00een \u200b\u200b\u00eent\u00e2lnirile de afaceri, c\u00e2t \u0219i \u00een via\u021ba de zi cu zi. Tr\u0103s\u0103tura distinctiv\u0103 a acestui model este complica\u021bia captivant\u0103 Soare \u0219i Lun\u0103 la ora 5, unde corpurile cere\u0219ti succesive de pe un disc indic\u0103 ora din zi. [&hellip;]<\/p>\n","protected":false},"featured_media":57646,"comment_status":"closed","ping_status":"open","template":"","meta":{"_acf_changed":false},"product_brand":[],"product_cat":[20,596],"product_tag":[],"class_list":{"0":"post-57645","1":"product","2":"type-product","3":"status-publish","4":"has-post-thumbnail","6":"product_cat-ceasuri-barbati","7":"product_cat-orient","8":"pa_brand-orient","9":"pa_braslet-piele","10":"pa_corpus-42-mm","11":"pa_forma-rotund","12":"pa_funcii-data","13":"pa_funcii-daynight","14":"pa_funcii-ziua-saptamanii","15":"pa_garatia-24-luni","16":"pa_korpus-roz-gold","17":"pa_material-otel-inoxidabil","18":"pa_mehanizm-mecanic","19":"pa_mehanizm-mecanism-automatic","20":"pa_remeshok-negru","21":"pa_steklo-cristal-safir","22":"pa_strana-japonia","23":"pa_voda-5-atm","25":"first","26":"instock","27":"purchasable","28":"product-type-simple"},"acf":[],"_links":{"self":[{"href":"https:\/\/ceasuri.md\/ru\/wp-json\/wp\/v2\/product\/57645","targetHints":{"allow":["GET"]}}],"collection":[{"href":"https:\/\/ceasuri.md\/ru\/wp-json\/wp\/v2\/product"}],"about":[{"href":"https:\/\/ceasuri.md\/ru\/wp-json\/wp\/v2\/types\/product"}],"replies":[{"embeddable":true,"href":"https:\/\/ceasuri.md\/ru\/wp-json\/wp\/v2\/comments?post=57645"}],"wp:featuredmedia":[{"embeddable":true,"href":"https:\/\/ceasuri.md\/ru\/wp-json\/wp\/v2\/media\/57646"}],"wp:attachment":[{"href":"https:\/\/ceasuri.md\/ru\/wp-json\/wp\/v2\/media?parent=57645"}],"wp:term":[{"taxonomy":"product_brand","embeddable":true,"href":"https:\/\/ceasuri.md\/ru\/wp-json\/wp\/v2\/product_brand?post=57645"},{"taxonomy":"product_cat","embeddable":true,"href":"https:\/\/ceasuri.md\/ru\/wp-json\/wp\/v2\/product_cat?post=57645"},{"taxonomy":"product_tag","embeddable":true,"href":"https:\/\/ceasuri.md\/ru\/wp-json\/wp\/v2\/product_tag?post=57645"}],"curies":[{"name":"wp","href":"https:\/\/api.w.org\/{rel}","templated":true}]}}