{"id":57640,"date":"2026-04-03T00:41:54","date_gmt":"2026-04-02T21:41:54","guid":{"rendered":"http:\/\/new.ceasuri.md\/shop\/uncategorized\/orient-classic-ra-ak0705r30b\/"},"modified":"2026-04-16T21:31:52","modified_gmt":"2026-04-16T18:31:52","slug":"orient-classic-ra-ak0705r30b","status":"publish","type":"product","link":"https:\/\/ceasuri.md\/ru\/shop\/branduri\/orient\/orient-classic-ra-ak0705r30b\/","title":{"rendered":"Ceas ORIENT RA-AK0705R30B Classic"},"content":{"rendered":"<p>O combina\u021bie armonioas\u0103 de m\u0103iestrie japonez\u0103 veche de secole \u0219i estetic\u0103 contemporan\u0103, creat\u0103 pentru profesioni\u0219tii care apreciaz\u0103 rafinamentul \u00een fiecare detaliu.<\/p>\n<p>Cadranul bordo impresionant, sub cristalul mineral bombat, cap\u0103t\u0103 o profunzime vizual\u0103 \u0219i un atractiv excep\u021bionale. Acest accent de culoare \u00eendr\u0103zne\u021b transform\u0103 accesoriul \u00eentr-o declara\u021bie de stil remarcabil\u0103, subliniind individualitatea \u0219i statutul proprietarului s\u0103u.<\/p>\n<p>Prin spatele transparent al carcasei, se poate admira calibrul fiabil F6B22, cu func\u021bii de \u00eentoarcere automat\u0103 \u0219i manual\u0103.<\/p>\n<p>Cadranul multifunc\u021bional cu afi\u0219aj pentru zi, dat\u0103 \u0219i 24 de ore permite un control precis secund\u0103 de secund\u0103, f\u0103c\u00e2nd din acest model un instrument indispensabil de gestionare a timpului.<\/p>\n<p>Acest accesoriu elegant, cu curea din piele, asigur\u0103 confort at\u00e2t pentru o \u00eent\u00e2lnire de afaceri, c\u00e2t \u0219i pentru o cin\u0103 informal\u0103.<\/p>","protected":false},"excerpt":{"rendered":"<p>O combina\u021bie armonioas\u0103 de m\u0103iestrie japonez\u0103 veche de secole \u0219i estetic\u0103 contemporan\u0103, creat\u0103 pentru profesioni\u0219tii care apreciaz\u0103 rafinamentul \u00een fiecare detaliu. Cadranul bordo impresionant, sub cristalul mineral bombat, cap\u0103t\u0103 o profunzime vizual\u0103 \u0219i un atractiv excep\u021bionale. Acest accent de culoare \u00eendr\u0103zne\u021b transform\u0103 accesoriul \u00eentr-o declara\u021bie de stil remarcabil\u0103, subliniind individualitatea \u0219i statutul proprietarului s\u0103u. Prin [&hellip;]<\/p>\n","protected":false},"featured_media":57641,"comment_status":"closed","ping_status":"open","template":"","meta":{"_acf_changed":false},"product_brand":[],"product_cat":[20,596],"product_tag":[],"class_list":{"0":"post-57640","1":"product","2":"type-product","3":"status-publish","4":"has-post-thumbnail","6":"product_cat-ceasuri-barbati","7":"product_cat-orient","8":"pa_brand-orient","9":"pa_braslet-piele","10":"pa_corpus-41-mm","11":"pa_forma-rotund","12":"pa_funcii-data","13":"pa_funcii-ziua-saptamanii","14":"pa_garatia-24-luni","15":"pa_korpus-argintiu","16":"pa_material-otel-inoxidabil","17":"pa_mehanizm-mecanic","18":"pa_mehanizm-mecanism-automatic","19":"pa_remeshok-maro","20":"pa_steklo-cristal-mineral","21":"pa_strana-japonia","22":"pa_voda-3-atm","24":"first","25":"instock","26":"purchasable","27":"product-type-simple"},"acf":[],"_links":{"self":[{"href":"https:\/\/ceasuri.md\/ru\/wp-json\/wp\/v2\/product\/57640","targetHints":{"allow":["GET"]}}],"collection":[{"href":"https:\/\/ceasuri.md\/ru\/wp-json\/wp\/v2\/product"}],"about":[{"href":"https:\/\/ceasuri.md\/ru\/wp-json\/wp\/v2\/types\/product"}],"replies":[{"embeddable":true,"href":"https:\/\/ceasuri.md\/ru\/wp-json\/wp\/v2\/comments?post=57640"}],"wp:featuredmedia":[{"embeddable":true,"href":"https:\/\/ceasuri.md\/ru\/wp-json\/wp\/v2\/media\/57641"}],"wp:attachment":[{"href":"https:\/\/ceasuri.md\/ru\/wp-json\/wp\/v2\/media?parent=57640"}],"wp:term":[{"taxonomy":"product_brand","embeddable":true,"href":"https:\/\/ceasuri.md\/ru\/wp-json\/wp\/v2\/product_brand?post=57640"},{"taxonomy":"product_cat","embeddable":true,"href":"https:\/\/ceasuri.md\/ru\/wp-json\/wp\/v2\/product_cat?post=57640"},{"taxonomy":"product_tag","embeddable":true,"href":"https:\/\/ceasuri.md\/ru\/wp-json\/wp\/v2\/product_tag?post=57640"}],"curies":[{"name":"wp","href":"https:\/\/api.w.org\/{rel}","templated":true}]}}