{"id":57630,"date":"2024-12-16T08:07:50","date_gmt":"2024-12-16T06:07:50","guid":{"rendered":"http:\/\/new.ceasuri.md\/shop\/uncategorized\/orient-classic-sun-moon-ra-ak0804y30b\/"},"modified":"2026-05-01T19:16:15","modified_gmt":"2026-05-01T16:16:15","slug":"orient-classic-sun-moon-ra-ak0804y30b","status":"publish","type":"product","link":"https:\/\/ceasuri.md\/ru\/shop\/branduri\/orient\/orient-classic-sun-moon-ra-ak0804y30b\/","title":{"rendered":"\u0427\u0430\u0441\u044b ORIENT CLASSIC Sun &#038; Moon RA-AK0804Y30B"},"content":{"rendered":"<p>Acest ceas b\u0103rb\u0103tesc din legendara colec\u021bie Sun and Moon combin\u0103 stilul clasic cu o mecanic\u0103 sofisticat\u0103, creat\u0103 pentru adev\u0103ra\u021bii cunosc\u0103tori ai orologeriei.<\/p>\n<p>Caracteristica unic\u0103 a acestui model const\u0103 \u00een cadranul s\u0103u multistratificat: arhitectura sa cu trei straturi \u00eei confer\u0103 un volum \u0219i o profunzime vizual\u0103 incredibile.<\/p>\n<p>Aranjamentul asimetric al indicatorilor &#8211; discul rotativ \u201esoare \u0219i lun\u0103\u201d \u0219i indicatorul zilei s\u0103pt\u0103m\u00e2nii &#8211; confer\u0103 acestui accesoriu un caracter unic \u0219i un stil recognoscibil. Discul rotativ de 24 de ore afi\u0219eaz\u0103 trecerea zilei \u0219i a nop\u021bii, \u00een timp ce cifrele romane clasice, asociate cu o elegant\u0103 pist\u0103 dubl\u0103 pentru minute, subliniaz\u0103 designul aristocratic.<\/p>\n<p>Acest ceas este echipat cu un calibru automat fiabil, cu func\u021bie de \u00eentoarcere manual\u0103, asigur\u00e2nd precizie \u0219i o rezerv\u0103 de putere de 40 de ore pentru o utilizare zilnic\u0103 sigur\u0103.<\/p>\n<p>Acest accesoriu transform\u0103 citirea orei \u00een contemplarea unor scene magice.<\/p>","protected":false},"excerpt":{"rendered":"<p>Acest ceas b\u0103rb\u0103tesc din legendara colec\u021bie Sun and Moon combin\u0103 stilul clasic cu o mecanic\u0103 sofisticat\u0103, creat\u0103 pentru adev\u0103ra\u021bii cunosc\u0103tori ai orologeriei. Caracteristica unic\u0103 a acestui model const\u0103 \u00een cadranul s\u0103u multistratificat: arhitectura sa cu trei straturi \u00eei confer\u0103 un volum \u0219i o profunzime vizual\u0103 incredibile. Aranjamentul asimetric al indicatorilor &#8211; discul rotativ \u201esoare \u0219i [&hellip;]<\/p>\n","protected":false},"featured_media":57631,"comment_status":"closed","ping_status":"open","template":"","meta":{"_acf_changed":false},"product_brand":[],"product_cat":[20,596],"product_tag":[],"class_list":{"0":"post-57630","1":"product","2":"type-product","3":"status-publish","4":"has-post-thumbnail","6":"product_cat-ceasuri-barbati","7":"product_cat-orient","8":"pa_brand-orient","9":"pa_braslet-piele","10":"pa_corpus-42-mm","11":"pa_forma-rotund","12":"pa_funcii-data","13":"pa_funcii-daynight","14":"pa_funcii-ziua-saptamanii","15":"pa_garatia-24-luni","16":"pa_korpus-argintiu","17":"pa_material-otel-inoxidabil","18":"pa_mehanizm-mecanic","19":"pa_mehanizm-mecanism-automatic","20":"pa_remeshok-maro","21":"pa_steklo-cristal-mineral","22":"pa_strana-japonia","23":"pa_voda-3-atm","25":"first","26":"instock","27":"purchasable","28":"product-type-simple"},"acf":[],"_links":{"self":[{"href":"https:\/\/ceasuri.md\/ru\/wp-json\/wp\/v2\/product\/57630","targetHints":{"allow":["GET"]}}],"collection":[{"href":"https:\/\/ceasuri.md\/ru\/wp-json\/wp\/v2\/product"}],"about":[{"href":"https:\/\/ceasuri.md\/ru\/wp-json\/wp\/v2\/types\/product"}],"replies":[{"embeddable":true,"href":"https:\/\/ceasuri.md\/ru\/wp-json\/wp\/v2\/comments?post=57630"}],"wp:featuredmedia":[{"embeddable":true,"href":"https:\/\/ceasuri.md\/ru\/wp-json\/wp\/v2\/media\/57631"}],"wp:attachment":[{"href":"https:\/\/ceasuri.md\/ru\/wp-json\/wp\/v2\/media?parent=57630"}],"wp:term":[{"taxonomy":"product_brand","embeddable":true,"href":"https:\/\/ceasuri.md\/ru\/wp-json\/wp\/v2\/product_brand?post=57630"},{"taxonomy":"product_cat","embeddable":true,"href":"https:\/\/ceasuri.md\/ru\/wp-json\/wp\/v2\/product_cat?post=57630"},{"taxonomy":"product_tag","embeddable":true,"href":"https:\/\/ceasuri.md\/ru\/wp-json\/wp\/v2\/product_tag?post=57630"}],"curies":[{"name":"wp","href":"https:\/\/api.w.org\/{rel}","templated":true}]}}