{"id":57625,"date":"2024-12-16T08:07:50","date_gmt":"2024-12-16T06:07:50","guid":{"rendered":"http:\/\/new.ceasuri.md\/shop\/uncategorized\/orient-contemporary-semi-skeleton-ra-ar0007s30b\/"},"modified":"2026-05-01T19:16:12","modified_gmt":"2026-05-01T16:16:12","slug":"orient-contemporary-semi-skeleton-ra-ar0007s30b","status":"publish","type":"product","link":"https:\/\/ceasuri.md\/ru\/shop\/branduri\/orient\/orient-contemporary-semi-skeleton-ra-ar0007s30b\/","title":{"rendered":"\u0427\u0430\u0441\u044b ORIENT CONTEMPORARY Semi Skeleton RA-AR0007S30B"},"content":{"rendered":"<p>Semi Skeleton are un cadran unic, cu o fereastr\u0103 deschis\u0103 la ora 9, care acoper\u0103 subcadranul mic pentru secunde la ora 6, \u0219i o carcas\u0103 care eman\u0103 o senza\u021bie de soliditate. Stilul s\u0103u contemporan a f\u0103cut din Semi Skeleton unul dintre cele mai \u00eendr\u0103gite modele din lume.<\/p>\n<p>Cadranul alb \u0219i acele \u0219i indexurile orare aurii creeaz\u0103 un aspect unic care combin\u0103 c\u0103ldura \u0219i luxul. Culoarea cadranului confer\u0103 ceasului un aspect casual, f\u0103c\u00e2ndu-l deosebit de atractiv pentru un public mai t\u00e2n\u0103r.<\/p>\n<p>Acest ceas mecanic practic este ideal pentru purtarea de zi cu zi.<\/p>","protected":false},"excerpt":{"rendered":"<p>Semi Skeleton are un cadran unic, cu o fereastr\u0103 deschis\u0103 la ora 9, care acoper\u0103 subcadranul mic pentru secunde la ora 6, \u0219i o carcas\u0103 care eman\u0103 o senza\u021bie de soliditate. Stilul s\u0103u contemporan a f\u0103cut din Semi Skeleton unul dintre cele mai \u00eendr\u0103gite modele din lume. Cadranul alb \u0219i acele \u0219i indexurile orare aurii [&hellip;]<\/p>\n","protected":false},"featured_media":57626,"comment_status":"closed","ping_status":"open","template":"","meta":{"_acf_changed":false},"product_brand":[],"product_cat":[20,596],"product_tag":[],"class_list":{"0":"post-57625","1":"product","2":"type-product","3":"status-publish","4":"has-post-thumbnail","6":"product_cat-ceasuri-barbati","7":"product_cat-orient","8":"pa_brand-orient","9":"pa_braslet-otel-inoxidabil","10":"pa_corpus-41-mm","11":"pa_forma-rotund","12":"pa_funcii-offset-second-hand","13":"pa_funcii-semischelet","14":"pa_garatia-24-luni","15":"pa_korpus-auriu","16":"pa_material-otel-inoxidabil","17":"pa_mehanizm-mecanic","18":"pa_mehanizm-mecanism-automatic","19":"pa_remeshok-auriu","20":"pa_steklo-cristal-safir","21":"pa_strana-japonia","22":"pa_voda-5-atm","24":"first","25":"instock","26":"purchasable","27":"product-type-simple"},"acf":[],"_links":{"self":[{"href":"https:\/\/ceasuri.md\/ru\/wp-json\/wp\/v2\/product\/57625","targetHints":{"allow":["GET"]}}],"collection":[{"href":"https:\/\/ceasuri.md\/ru\/wp-json\/wp\/v2\/product"}],"about":[{"href":"https:\/\/ceasuri.md\/ru\/wp-json\/wp\/v2\/types\/product"}],"replies":[{"embeddable":true,"href":"https:\/\/ceasuri.md\/ru\/wp-json\/wp\/v2\/comments?post=57625"}],"wp:featuredmedia":[{"embeddable":true,"href":"https:\/\/ceasuri.md\/ru\/wp-json\/wp\/v2\/media\/57626"}],"wp:attachment":[{"href":"https:\/\/ceasuri.md\/ru\/wp-json\/wp\/v2\/media?parent=57625"}],"wp:term":[{"taxonomy":"product_brand","embeddable":true,"href":"https:\/\/ceasuri.md\/ru\/wp-json\/wp\/v2\/product_brand?post=57625"},{"taxonomy":"product_cat","embeddable":true,"href":"https:\/\/ceasuri.md\/ru\/wp-json\/wp\/v2\/product_cat?post=57625"},{"taxonomy":"product_tag","embeddable":true,"href":"https:\/\/ceasuri.md\/ru\/wp-json\/wp\/v2\/product_tag?post=57625"}],"curies":[{"name":"wp","href":"https:\/\/api.w.org\/{rel}","templated":true}]}}