{"id":57620,"date":"2026-04-03T00:41:54","date_gmt":"2026-04-02T21:41:54","guid":{"rendered":"http:\/\/new.ceasuri.md\/shop\/uncategorized\/orient-contemporary-semi-skeleton-ra-ar0009l30b\/"},"modified":"2026-04-20T01:46:58","modified_gmt":"2026-04-19T22:46:58","slug":"orient-contemporary-semi-skeleton-ra-ar0009l30b","status":"publish","type":"product","link":"https:\/\/ceasuri.md\/ru\/shop\/branduri\/orient\/orient-contemporary-semi-skeleton-ra-ar0009l30b\/","title":{"rendered":"\u0427\u0430\u0441\u044b ORIENT CONTEMPORARY Semi Skeleton RA-AR0009L30B"},"content":{"rendered":"<p>Orient Contemporary Open Heart este un ceas pentru b\u0103rba\u021bi care combin\u0103 elegan\u021ba cu caracteristici moderne.<\/p>\n<p>Cadranul albastru combinat cu plicul \u0219i br\u0103\u021bara din o\u021bel inoxidabil argintat creeaz\u0103 un aspect sofisticat.<\/p>\n<p>Mecanismul Orient F6S22 cu func\u021bie stop-secund\u0103, vizibil printr-o deschidere \u00een cadran, adaug\u0103 fine\u021be tehnic\u0103 modelului.<\/p>\n<p>Ceasul este echipat cu sticl\u0103 de safir, care ofer\u0103 protec\u021bie \u00eempotriva zg\u00e2rieturilor, iar rezisten\u021ba la ap\u0103 de p\u00e2n\u0103 la 50 de metri asigur\u0103 c\u0103 este practic \u0219i elegant pentru utilizarea zilnic\u0103.<\/p>","protected":false},"excerpt":{"rendered":"<p>Orient Contemporary Open Heart este un ceas pentru b\u0103rba\u021bi care combin\u0103 elegan\u021ba cu caracteristici moderne. Cadranul albastru combinat cu plicul \u0219i br\u0103\u021bara din o\u021bel inoxidabil argintat creeaz\u0103 un aspect sofisticat. Mecanismul Orient F6S22 cu func\u021bie stop-secund\u0103, vizibil printr-o deschidere \u00een cadran, adaug\u0103 fine\u021be tehnic\u0103 modelului. Ceasul este echipat cu sticl\u0103 de safir, care ofer\u0103 protec\u021bie [&hellip;]<\/p>\n","protected":false},"featured_media":57621,"comment_status":"closed","ping_status":"open","template":"","meta":{"_acf_changed":false},"product_brand":[],"product_cat":[20,596],"product_tag":[],"class_list":{"0":"post-57620","1":"product","2":"type-product","3":"status-publish","4":"has-post-thumbnail","6":"product_cat-ceasuri-barbati","7":"product_cat-orient","8":"pa_brand-orient","9":"pa_braslet-otel-inoxidabil","10":"pa_corpus-41-mm","11":"pa_forma-rotund","12":"pa_funcii-offset-second-hand","13":"pa_funcii-semischelet","14":"pa_garatia-24-luni","15":"pa_korpus-argintiu","16":"pa_material-otel-inoxidabil","17":"pa_mehanizm-mecanic","18":"pa_mehanizm-mecanism-automatic","19":"pa_remeshok-argintiu","20":"pa_steklo-cristal-safir","21":"pa_strana-japonia","22":"pa_voda-5-atm","24":"first","25":"outofstock","26":"purchasable","27":"product-type-simple"},"acf":[],"_links":{"self":[{"href":"https:\/\/ceasuri.md\/ru\/wp-json\/wp\/v2\/product\/57620","targetHints":{"allow":["GET"]}}],"collection":[{"href":"https:\/\/ceasuri.md\/ru\/wp-json\/wp\/v2\/product"}],"about":[{"href":"https:\/\/ceasuri.md\/ru\/wp-json\/wp\/v2\/types\/product"}],"replies":[{"embeddable":true,"href":"https:\/\/ceasuri.md\/ru\/wp-json\/wp\/v2\/comments?post=57620"}],"wp:featuredmedia":[{"embeddable":true,"href":"https:\/\/ceasuri.md\/ru\/wp-json\/wp\/v2\/media\/57621"}],"wp:attachment":[{"href":"https:\/\/ceasuri.md\/ru\/wp-json\/wp\/v2\/media?parent=57620"}],"wp:term":[{"taxonomy":"product_brand","embeddable":true,"href":"https:\/\/ceasuri.md\/ru\/wp-json\/wp\/v2\/product_brand?post=57620"},{"taxonomy":"product_cat","embeddable":true,"href":"https:\/\/ceasuri.md\/ru\/wp-json\/wp\/v2\/product_cat?post=57620"},{"taxonomy":"product_tag","embeddable":true,"href":"https:\/\/ceasuri.md\/ru\/wp-json\/wp\/v2\/product_tag?post=57620"}],"curies":[{"name":"wp","href":"https:\/\/api.w.org\/{rel}","templated":true}]}}