{"id":57607,"date":"2024-12-16T08:07:49","date_gmt":"2024-12-16T06:07:49","guid":{"rendered":"http:\/\/new.ceasuri.md\/shop\/uncategorized\/orient-star-sports-diver-limited-edition-re-au0306l00b\/"},"modified":"2026-05-01T19:16:07","modified_gmt":"2026-05-01T16:16:07","slug":"orient-star-sports-diver-limited-edition-re-au0306l00b","status":"publish","type":"product","link":"https:\/\/ceasuri.md\/ru\/shop\/branduri\/orient-star\/orient-star-sports-diver-limited-edition-re-au0306l00b\/","title":{"rendered":"\u0427\u0430\u0441\u044b ORIENT STAR SPORTS Diver Limited Edition RE-AU0306L00B"},"content":{"rendered":"<p>Ceasul b\u0103rb\u0103tesc Orient Star din colec\u021bia Sport Diver este o combina\u021bie perfect\u0103 \u00eentre spiritul sportiv \u0219i orologeria japonez\u0103, creat pentru b\u0103rba\u021bii hot\u0103r\u00e2\u021bi care duc un stil de via\u021b\u0103 activ.<\/p>\n<p>Caracteristica distinctiv\u0103 a modelului este cadranul albastru intens, care \u00ee\u0219i dezv\u0103luie \u00eentreaga culoare sub cristalul de safir antireflexiv, elimin\u00e2nd orice distorsiune chiar \u0219i \u00een lumina puternic\u0103 a soarelui.<\/p>\n<p>Carcasa masiv\u0103 din o\u021bel inoxidabil, cu o combina\u021bie de suprafe\u021be mate \u0219i lustruite, confer\u0103 ceasului un aspect puternic, dar elegant.<\/p>\n<p>Acest ceas este conceput s\u0103 reziste la condi\u021bii extreme: rezisten\u021ba impresionant\u0103 la ap\u0103 p\u00e2n\u0103 la 20 bar (200 de metri), coroana \u00een\u0219urubat\u0103 \u0219i luneta rotativ\u0103 unidirec\u021bional\u0103 \u00eel fac un instrument fiabil pentru profesioni\u0219ti. Ace \u0219i indexurile luminescente asigur\u0103 o lizibilitate perfect\u0103 \u00een \u00eentuneric complet, iar indicatorul caracteristic al rezervei de putere v\u0103 permite s\u0103 monitoriza\u021bi \u00eentotdeauna energia mi\u0219c\u0103rii automate.<\/p>\n<p>Acest ceas subliniaz\u0103 statutul \u0219i preg\u0103tirea proprietarului pentru orice provocare.<\/p>","protected":false},"excerpt":{"rendered":"<p>Ceasul b\u0103rb\u0103tesc Orient Star din colec\u021bia Sport Diver este o combina\u021bie perfect\u0103 \u00eentre spiritul sportiv \u0219i orologeria japonez\u0103, creat pentru b\u0103rba\u021bii hot\u0103r\u00e2\u021bi care duc un stil de via\u021b\u0103 activ. Caracteristica distinctiv\u0103 a modelului este cadranul albastru intens, care \u00ee\u0219i dezv\u0103luie \u00eentreaga culoare sub cristalul de safir antireflexiv, elimin\u00e2nd orice distorsiune chiar \u0219i \u00een lumina puternic\u0103 [&hellip;]<\/p>\n","protected":false},"featured_media":57608,"comment_status":"closed","ping_status":"open","template":"","meta":{"_acf_changed":false},"product_brand":[],"product_cat":[20,106,205,598],"product_tag":[],"class_list":{"0":"post-57607","1":"product","2":"type-product","3":"status-publish","4":"has-post-thumbnail","6":"product_cat-ceasuri-barbati","7":"product_cat-ceasuri-premium","8":"product_cat-limited-edition","9":"product_cat-orient-star","10":"pa_brand-orient-star","11":"pa_braslet-otel-inoxidabil","12":"pa_braslet-silicon","13":"pa_corpus-44-mm","14":"pa_forma-rotund","15":"pa_funcii-data","16":"pa_funcii-limited-edition","17":"pa_funcii-rezerva-de-energie","18":"pa_funcii-set-cadou","19":"pa_garatia-24-luni","20":"pa_korpus-albastru-inchis","21":"pa_korpus-argintiu","22":"pa_korpus-rosu","23":"pa_material-otel-inoxidabil","24":"pa_mehanizm-mecanic","25":"pa_mehanizm-mecanism-automatic","26":"pa_remeshok-argintiu","27":"pa_steklo-cristal-safir","28":"pa_strana-japonia","29":"pa_voda-20-atm","31":"first","32":"instock","33":"purchasable","34":"product-type-simple"},"acf":[],"_links":{"self":[{"href":"https:\/\/ceasuri.md\/ru\/wp-json\/wp\/v2\/product\/57607","targetHints":{"allow":["GET"]}}],"collection":[{"href":"https:\/\/ceasuri.md\/ru\/wp-json\/wp\/v2\/product"}],"about":[{"href":"https:\/\/ceasuri.md\/ru\/wp-json\/wp\/v2\/types\/product"}],"replies":[{"embeddable":true,"href":"https:\/\/ceasuri.md\/ru\/wp-json\/wp\/v2\/comments?post=57607"}],"wp:featuredmedia":[{"embeddable":true,"href":"https:\/\/ceasuri.md\/ru\/wp-json\/wp\/v2\/media\/57608"}],"wp:attachment":[{"href":"https:\/\/ceasuri.md\/ru\/wp-json\/wp\/v2\/media?parent=57607"}],"wp:term":[{"taxonomy":"product_brand","embeddable":true,"href":"https:\/\/ceasuri.md\/ru\/wp-json\/wp\/v2\/product_brand?post=57607"},{"taxonomy":"product_cat","embeddable":true,"href":"https:\/\/ceasuri.md\/ru\/wp-json\/wp\/v2\/product_cat?post=57607"},{"taxonomy":"product_tag","embeddable":true,"href":"https:\/\/ceasuri.md\/ru\/wp-json\/wp\/v2\/product_tag?post=57607"}],"curies":[{"name":"wp","href":"https:\/\/api.w.org\/{rel}","templated":true}]}}