{"id":57602,"date":"2024-12-16T08:07:47","date_gmt":"2024-12-16T06:07:47","guid":{"rendered":"http:\/\/new.ceasuri.md\/shop\/uncategorized\/orient-star-classic-cygnus-roman-re-nd0001s00b\/"},"modified":"2026-05-01T19:16:04","modified_gmt":"2026-05-01T16:16:04","slug":"orient-star-classic-cygnus-roman-re-nd0001s00b","status":"publish","type":"product","link":"https:\/\/ceasuri.md\/ru\/shop\/branduri\/orient-star\/orient-star-classic-cygnus-roman-re-nd0001s00b\/","title":{"rendered":"\u0427\u0430\u0441\u044b ORIENT STAR CLASSIC Cygnus Roman RE-ND0001S00B"},"content":{"rendered":"<p>Ceasul de dam\u0103 Orient Star este o capodoper\u0103 a artei orologeriei, \u00eembin\u00e2nd tradi\u021biile designului clasic cu perfec\u021biunea tehnologiei moderne.<\/p>\n<p>Fereastra deschis\u0103 a cadranului permite observarea ritmului precis al mecanismului automat, transform\u00e2nd accesoriul \u00eentr-o \u00eentruchipare vie a ingineriei.<\/p>\n<p>Carcasa elegant\u0103 din o\u021bel inoxidabil, combinat\u0103 cu accente rafinate din auriu roz, confer\u0103 acestui model un farmec care va completa perfect orice \u00eencheietur\u0103 a m\u00e2inii.<\/p>\n<p>Combina\u021bia cifrelor romane clasice \u0219i o privire \u00een inima mecanismului fac din acest ceas mai mult dec\u00e2t un simplu instrument func\u021bional, ci o bijuterie rafinat\u0103.<\/p>\n<p>Acest accesoriu elegant eviden\u021biaz\u0103 gra\u021bia \u0219i gustul impecabil al proprietarei sale.<\/p>","protected":false},"excerpt":{"rendered":"<p>Ceasul de dam\u0103 Orient Star este o capodoper\u0103 a artei orologeriei, \u00eembin\u00e2nd tradi\u021biile designului clasic cu perfec\u021biunea tehnologiei moderne. Fereastra deschis\u0103 a cadranului permite observarea ritmului precis al mecanismului automat, transform\u00e2nd accesoriul \u00eentr-o \u00eentruchipare vie a ingineriei. Carcasa elegant\u0103 din o\u021bel inoxidabil, combinat\u0103 cu accente rafinate din auriu roz, confer\u0103 acestui model un farmec care [&hellip;]<\/p>\n","protected":false},"featured_media":57603,"comment_status":"closed","ping_status":"open","template":"","meta":{"_acf_changed":false},"product_brand":[],"product_cat":[25,106,598,627],"product_tag":[],"class_list":{"0":"post-57602","1":"product","2":"type-product","3":"status-publish","4":"has-post-thumbnail","6":"product_cat-ceasuri-dama","7":"product_cat-ceasuri-premium","8":"product_cat-orient-star","9":"product_cat-orient-star-x-iutecredit","10":"pa_brand-orient-star","11":"pa_braslet-otel-inoxidabil","12":"pa_corpus-31-mm","13":"pa_forma-rotund","14":"pa_funcii-semischelet","15":"pa_garatia-24-luni","16":"pa_korpus-bicolor","17":"pa_material-otel-inoxidabil","18":"pa_mehanizm-mecanic","19":"pa_mehanizm-mecanism-automatic","20":"pa_remeshok-bicolor","21":"pa_steklo-cristal-mineral","22":"pa_strana-japonia","23":"pa_voda-5-atm","25":"first","26":"instock","27":"purchasable","28":"product-type-simple"},"acf":[],"_links":{"self":[{"href":"https:\/\/ceasuri.md\/ru\/wp-json\/wp\/v2\/product\/57602","targetHints":{"allow":["GET"]}}],"collection":[{"href":"https:\/\/ceasuri.md\/ru\/wp-json\/wp\/v2\/product"}],"about":[{"href":"https:\/\/ceasuri.md\/ru\/wp-json\/wp\/v2\/types\/product"}],"replies":[{"embeddable":true,"href":"https:\/\/ceasuri.md\/ru\/wp-json\/wp\/v2\/comments?post=57602"}],"wp:featuredmedia":[{"embeddable":true,"href":"https:\/\/ceasuri.md\/ru\/wp-json\/wp\/v2\/media\/57603"}],"wp:attachment":[{"href":"https:\/\/ceasuri.md\/ru\/wp-json\/wp\/v2\/media?parent=57602"}],"wp:term":[{"taxonomy":"product_brand","embeddable":true,"href":"https:\/\/ceasuri.md\/ru\/wp-json\/wp\/v2\/product_brand?post=57602"},{"taxonomy":"product_cat","embeddable":true,"href":"https:\/\/ceasuri.md\/ru\/wp-json\/wp\/v2\/product_cat?post=57602"},{"taxonomy":"product_tag","embeddable":true,"href":"https:\/\/ceasuri.md\/ru\/wp-json\/wp\/v2\/product_tag?post=57602"}],"curies":[{"name":"wp","href":"https:\/\/api.w.org\/{rel}","templated":true}]}}