{"id":57595,"date":"2026-04-03T00:41:54","date_gmt":"2026-04-02T21:41:54","guid":{"rendered":"http:\/\/new.ceasuri.md\/shop\/uncategorized\/casio-collection-ae-1200whub-3avef\/"},"modified":"2026-04-20T01:46:47","modified_gmt":"2026-04-19T22:46:47","slug":"casio-collection-ae-1200whub-3avef","status":"publish","type":"product","link":"https:\/\/ceasuri.md\/ru\/shop\/branduri\/casio\/casio-collection-ae-1200whub-3avef\/","title":{"rendered":"\u0427\u0430\u0441\u044b CASIO COLLECTION AE-1200WHUB-3AVEF"},"content":{"rendered":"<p>Stil \u00eendr\u0103zne\u021b, func\u021bionalitate practic\u0103 &#8211; o nou\u0103 abordare a designului de ceas digital multifunc\u021bional, inspirat\u0103 de dragostea pentru gadgeturi.<\/p>\n<p>Cadranul digital din col\u021bul din st\u00e2nga sus afi\u0219eaz\u0103 constant ora, chiar \u0219i atunci c\u00e2nd utiliza\u021bi func\u021bii precum cronometrul.<\/p>\n<p>Harta lumii din col\u021bul din dreapta sus se sincronizeaz\u0103 cu ora curent\u0103 de pe ecranul LCD de dedesubt, astfel \u00eenc\u00e2t s\u0103 v\u0103 pute\u021bi urm\u0103ri cu u\u0219urin\u021b\u0103 loca\u021bia \u00een timp ce c\u0103l\u0103tori\u021bi.<\/p>\n<p>Acest ceas este echipat cu func\u021bii fiabile \u0219i practice, cum ar fi rezisten\u021b\u0103 la ap\u0103 de p\u00e2n\u0103 la 10 bari, iluminare de fundal LED, cronometru \u0219i multe altele.<\/p>","protected":false},"excerpt":{"rendered":"<p>Stil \u00eendr\u0103zne\u021b, func\u021bionalitate practic\u0103 &#8211; o nou\u0103 abordare a designului de ceas digital multifunc\u021bional, inspirat\u0103 de dragostea pentru gadgeturi. Cadranul digital din col\u021bul din st\u00e2nga sus afi\u0219eaz\u0103 constant ora, chiar \u0219i atunci c\u00e2nd utiliza\u021bi func\u021bii precum cronometrul. Harta lumii din col\u021bul din dreapta sus se sincronizeaz\u0103 cu ora curent\u0103 de pe ecranul LCD de dedesubt, [&hellip;]<\/p>\n","protected":false},"featured_media":57596,"comment_status":"closed","ping_status":"open","template":"","meta":{"_acf_changed":false},"product_brand":[],"product_cat":[27,20],"product_tag":[],"class_list":{"0":"post-57595","1":"product","2":"type-product","3":"status-publish","4":"has-post-thumbnail","6":"product_cat-casio","7":"product_cat-ceasuri-barbati","8":"pa_brand-casio","9":"pa_braslet-piele-textile","10":"pa_corpus-42x45mm","11":"pa_forma-octogonala","12":"pa_funcii-alarma","13":"pa_funcii-calendar","14":"pa_funcii-cronometru","15":"pa_funcii-iluminare","16":"pa_funcii-timp-mondial","17":"pa_garatia-24-luni","18":"pa_korpus-negru","19":"pa_kvarc-quartz","20":"pa_material-plastic","21":"pa_mehanizm-electronic","22":"pa_remeshok-negru","23":"pa_remeshok-verde","24":"pa_steklo-plastic","25":"pa_strana-japonia","26":"pa_voda-10-atm","28":"first","29":"instock","30":"purchasable","31":"product-type-simple"},"acf":[],"_links":{"self":[{"href":"https:\/\/ceasuri.md\/ru\/wp-json\/wp\/v2\/product\/57595","targetHints":{"allow":["GET"]}}],"collection":[{"href":"https:\/\/ceasuri.md\/ru\/wp-json\/wp\/v2\/product"}],"about":[{"href":"https:\/\/ceasuri.md\/ru\/wp-json\/wp\/v2\/types\/product"}],"replies":[{"embeddable":true,"href":"https:\/\/ceasuri.md\/ru\/wp-json\/wp\/v2\/comments?post=57595"}],"wp:featuredmedia":[{"embeddable":true,"href":"https:\/\/ceasuri.md\/ru\/wp-json\/wp\/v2\/media\/57596"}],"wp:attachment":[{"href":"https:\/\/ceasuri.md\/ru\/wp-json\/wp\/v2\/media?parent=57595"}],"wp:term":[{"taxonomy":"product_brand","embeddable":true,"href":"https:\/\/ceasuri.md\/ru\/wp-json\/wp\/v2\/product_brand?post=57595"},{"taxonomy":"product_cat","embeddable":true,"href":"https:\/\/ceasuri.md\/ru\/wp-json\/wp\/v2\/product_cat?post=57595"},{"taxonomy":"product_tag","embeddable":true,"href":"https:\/\/ceasuri.md\/ru\/wp-json\/wp\/v2\/product_tag?post=57595"}],"curies":[{"name":"wp","href":"https:\/\/api.w.org\/{rel}","templated":true}]}}