{"id":57591,"date":"2026-04-03T00:41:54","date_gmt":"2026-04-02T21:41:54","guid":{"rendered":"http:\/\/new.ceasuri.md\/shop\/uncategorized\/casio-edifice-efv-640d-2bvuef\/"},"modified":"2026-04-07T04:58:37","modified_gmt":"2026-04-07T01:58:37","slug":"casio-edifice-efv-640d-2bvuef","status":"publish","type":"product","link":"https:\/\/ceasuri.md\/ru\/shop\/branduri\/casio\/casio-edifice-efv-640d-2bvuef\/","title":{"rendered":"Ceas CASIO EDIFICE  EFV-640D-2BVUEF"},"content":{"rendered":"<p>Ceasul b\u0103rb\u0103tesc Casio Edifice este o combina\u021bie impecabil\u0103 de clasice atemporale \u0219i accente moderne \u00eendr\u0103zne\u021be, creat pentru b\u0103rba\u021bii care apreciaz\u0103 un stil de via\u021b\u0103 dinamic \u0219i luxul discret.<\/p>\n<p>Tr\u0103s\u0103tura distinctiv\u0103 a acestui cronograf este \u201enot\u0103 de culoare\u201d &#8211; un cadran albastru care adaug\u0103 un caracter proasp\u0103t \u0219i distinctiv designului sportiv tradi\u021bional. Acest contrast vizual izbitor transform\u0103 accesoriul \u00eentr-un detaliu remarcabil, subliniind individualitatea \u0219i \u00eencrederea \u00een sine.<\/p>\n<p>Acest ceas \u00eentruchipeaz\u0103 conceptul de \u201esofistica\u021bie simpl\u0103\u201d: exteriorul s\u0103u discret ascunde func\u021bionalitatea puternic\u0103 a unui cronograf sport.<\/p>\n<p>Cu o rezisten\u021b\u0103 la ap\u0103 de 10 bari, acest model este gata s\u0103 v\u0103 \u00eenso\u021beasc\u0103 de la \u00eent\u00e2lniri de afaceri la activit\u0103\u021bi de agrement, asigur\u00e2nd fiabilitate \u00een orice situa\u021bie.<\/p>","protected":false},"excerpt":{"rendered":"<p>Ceasul b\u0103rb\u0103tesc Casio Edifice este o combina\u021bie impecabil\u0103 de clasice atemporale \u0219i accente moderne \u00eendr\u0103zne\u021be, creat pentru b\u0103rba\u021bii care apreciaz\u0103 un stil de via\u021b\u0103 dinamic \u0219i luxul discret. Tr\u0103s\u0103tura distinctiv\u0103 a acestui cronograf este \u201enot\u0103 de culoare\u201d &#8211; un cadran albastru care adaug\u0103 un caracter proasp\u0103t \u0219i distinctiv designului sportiv tradi\u021bional. Acest contrast vizual izbitor [&hellip;]<\/p>\n","protected":false},"featured_media":57592,"comment_status":"closed","ping_status":"open","template":"","meta":{"_acf_changed":false},"product_brand":[],"product_cat":[27,20,536],"product_tag":[],"class_list":{"0":"post-57591","1":"product","2":"type-product","3":"status-publish","4":"has-post-thumbnail","6":"product_cat-casio","7":"product_cat-ceasuri-barbati","8":"product_cat-edifice","9":"pa_brand-casio","10":"pa_brand-edifice","11":"pa_braslet-otel-inoxidabil","12":"pa_corpus-44-mm","13":"pa_forma-octogonala","14":"pa_funcii-cronograf","15":"pa_funcii-data","16":"pa_garatia-24-luni","17":"pa_korpus-argintiu","18":"pa_material-otel-inoxidabil","19":"pa_mehanizm-quartz","20":"pa_remeshok-argintiu","21":"pa_steklo-cristal-mineral","22":"pa_strana-japonia","23":"pa_voda-10-atm","25":"first","26":"instock","27":"purchasable","28":"product-type-simple"},"acf":[],"_links":{"self":[{"href":"https:\/\/ceasuri.md\/ru\/wp-json\/wp\/v2\/product\/57591","targetHints":{"allow":["GET"]}}],"collection":[{"href":"https:\/\/ceasuri.md\/ru\/wp-json\/wp\/v2\/product"}],"about":[{"href":"https:\/\/ceasuri.md\/ru\/wp-json\/wp\/v2\/types\/product"}],"replies":[{"embeddable":true,"href":"https:\/\/ceasuri.md\/ru\/wp-json\/wp\/v2\/comments?post=57591"}],"wp:featuredmedia":[{"embeddable":true,"href":"https:\/\/ceasuri.md\/ru\/wp-json\/wp\/v2\/media\/57592"}],"wp:attachment":[{"href":"https:\/\/ceasuri.md\/ru\/wp-json\/wp\/v2\/media?parent=57591"}],"wp:term":[{"taxonomy":"product_brand","embeddable":true,"href":"https:\/\/ceasuri.md\/ru\/wp-json\/wp\/v2\/product_brand?post=57591"},{"taxonomy":"product_cat","embeddable":true,"href":"https:\/\/ceasuri.md\/ru\/wp-json\/wp\/v2\/product_cat?post=57591"},{"taxonomy":"product_tag","embeddable":true,"href":"https:\/\/ceasuri.md\/ru\/wp-json\/wp\/v2\/product_tag?post=57591"}],"curies":[{"name":"wp","href":"https:\/\/api.w.org\/{rel}","templated":true}]}}