{"id":57581,"date":"2026-04-03T00:41:54","date_gmt":"2026-04-02T21:41:54","guid":{"rendered":"http:\/\/new.ceasuri.md\/shop\/uncategorized\/casio-g-shock-gm-s2110-4aer\/"},"modified":"2026-04-20T01:46:49","modified_gmt":"2026-04-19T22:46:49","slug":"casio-g-shock-gm-s2110-4aer","status":"publish","type":"product","link":"https:\/\/ceasuri.md\/ru\/shop\/branduri\/casio\/casio-g-shock-gm-s2110-4aer\/","title":{"rendered":"\u0427\u0430\u0441\u044b CASIO G-SHOCK GM-S2110-4AER"},"content":{"rendered":"<p>O pies\u0103 elegant\u0103 \u0219i contemporan\u0103, care combin\u0103 forma octogonal\u0103 iconic\u0103 cu o carcas\u0103 din o\u021bel premium.<\/p>\n<p>Caracteristica unic\u0103 a acestui model const\u0103 \u00een ergonomia sa excep\u021bional\u0103, conceput\u0103 special pentru cei cu \u00eencheieturi sub\u021biri. Cu o lunet\u0103 rafinat\u0103, indicatori de or\u0103 minimalisti \u0219i o curea mai scurt\u0103, ceasul asigur\u0103 confort \u0219i o potrivire perfect\u0103, devenind o extensie natural\u0103 a m\u00e2inii tale.<\/p>\n<p>Filosofia ecologic\u0103 a modelului este deosebit de remarcabil\u0103: cureaua este fabricat\u0103 folosind bioplastic inovator derivat din resurse organice regenerabile, minimiz\u00e2nd impactul asupra mediului.<\/p>\n<p>Cadranul roz, asociat cu cureaua neagr\u0103, adaug\u0103 un accent izbitor oric\u0103rui look &#8211; de la \u021binuta business formal\u0103 la stilul street relaxat.<\/p>\n<p>Acest ceas combin\u0103 durabilitatea legendar\u0103 cu o estetic\u0103 sofisticat\u0103.<\/p>","protected":false},"excerpt":{"rendered":"<p>O pies\u0103 elegant\u0103 \u0219i contemporan\u0103, care combin\u0103 forma octogonal\u0103 iconic\u0103 cu o carcas\u0103 din o\u021bel premium. Caracteristica unic\u0103 a acestui model const\u0103 \u00een ergonomia sa excep\u021bional\u0103, conceput\u0103 special pentru cei cu \u00eencheieturi sub\u021biri. Cu o lunet\u0103 rafinat\u0103, indicatori de or\u0103 minimalisti \u0219i o curea mai scurt\u0103, ceasul asigur\u0103 confort \u0219i o potrivire perfect\u0103, devenind o [&hellip;]<\/p>\n","protected":false},"featured_media":57582,"comment_status":"closed","ping_status":"open","template":"","meta":{"_acf_changed":false},"product_brand":[],"product_cat":[27,25,419],"product_tag":[],"class_list":{"0":"post-57581","1":"product","2":"type-product","3":"status-publish","4":"has-post-thumbnail","6":"product_cat-casio","7":"product_cat-ceasuri-dama","8":"product_cat-g-shock","9":"pa_brand-casio","10":"pa_brand-g-shock","11":"pa_braslet-plastic","12":"pa_corpus-41x46mm","13":"pa_forma-octogonala","14":"pa_funcii-alarma","15":"pa_funcii-calendar","16":"pa_funcii-cronometru","17":"pa_funcii-iluminare","18":"pa_funcii-timp-mondial","19":"pa_garatia-24-luni","20":"pa_korpus-argintiu","21":"pa_kvarc-quartz","22":"pa_material-otel-inoxidabil","23":"pa_material-plastic","24":"pa_mehanizm-electronic","25":"pa_mehanizm-quartz","26":"pa_remeshok-negru","27":"pa_steklo-cristal-mineral","28":"pa_strana-japonia","29":"pa_voda-20-atm","31":"first","32":"instock","33":"purchasable","34":"product-type-simple"},"acf":[],"_links":{"self":[{"href":"https:\/\/ceasuri.md\/ru\/wp-json\/wp\/v2\/product\/57581","targetHints":{"allow":["GET"]}}],"collection":[{"href":"https:\/\/ceasuri.md\/ru\/wp-json\/wp\/v2\/product"}],"about":[{"href":"https:\/\/ceasuri.md\/ru\/wp-json\/wp\/v2\/types\/product"}],"replies":[{"embeddable":true,"href":"https:\/\/ceasuri.md\/ru\/wp-json\/wp\/v2\/comments?post=57581"}],"wp:featuredmedia":[{"embeddable":true,"href":"https:\/\/ceasuri.md\/ru\/wp-json\/wp\/v2\/media\/57582"}],"wp:attachment":[{"href":"https:\/\/ceasuri.md\/ru\/wp-json\/wp\/v2\/media?parent=57581"}],"wp:term":[{"taxonomy":"product_brand","embeddable":true,"href":"https:\/\/ceasuri.md\/ru\/wp-json\/wp\/v2\/product_brand?post=57581"},{"taxonomy":"product_cat","embeddable":true,"href":"https:\/\/ceasuri.md\/ru\/wp-json\/wp\/v2\/product_cat?post=57581"},{"taxonomy":"product_tag","embeddable":true,"href":"https:\/\/ceasuri.md\/ru\/wp-json\/wp\/v2\/product_tag?post=57581"}],"curies":[{"name":"wp","href":"https:\/\/api.w.org\/{rel}","templated":true}]}}