{"id":57284,"date":"2024-12-10T10:30:36","date_gmt":"2024-12-10T08:30:36","guid":{"rendered":"http:\/\/new.ceasuri.md\/shop\/uncategorized\/ice-watch-ice-boliday-023324\/"},"modified":"2026-05-01T19:14:03","modified_gmt":"2026-05-01T16:14:03","slug":"ice-watch-ice-boliday-023324","status":"publish","type":"product","link":"https:\/\/ceasuri.md\/ru\/shop\/branduri\/ice-watch\/ice-watch-ice-boliday-023324\/","title":{"rendered":"ICE-WATCH ICE boliday 023324"},"content":{"rendered":"<p>Ice-Watch nu este doar un dispozitiv pentru m\u0103surarea timpului, ci \u0219i un accesoriu elegant \u0219i o parte a imaginii. Ice-Watch \u0219i-a \u00eenceput activitatea \u00een 2007 \u00een Belgia. Ast\u0103zi, ceasurile acestui brand pot fi achizi\u021bionate \u00een peste 80 de \u021b\u0103ri, de pe toate continentele.<\/p>\n<p>Caracteristica principal\u0103 a ceasurilor acestui brand este un design \u00een culori vii. \u00centreaga palet\u0103 de culori pentru imaginea ta! Aceste ceasuri sunt preg\u0103tite pentru experimentare! S\u0103 ne juc\u0103m cu culorile!<\/p>\n<p>Combinarea articolelor foarte scumpe cu cele mai accesibile este deosebit de popular\u0103 ast\u0103zi. Pre\u021bul accesibil al Ice-Watch \u00eenseamn\u0103 c\u0103 oricine \u00ee\u0219i poate permite s\u0103 cumpere mai multe modele deodat\u0103, pe care le va schimba \u00een func\u021bie de starea de spirit \u0219i de stilul vestimentar.<\/p>\n<p>Motto-ul Ice-Watch este \u201eSchimb\u0103, pentru c\u0103 po\u021bi\u201d!<\/p>\n<p>Acest ceas ultramodern pentru copii, distractiv \u0219i confortabil de purtat datorit\u0103 curelei din silicon \u0219i carcasei u\u0219oare din plastic, \u00eel va face pe copilul dumneavoastr\u0103 cel mai cool de pe terenul de joac\u0103. Cu nuan\u021be de albastru marin \u0219i galben str\u0103lucitor, acest ceas este conceput pentru a-l scoate \u00een eviden\u021b\u0103 pe copilul dumneavoastr\u0103. Un accesoriu esen\u021bial pentru oricine \u00ee\u0219i dore\u0219te s\u0103 fie la fel de stilat \u0219i elegant ca p\u0103rin\u021bii s\u0103i.<\/p>","protected":false},"excerpt":{"rendered":"<p>Ice-Watch nu este doar un dispozitiv pentru m\u0103surarea timpului, ci \u0219i un accesoriu elegant \u0219i o parte a imaginii. Ice-Watch \u0219i-a \u00eenceput activitatea \u00een 2007 \u00een Belgia. Ast\u0103zi, ceasurile acestui brand pot fi achizi\u021bionate \u00een peste 80 de \u021b\u0103ri, de pe toate continentele. Caracteristica principal\u0103 a ceasurilor acestui brand este un design \u00een culori vii. [&hellip;]<\/p>\n","protected":false},"featured_media":57285,"comment_status":"closed","ping_status":"open","template":"","meta":{"_acf_changed":false},"product_brand":[],"product_cat":[635,566],"product_tag":[],"class_list":{"0":"post-57284","1":"product","2":"type-product","3":"status-publish","4":"has-post-thumbnail","6":"product_cat-ice-watch","7":"product_cat-pentru-barbati","8":"pa_brand-ice-watch","9":"pa_braslet-silicon","10":"pa_corpus-35-mm","11":"pa_forma-butoi","12":"pa_garatia-24-luni","13":"pa_korpus-albastru-inchis","14":"pa_korpus-galben","15":"pa_kvarc-quartz","16":"pa_material-plastic","17":"pa_mehanizm-quartz","18":"pa_remeshok-albastru-inchis","19":"pa_remeshok-galben","20":"pa_steklo-cristal-mineral","21":"pa_strana-belgia","22":"pa_voda-3-atm","24":"first","25":"instock","26":"purchasable","27":"product-type-simple"},"acf":[],"_links":{"self":[{"href":"https:\/\/ceasuri.md\/ru\/wp-json\/wp\/v2\/product\/57284","targetHints":{"allow":["GET"]}}],"collection":[{"href":"https:\/\/ceasuri.md\/ru\/wp-json\/wp\/v2\/product"}],"about":[{"href":"https:\/\/ceasuri.md\/ru\/wp-json\/wp\/v2\/types\/product"}],"replies":[{"embeddable":true,"href":"https:\/\/ceasuri.md\/ru\/wp-json\/wp\/v2\/comments?post=57284"}],"wp:featuredmedia":[{"embeddable":true,"href":"https:\/\/ceasuri.md\/ru\/wp-json\/wp\/v2\/media\/57285"}],"wp:attachment":[{"href":"https:\/\/ceasuri.md\/ru\/wp-json\/wp\/v2\/media?parent=57284"}],"wp:term":[{"taxonomy":"product_brand","embeddable":true,"href":"https:\/\/ceasuri.md\/ru\/wp-json\/wp\/v2\/product_brand?post=57284"},{"taxonomy":"product_cat","embeddable":true,"href":"https:\/\/ceasuri.md\/ru\/wp-json\/wp\/v2\/product_cat?post=57284"},{"taxonomy":"product_tag","embeddable":true,"href":"https:\/\/ceasuri.md\/ru\/wp-json\/wp\/v2\/product_tag?post=57284"}],"curies":[{"name":"wp","href":"https:\/\/api.w.org\/{rel}","templated":true}]}}