{"id":56668,"date":"2026-04-03T00:32:51","date_gmt":"2026-04-02T21:32:51","guid":{"rendered":"http:\/\/new.ceasuri.md\/shop\/uncategorized\/orient-classic-bambino-ra-ac0m14l30b\/"},"modified":"2026-04-20T01:43:36","modified_gmt":"2026-04-19T22:43:36","slug":"orient-classic-bambino-ra-ac0m14l30b","status":"publish","type":"product","link":"https:\/\/ceasuri.md\/ru\/shop\/branduri\/orient\/orient-classic-bambino-ra-ac0m14l30b\/","title":{"rendered":"\u0427\u0430\u0441\u044b ORIENT CLASSIC BAMBINO RA-AC0M14L30B"},"content":{"rendered":"<p>Classic and Simple Style este o serie popular\u0103 care a fost un bestseller \u00een \u00eentreaga lume, reprezent\u00e2nd tot ceea ce este Orient. Seria este cunoscut\u0103 pentru cadranul s\u0103u clasic tradi\u021bional, un geam bombat cu un aspect retro \u0219i un design delicat al carcasei cu anse sub\u021biri.<\/p>\n<p>Acest model exploreaz\u0103 o lume complet nou\u0103 a designului prin combinarea carcasei de 38,4 mm introdus\u0103 \u00een 2022 pentru o potrivire mai confortabil\u0103.<\/p>\n<p>Acest model este propulsat de un calibru in-house F6724 automat (cu \u00eenf\u0103\u0219urare manual\u0103) \u0219i vine cu indicatoare de or\u0103 \u0219i dat\u0103. Precizia stabil\u0103 care variaz\u0103 \u00eentre +25 secunde \u0219i -15 secunde pe zi, \u00eempreun\u0103 cu o rezerv\u0103 de putere de 40 de ore, le fac ideale pentru utilizarea zilnic\u0103.<\/p>","protected":false},"excerpt":{"rendered":"<p>Classic and Simple Style este o serie popular\u0103 care a fost un bestseller \u00een \u00eentreaga lume, reprezent\u00e2nd tot ceea ce este Orient. Seria este cunoscut\u0103 pentru cadranul s\u0103u clasic tradi\u021bional, un geam bombat cu un aspect retro \u0219i un design delicat al carcasei cu anse sub\u021biri. Acest model exploreaz\u0103 o lume complet nou\u0103 a designului [&hellip;]<\/p>\n","protected":false},"featured_media":56669,"comment_status":"closed","ping_status":"open","template":"","meta":{"_acf_changed":false},"product_brand":[],"product_cat":[20,596],"product_tag":[],"class_list":{"0":"post-56668","1":"product","2":"type-product","3":"status-publish","4":"has-post-thumbnail","6":"product_cat-ceasuri-barbati","7":"product_cat-orient","8":"pa_brand-orient","9":"pa_braslet-piele","10":"pa_corpus-38-mm","11":"pa_forma-rotund","12":"pa_funcii-data","13":"pa_garatia-24-luni","14":"pa_korpus-argintiu","15":"pa_material-otel-inoxidabil","16":"pa_mehanizm-mecanic","17":"pa_mehanizm-mecanism-automatic","18":"pa_remeshok-maro","19":"pa_steklo-cristal-mineral","20":"pa_strana-japonia","21":"pa_voda-3-atm","23":"first","24":"instock","25":"purchasable","26":"product-type-simple"},"acf":[],"_links":{"self":[{"href":"https:\/\/ceasuri.md\/ru\/wp-json\/wp\/v2\/product\/56668","targetHints":{"allow":["GET"]}}],"collection":[{"href":"https:\/\/ceasuri.md\/ru\/wp-json\/wp\/v2\/product"}],"about":[{"href":"https:\/\/ceasuri.md\/ru\/wp-json\/wp\/v2\/types\/product"}],"replies":[{"embeddable":true,"href":"https:\/\/ceasuri.md\/ru\/wp-json\/wp\/v2\/comments?post=56668"}],"wp:featuredmedia":[{"embeddable":true,"href":"https:\/\/ceasuri.md\/ru\/wp-json\/wp\/v2\/media\/56669"}],"wp:attachment":[{"href":"https:\/\/ceasuri.md\/ru\/wp-json\/wp\/v2\/media?parent=56668"}],"wp:term":[{"taxonomy":"product_brand","embeddable":true,"href":"https:\/\/ceasuri.md\/ru\/wp-json\/wp\/v2\/product_brand?post=56668"},{"taxonomy":"product_cat","embeddable":true,"href":"https:\/\/ceasuri.md\/ru\/wp-json\/wp\/v2\/product_cat?post=56668"},{"taxonomy":"product_tag","embeddable":true,"href":"https:\/\/ceasuri.md\/ru\/wp-json\/wp\/v2\/product_tag?post=56668"}],"curies":[{"name":"wp","href":"https:\/\/api.w.org\/{rel}","templated":true}]}}