{"id":56663,"date":"2026-04-03T00:32:51","date_gmt":"2026-04-02T21:32:51","guid":{"rendered":"http:\/\/new.ceasuri.md\/shop\/uncategorized\/orient-classic-bambino-ra-ac0p04y30b\/"},"modified":"2026-04-20T01:43:36","modified_gmt":"2026-04-19T22:43:36","slug":"orient-classic-bambino-ra-ac0p04y30b","status":"publish","type":"product","link":"https:\/\/ceasuri.md\/ru\/shop\/branduri\/orient\/orient-classic-bambino-ra-ac0p04y30b\/","title":{"rendered":"\u0427\u0430\u0441\u044b ORIENT CLASSIC BAMBINO RA-AC0P04Y30B"},"content":{"rendered":"<p>Ceasul b\u0103rb\u0103tesc Orient Bambino este o interpretare modern\u0103 a unui clasic, creat pentru b\u0103rba\u021bii care apreciaz\u0103 stilul impecabil \u0219i fiabilitatea tehnologiei japoneze.<\/p>\n<p>Cadranul maro, combinat cu o carcas\u0103 aurie roz, confer\u0103 acestui accesoriu un caracter vintage unic \u0219i c\u0103ldur\u0103. Acest design subliniaz\u0103 individualitatea proprietarului \u0219i angajamentul s\u0103u fa\u021b\u0103 de tradi\u021biile orologeriei fine.<\/p>\n<p>Cureaua moale din piele maro \u0219i carcasa ergonomic\u0103 din o\u021bel inoxidabil garanteaz\u0103 un confort excep\u021bional pentru purtarea de zi cu zi.<\/p>\n<p>Acesta nu este doar un ceas original, ci un accesoriu cu adev\u0103rat elegant, care poate ad\u0103uga nota final\u0103 at\u00e2t unui look business formal, c\u00e2t \u0219i unei \u021binute casual.<\/p>\n<p>Dac\u0103 sunte\u021bi \u00een c\u0103utarea cadoului perfect care combin\u0103 armonios perfec\u021biunea estetic\u0103 \u0219i priceperea tehnic\u0103, legendarul model Bambino este alegerea perfect\u0103.<\/p>","protected":false},"excerpt":{"rendered":"<p>Ceasul b\u0103rb\u0103tesc Orient Bambino este o interpretare modern\u0103 a unui clasic, creat pentru b\u0103rba\u021bii care apreciaz\u0103 stilul impecabil \u0219i fiabilitatea tehnologiei japoneze. Cadranul maro, combinat cu o carcas\u0103 aurie roz, confer\u0103 acestui accesoriu un caracter vintage unic \u0219i c\u0103ldur\u0103. Acest design subliniaz\u0103 individualitatea proprietarului \u0219i angajamentul s\u0103u fa\u021b\u0103 de tradi\u021biile orologeriei fine. Cureaua moale din [&hellip;]<\/p>\n","protected":false},"featured_media":56664,"comment_status":"closed","ping_status":"open","template":"","meta":{"_acf_changed":false},"product_brand":[],"product_cat":[20,596],"product_tag":[],"class_list":{"0":"post-56663","1":"product","2":"type-product","3":"status-publish","4":"has-post-thumbnail","6":"product_cat-ceasuri-barbati","7":"product_cat-orient","8":"pa_brand-orient","9":"pa_braslet-piele","10":"pa_corpus-42-mm","11":"pa_forma-rotund","12":"pa_funcii-data","13":"pa_garatia-24-luni","14":"pa_korpus-roz-gold","15":"pa_material-otel-inoxidabil","16":"pa_mehanizm-mecanic","17":"pa_mehanizm-mecanism-automatic","18":"pa_remeshok-maro","19":"pa_steklo-cristal-mineral","20":"pa_strana-japonia","21":"pa_voda-3-atm","23":"first","24":"instock","25":"purchasable","26":"product-type-simple"},"acf":[],"_links":{"self":[{"href":"https:\/\/ceasuri.md\/ru\/wp-json\/wp\/v2\/product\/56663","targetHints":{"allow":["GET"]}}],"collection":[{"href":"https:\/\/ceasuri.md\/ru\/wp-json\/wp\/v2\/product"}],"about":[{"href":"https:\/\/ceasuri.md\/ru\/wp-json\/wp\/v2\/types\/product"}],"replies":[{"embeddable":true,"href":"https:\/\/ceasuri.md\/ru\/wp-json\/wp\/v2\/comments?post=56663"}],"wp:featuredmedia":[{"embeddable":true,"href":"https:\/\/ceasuri.md\/ru\/wp-json\/wp\/v2\/media\/56664"}],"wp:attachment":[{"href":"https:\/\/ceasuri.md\/ru\/wp-json\/wp\/v2\/media?parent=56663"}],"wp:term":[{"taxonomy":"product_brand","embeddable":true,"href":"https:\/\/ceasuri.md\/ru\/wp-json\/wp\/v2\/product_brand?post=56663"},{"taxonomy":"product_cat","embeddable":true,"href":"https:\/\/ceasuri.md\/ru\/wp-json\/wp\/v2\/product_cat?post=56663"},{"taxonomy":"product_tag","embeddable":true,"href":"https:\/\/ceasuri.md\/ru\/wp-json\/wp\/v2\/product_tag?post=56663"}],"curies":[{"name":"wp","href":"https:\/\/api.w.org\/{rel}","templated":true}]}}