{"id":56650,"date":"2026-04-03T00:32:04","date_gmt":"2026-04-02T21:32:04","guid":{"rendered":"http:\/\/new.ceasuri.md\/shop\/uncategorized\/orient-classic-sun-moon-ra-ak0010b30b\/"},"modified":"2026-04-20T01:43:37","modified_gmt":"2026-04-19T22:43:37","slug":"orient-classic-sun-moon-ra-ak0010b30b","status":"publish","type":"product","link":"https:\/\/ceasuri.md\/ru\/shop\/branduri\/orient\/orient-classic-sun-moon-ra-ak0010b30b\/","title":{"rendered":"\u0427\u0430\u0441\u044b ORIENT CLASSIC Sun &amp; Moon RA-AK0010B30B"},"content":{"rendered":"<p>Colec\u021bia Sun &amp; Moon atrage aten\u021bia prin calibrele mecanice, decora\u021biunile interesante \u0219i complica\u021biile, dar \u00een primul r\u00e2nd, desigur, prin cadranul cu Soarele \u0219i Luna (ceea ce rezult\u0103 logic din denumire). Nu este un calendar lunar, f\u0103r\u0103 fazele Lunii sau calcule complexe, ci o reprezentare stilistic\u0103 foarte frumoas\u0103 a schimb\u0103rii dintre zi \u0219i noapte.<\/p>\n<p>Datorit\u0103 sticlei u\u0219or bombate, unghiul de vizualizare este pu\u021bin m\u0103rit \u2014 chiar \u0219i privit din lateral, sub un unghi mic, se poate vedea cadranul cu detaliile sale decorative: de la luna lustruit\u0103 p\u00e2n\u0103 la punctele separate deasupra fiec\u0103rei marcaje orare.<\/p>\n<p>Acesta este unul dintre acele ceasuri \u00een care combina\u021bia de detalii mici, dar atent g\u00e2ndite \u0219i importante, precum \u0219i designul lor atrag constant aten\u021bia. Mecanismul japonez de calitate \u0219i, desigur, sticla de safir \u2014 o combina\u021bie excelent\u0103 \u00een aceast\u0103 categorie de pre\u021b.<\/p>","protected":false},"excerpt":{"rendered":"<p>Colec\u021bia Sun &amp; Moon atrage aten\u021bia prin calibrele mecanice, decora\u021biunile interesante \u0219i complica\u021biile, dar \u00een primul r\u00e2nd, desigur, prin cadranul cu Soarele \u0219i Luna (ceea ce rezult\u0103 logic din denumire). Nu este un calendar lunar, f\u0103r\u0103 fazele Lunii sau calcule complexe, ci o reprezentare stilistic\u0103 foarte frumoas\u0103 a schimb\u0103rii dintre zi \u0219i noapte. Datorit\u0103 sticlei [&hellip;]<\/p>\n","protected":false},"featured_media":56651,"comment_status":"closed","ping_status":"open","template":"","meta":{"_acf_changed":false},"product_brand":[],"product_cat":[20,596],"product_tag":[],"class_list":{"0":"post-56650","1":"product","2":"type-product","3":"status-publish","4":"has-post-thumbnail","6":"product_cat-ceasuri-barbati","7":"product_cat-orient","8":"pa_brand-orient","9":"pa_braslet-piele","10":"pa_corpus-43-mm","11":"pa_forma-rotund","12":"pa_funcii-data","13":"pa_funcii-daynight","14":"pa_funcii-ziua-saptamanii","15":"pa_garatia-24-luni","16":"pa_korpus-argintiu","17":"pa_material-otel-inoxidabil","18":"pa_mehanizm-mecanic","19":"pa_mehanizm-mecanism-automatic","20":"pa_remeshok-negru","21":"pa_steklo-cristal-safir","22":"pa_strana-japonia","23":"pa_voda-5-atm","25":"first","26":"instock","27":"purchasable","28":"product-type-simple"},"acf":[],"_links":{"self":[{"href":"https:\/\/ceasuri.md\/ru\/wp-json\/wp\/v2\/product\/56650","targetHints":{"allow":["GET"]}}],"collection":[{"href":"https:\/\/ceasuri.md\/ru\/wp-json\/wp\/v2\/product"}],"about":[{"href":"https:\/\/ceasuri.md\/ru\/wp-json\/wp\/v2\/types\/product"}],"replies":[{"embeddable":true,"href":"https:\/\/ceasuri.md\/ru\/wp-json\/wp\/v2\/comments?post=56650"}],"wp:featuredmedia":[{"embeddable":true,"href":"https:\/\/ceasuri.md\/ru\/wp-json\/wp\/v2\/media\/56651"}],"wp:attachment":[{"href":"https:\/\/ceasuri.md\/ru\/wp-json\/wp\/v2\/media?parent=56650"}],"wp:term":[{"taxonomy":"product_brand","embeddable":true,"href":"https:\/\/ceasuri.md\/ru\/wp-json\/wp\/v2\/product_brand?post=56650"},{"taxonomy":"product_cat","embeddable":true,"href":"https:\/\/ceasuri.md\/ru\/wp-json\/wp\/v2\/product_cat?post=56650"},{"taxonomy":"product_tag","embeddable":true,"href":"https:\/\/ceasuri.md\/ru\/wp-json\/wp\/v2\/product_tag?post=56650"}],"curies":[{"name":"wp","href":"https:\/\/api.w.org\/{rel}","templated":true}]}}