{"id":56644,"date":"2026-04-03T00:32:04","date_gmt":"2026-04-02T21:32:04","guid":{"rendered":"http:\/\/new.ceasuri.md\/shop\/uncategorized\/orient-classic-sun-moon-ra-ak0801s30b\/"},"modified":"2026-04-20T01:43:37","modified_gmt":"2026-04-19T22:43:37","slug":"orient-classic-sun-moon-ra-ak0801s30b","status":"publish","type":"product","link":"https:\/\/ceasuri.md\/ru\/shop\/branduri\/orient\/orient-classic-sun-moon-ra-ak0801s30b\/","title":{"rendered":"\u0427\u0430\u0441\u044b ORIENT CLASSIC Sun &amp; Moon RA-AK0801S30B"},"content":{"rendered":"<p>Acest ceas simplu \u0219i cu un stil clasic, cu indicator de zi \u0219i noapte \u0219i m\u00e2ini de soare \u0219i lun\u0103, arat\u0103 trecerea timpului cu ajutorul unui disc de soare \u0219i lun\u0103 care se rote\u0219te la fiecare 24 de ore. Asimetria indicatorului de zi \u0219i noapte, cu soarele \u0219i luna la ora 4 \u0219i m\u00e2na zilei la ora 10, confer\u0103 fe\u021bei ceasului un caracter unic. Construc\u021bia \u00een trei straturi a cadranului \u00eei confer\u0103 volum, \u00een timp ce cifrele romane populare \u0219i indicatoarele orare cu bar\u0103 \u00eentr-un stil clasic, simplu \u0219i designul elegant al sc\u0103rii duble a minutelor de pe marginea exterioar\u0103 contribuie, de asemenea, la farmecul cadranului.<\/p>\n<p>Aceast\u0103 serie este disponibil\u0103 \u00een patru variante de culori care descriu scene magice cu soarele \u0219i luna diminea\u021ba, la amiaz\u0103, seara \u0219i noaptea. Modelul cu cadran alb \u0219i carcas\u0103 placat\u0103 cu aur roz evoc\u0103 str\u0103lucirea nesf\u00e2r\u0219it\u0103 a soarelui.<\/p>\n<p>Este echipat cu calibrul automat F6B24 cu \u00eenf\u0103\u0219urare manual\u0103 \u0219i dispune de indica\u021bii de or\u0103, calendar, zi \u0219i noapte cu soarele \u0219i luna. Cu o precizie stabil\u0103 de +25 secunde p\u00e2n\u0103 la -15 secunde pe zi \u0219i o rezerv\u0103 de putere de 40 de ore, este ideal pentru utilizarea zilnic\u0103.<\/p>","protected":false},"excerpt":{"rendered":"<p>Acest ceas simplu \u0219i cu un stil clasic, cu indicator de zi \u0219i noapte \u0219i m\u00e2ini de soare \u0219i lun\u0103, arat\u0103 trecerea timpului cu ajutorul unui disc de soare \u0219i lun\u0103 care se rote\u0219te la fiecare 24 de ore. Asimetria indicatorului de zi \u0219i noapte, cu soarele \u0219i luna la ora 4 \u0219i m\u00e2na zilei [&hellip;]<\/p>\n","protected":false},"featured_media":56645,"comment_status":"closed","ping_status":"open","template":"","meta":{"_acf_changed":false},"product_brand":[],"product_cat":[20,596],"product_tag":[],"class_list":{"0":"post-56644","1":"product","2":"type-product","3":"status-publish","4":"has-post-thumbnail","6":"product_cat-ceasuri-barbati","7":"product_cat-orient","8":"pa_brand-orient","9":"pa_braslet-piele","10":"pa_corpus-42-mm","11":"pa_forma-rotund","12":"pa_funcii-data","13":"pa_funcii-daynight","14":"pa_funcii-ziua-saptamanii","15":"pa_garatia-24-luni","16":"pa_korpus-roz-gold","17":"pa_material-otel-inoxidabil","18":"pa_mehanizm-mecanic","19":"pa_mehanizm-mecanism-automatic","20":"pa_remeshok-maro","21":"pa_steklo-cristal-mineral","22":"pa_strana-japonia","23":"pa_voda-3-atm","25":"first","26":"instock","27":"purchasable","28":"product-type-simple"},"acf":[],"_links":{"self":[{"href":"https:\/\/ceasuri.md\/ru\/wp-json\/wp\/v2\/product\/56644","targetHints":{"allow":["GET"]}}],"collection":[{"href":"https:\/\/ceasuri.md\/ru\/wp-json\/wp\/v2\/product"}],"about":[{"href":"https:\/\/ceasuri.md\/ru\/wp-json\/wp\/v2\/types\/product"}],"replies":[{"embeddable":true,"href":"https:\/\/ceasuri.md\/ru\/wp-json\/wp\/v2\/comments?post=56644"}],"wp:featuredmedia":[{"embeddable":true,"href":"https:\/\/ceasuri.md\/ru\/wp-json\/wp\/v2\/media\/56645"}],"wp:attachment":[{"href":"https:\/\/ceasuri.md\/ru\/wp-json\/wp\/v2\/media?parent=56644"}],"wp:term":[{"taxonomy":"product_brand","embeddable":true,"href":"https:\/\/ceasuri.md\/ru\/wp-json\/wp\/v2\/product_brand?post=56644"},{"taxonomy":"product_cat","embeddable":true,"href":"https:\/\/ceasuri.md\/ru\/wp-json\/wp\/v2\/product_cat?post=56644"},{"taxonomy":"product_tag","embeddable":true,"href":"https:\/\/ceasuri.md\/ru\/wp-json\/wp\/v2\/product_tag?post=56644"}],"curies":[{"name":"wp","href":"https:\/\/api.w.org\/{rel}","templated":true}]}}