{"id":56640,"date":"2024-12-03T10:28:06","date_gmt":"2024-12-03T08:28:06","guid":{"rendered":"http:\/\/new.ceasuri.md\/shop\/uncategorized\/orient-classic-bambino-ra-ap0004s30b\/"},"modified":"2026-05-01T19:09:01","modified_gmt":"2026-05-01T16:09:01","slug":"orient-classic-bambino-ra-ap0004s30b","status":"publish","type":"product","link":"https:\/\/ceasuri.md\/ru\/shop\/branduri\/orient\/orient-classic-bambino-ra-ap0004s30b\/","title":{"rendered":"\u0427\u0430\u0441\u044b ORIENT CLASSIC BAMBINO RA-AP0004S30B"},"content":{"rendered":"<p>Orient Compania japonez\u0103 de ceasuri renumit\u0103 pentru excelen\u021ba \u0219i fiabilitatea sa. Colec\u021bia Orient Classic nu se demodeaz\u0103 niciodat\u0103. Simplitate esen\u021bial\u0103 care traverseaz\u0103 genera\u021biile cu u\u0219urin\u021b\u0103, deoarece clasicii nu trebuie s\u0103 se schimbe.<br \/>\nORIENT Bambino Small Seconds este o combina\u021bie intrigant\u0103 de farmec clasic \u0219i orologerie excep\u021bional\u0103. Flagship-ul acestei versiuni este frunzuli\u021ba pentru secunde mici continue de la ora 6.<br \/>\nCeas clasic pentru b\u0103rba\u021bi cu carcas\u0103 rotund\u0103 din o\u021bel inoxidabil auriu galben (41 mm), sticl\u0103 mineral\u0103, fund transparent. Curea din piele maro cu cataram\u0103 pin. Cadran alb.<\/p>","protected":false},"excerpt":{"rendered":"<p>Orient Compania japonez\u0103 de ceasuri renumit\u0103 pentru excelen\u021ba \u0219i fiabilitatea sa. Colec\u021bia Orient Classic nu se demodeaz\u0103 niciodat\u0103. Simplitate esen\u021bial\u0103 care traverseaz\u0103 genera\u021biile cu u\u0219urin\u021b\u0103, deoarece clasicii nu trebuie s\u0103 se schimbe. ORIENT Bambino Small Seconds este o combina\u021bie intrigant\u0103 de farmec clasic \u0219i orologerie excep\u021bional\u0103. Flagship-ul acestei versiuni este frunzuli\u021ba pentru secunde mici continue [&hellip;]<\/p>\n","protected":false},"featured_media":56641,"comment_status":"closed","ping_status":"open","template":"","meta":{"_acf_changed":false},"product_brand":[],"product_cat":[20,596],"product_tag":[],"class_list":{"0":"post-56640","1":"product","2":"type-product","3":"status-publish","4":"has-post-thumbnail","6":"product_cat-ceasuri-barbati","7":"product_cat-orient","8":"pa_brand-orient","9":"pa_braslet-piele","10":"pa_corpus-41-mm","11":"pa_forma-rotund","12":"pa_funcii-data","13":"pa_funcii-offset-second-hand","14":"pa_garatia-24-luni","15":"pa_korpus-auriu","16":"pa_material-otel-inoxidabil","17":"pa_mehanizm-mecanic","18":"pa_mehanizm-mecanism-automatic","19":"pa_remeshok-maro","20":"pa_steklo-cristal-mineral","21":"pa_strana-japonia","22":"pa_voda-3-atm","24":"first","25":"instock","26":"purchasable","27":"product-type-simple"},"acf":[],"_links":{"self":[{"href":"https:\/\/ceasuri.md\/ru\/wp-json\/wp\/v2\/product\/56640","targetHints":{"allow":["GET"]}}],"collection":[{"href":"https:\/\/ceasuri.md\/ru\/wp-json\/wp\/v2\/product"}],"about":[{"href":"https:\/\/ceasuri.md\/ru\/wp-json\/wp\/v2\/types\/product"}],"replies":[{"embeddable":true,"href":"https:\/\/ceasuri.md\/ru\/wp-json\/wp\/v2\/comments?post=56640"}],"wp:featuredmedia":[{"embeddable":true,"href":"https:\/\/ceasuri.md\/ru\/wp-json\/wp\/v2\/media\/56641"}],"wp:attachment":[{"href":"https:\/\/ceasuri.md\/ru\/wp-json\/wp\/v2\/media?parent=56640"}],"wp:term":[{"taxonomy":"product_brand","embeddable":true,"href":"https:\/\/ceasuri.md\/ru\/wp-json\/wp\/v2\/product_brand?post=56640"},{"taxonomy":"product_cat","embeddable":true,"href":"https:\/\/ceasuri.md\/ru\/wp-json\/wp\/v2\/product_cat?post=56640"},{"taxonomy":"product_tag","embeddable":true,"href":"https:\/\/ceasuri.md\/ru\/wp-json\/wp\/v2\/product_tag?post=56640"}],"curies":[{"name":"wp","href":"https:\/\/api.w.org\/{rel}","templated":true}]}}