{"id":56635,"date":"2026-04-03T00:32:04","date_gmt":"2026-04-02T21:32:04","guid":{"rendered":"http:\/\/new.ceasuri.md\/shop\/uncategorized\/orient-classic-bambino-ra-ap0101b30b\/"},"modified":"2026-04-20T01:43:38","modified_gmt":"2026-04-19T22:43:38","slug":"orient-classic-bambino-ra-ap0101b30b","status":"publish","type":"product","link":"https:\/\/ceasuri.md\/ru\/shop\/branduri\/orient\/orient-classic-bambino-ra-ap0101b30b\/","title":{"rendered":"\u0427\u0430\u0441\u044b ORIENT CLASSIC BAMBINO RA-AP0101B30B"},"content":{"rendered":"<p>Ceasul Orient Mens RA-AP0101B30B este un companion elegant din seria de modele Bambino Small Second 38mm. O alegere perfect\u0103 dac\u0103 sunte\u021bi \u00een c\u0103utarea unui ceas cu un aspect clasic.<br \/>\nCeasul are o carcas\u0103 argintie, realizat\u0103 din o\u021bel inoxidabil, care arat\u0103 ca o adev\u0103rat\u0103 atrac\u021bie datorit\u0103 suprafe\u021bei lustruite.<br \/>\nCarcasa rotund\u0103 are 38 mm l\u0103\u021bime \u0219i 12 mm \u00een\u0103l\u021bime \u0219i, \u00een func\u021bie de gustul individual, va \u00eempodobi aproape orice \u00eencheietur\u0103. Luneta, care este Fix\u0103, iese discret \u00een eviden\u021b\u0103 din carcas\u0103. Partea din spate a carcasei ceasului este un fund Glas, \u00een\u0219urubat, care stabile\u0219te punctul final pentru un design coerent.<br \/>\nSticla mineral\u0103, \u00eent\u0103rit\u0103 ofer\u0103 o protec\u021bie extins\u0103 \u00eempotriva zg\u00e2rieturilor \u0219i deterior\u0103rilor accidentale. Dedesubt, cadranul noului dvs. ceas de vis este negru.<br \/>\n\u00cen inima acestui ceas se afl\u0103 o mi\u0219care automat\u0103 care, a\u0219a cum este obi\u0219nuit pentru ceasurile Orient, garanteaz\u0103 o cronometrare precis\u0103 \u0219i ofer\u0103 urm\u0103toarele func\u021bii: Ora, Minutul, Secunda, Data.<\/p>","protected":false},"excerpt":{"rendered":"<p>Ceasul Orient Mens RA-AP0101B30B este un companion elegant din seria de modele Bambino Small Second 38mm. O alegere perfect\u0103 dac\u0103 sunte\u021bi \u00een c\u0103utarea unui ceas cu un aspect clasic. Ceasul are o carcas\u0103 argintie, realizat\u0103 din o\u021bel inoxidabil, care arat\u0103 ca o adev\u0103rat\u0103 atrac\u021bie datorit\u0103 suprafe\u021bei lustruite. Carcasa rotund\u0103 are 38 mm l\u0103\u021bime \u0219i 12 [&hellip;]<\/p>\n","protected":false},"featured_media":56636,"comment_status":"closed","ping_status":"open","template":"","meta":{"_acf_changed":false},"product_brand":[],"product_cat":[20,596],"product_tag":[],"class_list":{"0":"post-56635","1":"product","2":"type-product","3":"status-publish","4":"has-post-thumbnail","6":"product_cat-ceasuri-barbati","7":"product_cat-orient","8":"pa_brand-orient","9":"pa_braslet-piele","10":"pa_corpus-38-mm","11":"pa_forma-rotund","12":"pa_funcii-data","13":"pa_funcii-offset-second-hand","14":"pa_garatia-24-luni","15":"pa_korpus-argintiu","16":"pa_material-otel-inoxidabil","17":"pa_mehanizm-mecanic","18":"pa_mehanizm-mecanism-automatic","19":"pa_remeshok-negru","20":"pa_steklo-cristal-mineral","21":"pa_strana-japonia","22":"pa_voda-3-atm","24":"first","25":"instock","26":"purchasable","27":"product-type-simple"},"acf":[],"_links":{"self":[{"href":"https:\/\/ceasuri.md\/ru\/wp-json\/wp\/v2\/product\/56635","targetHints":{"allow":["GET"]}}],"collection":[{"href":"https:\/\/ceasuri.md\/ru\/wp-json\/wp\/v2\/product"}],"about":[{"href":"https:\/\/ceasuri.md\/ru\/wp-json\/wp\/v2\/types\/product"}],"replies":[{"embeddable":true,"href":"https:\/\/ceasuri.md\/ru\/wp-json\/wp\/v2\/comments?post=56635"}],"wp:featuredmedia":[{"embeddable":true,"href":"https:\/\/ceasuri.md\/ru\/wp-json\/wp\/v2\/media\/56636"}],"wp:attachment":[{"href":"https:\/\/ceasuri.md\/ru\/wp-json\/wp\/v2\/media?parent=56635"}],"wp:term":[{"taxonomy":"product_brand","embeddable":true,"href":"https:\/\/ceasuri.md\/ru\/wp-json\/wp\/v2\/product_brand?post=56635"},{"taxonomy":"product_cat","embeddable":true,"href":"https:\/\/ceasuri.md\/ru\/wp-json\/wp\/v2\/product_cat?post=56635"},{"taxonomy":"product_tag","embeddable":true,"href":"https:\/\/ceasuri.md\/ru\/wp-json\/wp\/v2\/product_tag?post=56635"}],"curies":[{"name":"wp","href":"https:\/\/api.w.org\/{rel}","templated":true}]}}