{"id":56631,"date":"2024-12-03T10:28:04","date_gmt":"2024-12-03T08:28:04","guid":{"rendered":"http:\/\/new.ceasuri.md\/shop\/uncategorized\/orient-classic-sun-and-moon-with-open-ra-as0011s30b\/"},"modified":"2026-05-01T19:08:57","modified_gmt":"2026-05-01T16:08:57","slug":"orient-classic-sun-and-moon-with-open-ra-as0011s30b","status":"publish","type":"product","link":"https:\/\/ceasuri.md\/ru\/shop\/branduri\/orient\/orient-classic-sun-and-moon-with-open-ra-as0011s30b\/","title":{"rendered":"\u0427\u0430\u0441\u044b ORIENT CLASSIC Sun and Moon with Open RA-AS0011S30B"},"content":{"rendered":"<p>Colec\u021bia Sun &amp; Moon atrage aten\u021bia cu calibre mecanice, decora\u021biuni \u0219i complica\u021bii interesante, dar \u00een primul r\u00e2nd, desigur, cadranul cu Soarele \u0219i Luna (care rezult\u0103 logic din nume). Acesta nu este un calendar lunar, f\u0103r\u0103 faze ale lunii sau calcule complicate, ci o schimbare foarte frumos prezentat\u0103 stilistic a zilei \u0219i a nop\u021bii. Datorit\u0103 sticlei u\u0219or bombate, unghiul de vizualizare este u\u0219or m\u0103rit &#8211; chiar \u0219i atunci c\u00e2nd este privit din lateral, la un unghi sc\u0103zut, pute\u021bi vedea deja cadranul cu detaliile sale decorative: de la luneta lustruit\u0103 din jurul deschiderii p\u00e2n\u0103 la punctele individuale de deasupra fiec\u0103rui marcaj orar.<br \/>\nAcesta este unul dintre acele ceasuri \u00een care combina\u021bia de detalii mici, dar grijulii \u0219i importante \u0219i designul lor atrag constant aten\u021bia.<br \/>\nColec\u021bia Sun &amp; Moon este cunoscut\u0103 pentru profunzimea sa incredibil\u0103 \u0219i aten\u021bia la detalii &#8211; se dovede\u0219te a fi un clasic foarte frumos \u0219i nobil. Mi\u0219care japonez\u0103 de calitate. \u0218i, desigur, cristal de safir &#8211; excelent \u00een aceast\u0103 categorie de pre\u021b.<\/p>","protected":false},"excerpt":{"rendered":"<p>Colec\u021bia Sun &amp; Moon atrage aten\u021bia cu calibre mecanice, decora\u021biuni \u0219i complica\u021bii interesante, dar \u00een primul r\u00e2nd, desigur, cadranul cu Soarele \u0219i Luna (care rezult\u0103 logic din nume). Acesta nu este un calendar lunar, f\u0103r\u0103 faze ale lunii sau calcule complicate, ci o schimbare foarte frumos prezentat\u0103 stilistic a zilei \u0219i a nop\u021bii. Datorit\u0103 sticlei [&hellip;]<\/p>\n","protected":false},"featured_media":56632,"comment_status":"closed","ping_status":"open","template":"","meta":{"_acf_changed":false},"product_brand":[],"product_cat":[20,596],"product_tag":[],"class_list":{"0":"post-56631","1":"product","2":"type-product","3":"status-publish","4":"has-post-thumbnail","6":"product_cat-ceasuri-barbati","7":"product_cat-orient","8":"pa_brand-orient","9":"pa_braslet-piele","10":"pa_corpus-42-mm","11":"pa_forma-rotund","12":"pa_funcii-daynight","13":"pa_funcii-semischelet","14":"pa_garatia-24-luni","15":"pa_korpus-argintiu","16":"pa_material-otel-inoxidabil","17":"pa_mehanizm-mecanic","18":"pa_mehanizm-mecanism-automatic","19":"pa_remeshok-negru","20":"pa_steklo-cristal-safir","21":"pa_strana-japonia","22":"pa_voda-5-atm","24":"first","25":"instock","26":"purchasable","27":"product-type-simple"},"acf":[],"_links":{"self":[{"href":"https:\/\/ceasuri.md\/ru\/wp-json\/wp\/v2\/product\/56631","targetHints":{"allow":["GET"]}}],"collection":[{"href":"https:\/\/ceasuri.md\/ru\/wp-json\/wp\/v2\/product"}],"about":[{"href":"https:\/\/ceasuri.md\/ru\/wp-json\/wp\/v2\/types\/product"}],"replies":[{"embeddable":true,"href":"https:\/\/ceasuri.md\/ru\/wp-json\/wp\/v2\/comments?post=56631"}],"wp:featuredmedia":[{"embeddable":true,"href":"https:\/\/ceasuri.md\/ru\/wp-json\/wp\/v2\/media\/56632"}],"wp:attachment":[{"href":"https:\/\/ceasuri.md\/ru\/wp-json\/wp\/v2\/media?parent=56631"}],"wp:term":[{"taxonomy":"product_brand","embeddable":true,"href":"https:\/\/ceasuri.md\/ru\/wp-json\/wp\/v2\/product_brand?post=56631"},{"taxonomy":"product_cat","embeddable":true,"href":"https:\/\/ceasuri.md\/ru\/wp-json\/wp\/v2\/product_cat?post=56631"},{"taxonomy":"product_tag","embeddable":true,"href":"https:\/\/ceasuri.md\/ru\/wp-json\/wp\/v2\/product_tag?post=56631"}],"curies":[{"name":"wp","href":"https:\/\/api.w.org\/{rel}","templated":true}]}}