{"id":56610,"date":"2026-04-03T00:32:04","date_gmt":"2026-04-02T21:32:04","guid":{"rendered":"http:\/\/new.ceasuri.md\/shop\/uncategorized\/orient-classic-tac0000dd0\/"},"modified":"2026-04-07T04:55:31","modified_gmt":"2026-04-07T01:55:31","slug":"orient-classic-tac0000dd0","status":"publish","type":"product","link":"https:\/\/ceasuri.md\/ru\/shop\/branduri\/orient\/orient-classic-tac0000dd0\/","title":{"rendered":"Ceas ORIENT CLASSIC TAC0000DD0"},"content":{"rendered":"<p>Dup\u0103 cum \u0219ti\u021bi, clasicele nu ies niciodat\u0103 din mod\u0103. Acest lucru este valabil \u0219i pentru ceasurile de m\u00e2n\u0103 Orient, deoarece modelele clasice tradi\u021bionale au fost la v\u00e2rful popularit\u0103\u021bii \u00een r\u00e2ndul clien\u021bilor din \u00eentreaga lume timp de mul\u021bi ani. \u0218i nu este \u00eent\u00e2mpl\u0103tor, deoarece stilul clasic completeaz\u0103 perfect aproape orice imagine \u0219i permite proprietarului lor s\u0103 arate \u00eentotdeauna solid \u0219i elegant. Acesta este motivul pentru care majoritatea brandurilor celebre de ceasuri au colec\u021bii clasice printre liniile lor. Marca japonez\u0103 Orient cu m\u00e2ndria sa &#8211; colec\u021bia Classic &#8211; nu face excep\u021bie.<br \/>\nCeasurile din aceast\u0103 linie sunt foarte populare printre clien\u021bii din \u00eentreaga lume, deoarece combina\u021bia dintre designul elegant \u0219i cea mai \u00eenalt\u0103 calitate face ca astfel de ceasuri mecanice automate s\u0103 fie practic impecabile. Aspectul ceasului este demn de cele mai mari laude, designerii brandului \u00eencearc\u0103 s\u0103 aduc\u0103 o not\u0103 de unicitate fiec\u0103rui model. O alegere bogat\u0103 de accente de culoare \u0219i forme, cadrane elegante, design luxos &#8211; toate acestea fac ca ceasurile din aceast\u0103 linie s\u0103 fie atractive \u0219i populare.<br \/>\nCadranul este de culoare albastr\u0103. Fereastra datei este situat\u0103 \u00een pozi\u021bia orei 3. Curea clasic\u0103 din piele.<\/p>","protected":false},"excerpt":{"rendered":"<p>Dup\u0103 cum \u0219ti\u021bi, clasicele nu ies niciodat\u0103 din mod\u0103. Acest lucru este valabil \u0219i pentru ceasurile de m\u00e2n\u0103 Orient, deoarece modelele clasice tradi\u021bionale au fost la v\u00e2rful popularit\u0103\u021bii \u00een r\u00e2ndul clien\u021bilor din \u00eentreaga lume timp de mul\u021bi ani. \u0218i nu este \u00eent\u00e2mpl\u0103tor, deoarece stilul clasic completeaz\u0103 perfect aproape orice imagine \u0219i permite proprietarului lor s\u0103 [&hellip;]<\/p>\n","protected":false},"featured_media":56611,"comment_status":"closed","ping_status":"open","template":"","meta":{"_acf_changed":false},"product_brand":[],"product_cat":[20,596],"product_tag":[],"class_list":{"0":"post-56610","1":"product","2":"type-product","3":"status-publish","4":"has-post-thumbnail","6":"product_cat-ceasuri-barbati","7":"product_cat-orient","8":"pa_brand-orient","9":"pa_braslet-piele","10":"pa_corpus-41-mm","11":"pa_forma-rotund","12":"pa_funcii-data","13":"pa_garatia-24-luni","14":"pa_korpus-argintiu","15":"pa_material-otel-inoxidabil","16":"pa_mehanizm-mecanic","17":"pa_mehanizm-mecanism-automatic","18":"pa_remeshok-negru","19":"pa_steklo-cristal-mineral","20":"pa_strana-japonia","21":"pa_voda-3-atm","23":"first","24":"instock","25":"purchasable","26":"product-type-simple"},"acf":[],"_links":{"self":[{"href":"https:\/\/ceasuri.md\/ru\/wp-json\/wp\/v2\/product\/56610","targetHints":{"allow":["GET"]}}],"collection":[{"href":"https:\/\/ceasuri.md\/ru\/wp-json\/wp\/v2\/product"}],"about":[{"href":"https:\/\/ceasuri.md\/ru\/wp-json\/wp\/v2\/types\/product"}],"replies":[{"embeddable":true,"href":"https:\/\/ceasuri.md\/ru\/wp-json\/wp\/v2\/comments?post=56610"}],"wp:featuredmedia":[{"embeddable":true,"href":"https:\/\/ceasuri.md\/ru\/wp-json\/wp\/v2\/media\/56611"}],"wp:attachment":[{"href":"https:\/\/ceasuri.md\/ru\/wp-json\/wp\/v2\/media?parent=56610"}],"wp:term":[{"taxonomy":"product_brand","embeddable":true,"href":"https:\/\/ceasuri.md\/ru\/wp-json\/wp\/v2\/product_brand?post=56610"},{"taxonomy":"product_cat","embeddable":true,"href":"https:\/\/ceasuri.md\/ru\/wp-json\/wp\/v2\/product_cat?post=56610"},{"taxonomy":"product_tag","embeddable":true,"href":"https:\/\/ceasuri.md\/ru\/wp-json\/wp\/v2\/product_tag?post=56610"}],"curies":[{"name":"wp","href":"https:\/\/api.w.org\/{rel}","templated":true}]}}