{"id":56595,"date":"2026-04-03T00:32:04","date_gmt":"2026-04-02T21:32:04","guid":{"rendered":"http:\/\/new.ceasuri.md\/shop\/uncategorized\/swiss-military-by-chrono-sm34052-27\/"},"modified":"2026-04-21T17:49:11","modified_gmt":"2026-04-21T14:49:11","slug":"swiss-military-by-chrono-sm34052-27","status":"publish","type":"product","link":"https:\/\/ceasuri.md\/ru\/shop\/branduri\/swiss-military\/swiss-military-by-chrono-sm34052-27\/","title":{"rendered":"\u0427\u0430\u0441\u044b SWISS MILITARY BY CHRONO QUARTZ CHRONOGRAPH SM34052.27"},"content":{"rendered":"<p>Acest ceas cronograf clasic pentru b\u0103rba\u021bi este companionul atemporal perfect care se potrive\u0219te f\u0103r\u0103 efort cu orice \u021binut\u0103 pe care o \u00eent\u00e2lni\u021bi. Designul elegant este \u00eempodobit cu un cadran albastru cu indici \u0219i m\u00e2ini clasice. Trei subcadrane cronograf num\u0103r\u0103 secundele, minutele \u0219i 1\/10 de secund\u0103 atunci c\u00e2nd este activat\u0103 func\u021bia cronometru.<br \/>\nCarcasa \u0219i br\u0103\u021bara acestui ceas cronograf clasic sunt realizate din o\u021bel inoxidabil solid, \u00een conformitate cu principiile de fabrica\u021bie elve\u021biene.  M\u00e2inile orelor \u0219i minutelor sunt luminescente \u0219i str\u0103lucesc \u00een \u00eentuneric. Acest cronograf pentru b\u0103rba\u021bi este echipat cu o mi\u0219care cronograf Swiss Made \u0219i este asamblat manual \u00een atelierul nostru de ceasornic\u0103rie intern.<\/p>","protected":false},"excerpt":{"rendered":"<p>Acest ceas cronograf clasic pentru b\u0103rba\u021bi este companionul atemporal perfect care se potrive\u0219te f\u0103r\u0103 efort cu orice \u021binut\u0103 pe care o \u00eent\u00e2lni\u021bi. Designul elegant este \u00eempodobit cu un cadran albastru cu indici \u0219i m\u00e2ini clasice. Trei subcadrane cronograf num\u0103r\u0103 secundele, minutele \u0219i 1\/10 de secund\u0103 atunci c\u00e2nd este activat\u0103 func\u021bia cronometru. Carcasa \u0219i br\u0103\u021bara acestui [&hellip;]<\/p>\n","protected":false},"featured_media":56596,"comment_status":"closed","ping_status":"open","template":"","meta":{"_acf_changed":false},"product_brand":[],"product_cat":[20,572],"product_tag":[],"class_list":{"0":"post-56595","1":"product","2":"type-product","3":"status-publish","4":"has-post-thumbnail","6":"product_cat-ceasuri-barbati","7":"product_cat-swiss-military","8":"pa_brand-swiss-military","9":"pa_braslet-otel-inoxidabil","10":"pa_corpus-42-mm","11":"pa_forma-patrat","12":"pa_funcii-cronograf","13":"pa_funcii-data","14":"pa_garatia-24-luni","15":"pa_korpus-argintiu","16":"pa_kvarc-quartz","17":"pa_material-otel-inoxidabil","18":"pa_mehanizm-quartz","19":"pa_remeshok-bicolor","20":"pa_steklo-cristal-safir","21":"pa_strana-elvetia","22":"pa_voda-10-atm","24":"first","25":"instock","26":"purchasable","27":"product-type-simple"},"acf":[],"_links":{"self":[{"href":"https:\/\/ceasuri.md\/ru\/wp-json\/wp\/v2\/product\/56595","targetHints":{"allow":["GET"]}}],"collection":[{"href":"https:\/\/ceasuri.md\/ru\/wp-json\/wp\/v2\/product"}],"about":[{"href":"https:\/\/ceasuri.md\/ru\/wp-json\/wp\/v2\/types\/product"}],"replies":[{"embeddable":true,"href":"https:\/\/ceasuri.md\/ru\/wp-json\/wp\/v2\/comments?post=56595"}],"wp:featuredmedia":[{"embeddable":true,"href":"https:\/\/ceasuri.md\/ru\/wp-json\/wp\/v2\/media\/56596"}],"wp:attachment":[{"href":"https:\/\/ceasuri.md\/ru\/wp-json\/wp\/v2\/media?parent=56595"}],"wp:term":[{"taxonomy":"product_brand","embeddable":true,"href":"https:\/\/ceasuri.md\/ru\/wp-json\/wp\/v2\/product_brand?post=56595"},{"taxonomy":"product_cat","embeddable":true,"href":"https:\/\/ceasuri.md\/ru\/wp-json\/wp\/v2\/product_cat?post=56595"},{"taxonomy":"product_tag","embeddable":true,"href":"https:\/\/ceasuri.md\/ru\/wp-json\/wp\/v2\/product_tag?post=56595"}],"curies":[{"name":"wp","href":"https:\/\/api.w.org\/{rel}","templated":true}]}}