{"id":56591,"date":"2026-04-03T00:32:04","date_gmt":"2026-04-02T21:32:04","guid":{"rendered":"http:\/\/new.ceasuri.md\/shop\/uncategorized\/swiss-military-by-chrono-sm34098-11\/"},"modified":"2026-04-20T01:43:28","modified_gmt":"2026-04-19T22:43:28","slug":"swiss-military-by-chrono-sm34098-11","status":"publish","type":"product","link":"https:\/\/ceasuri.md\/ru\/shop\/branduri\/swiss-military\/swiss-military-by-chrono-sm34098-11\/","title":{"rendered":"\u0427\u0430\u0441\u044b SWISS MILITARY BY CHRONO SM34098.11"},"content":{"rendered":"<p>Acest carismatic cronograf vintage fabricat \u00een Elve\u021bia aduce un omagiu unei perioade \u00een care tehnologia orologer\u0103 nu permitea m\u0103surarea zecimilor de secund\u0103. Acesta este motivul pentru care acest cronograf \u00een stil vintage are doar dou\u0103 subcadrane de cronograf. Cadranele cronografului sunt integrate \u00een cadranul turcoaz mat al ceasului, cre\u00e2nd un aspect remarcabil. Cadranul turcoaz cu cifre arabe prezint\u0103 m\u00e2ini, indicatoare pentru ore \u0219i minute.<br \/>\n\u00cen plus, acest ceas cronograf pentru b\u0103rba\u021bi este echipat cu func\u021bii de \u00eenalt\u0103 calitate. Carcasa acestui ceas este fabricat\u0103 din o\u021bel inoxidabil durabil. Cureaua neagr\u0103 cu cus\u0103turi albe este fabricat\u0103 din piele natural\u0103 \u0219i se potrive\u0219te cu stilul vintage al acestui ceas b\u0103rb\u0103tesc. Un cristal de safir rezistent acoper\u0103 cadranul turcoaz al ceasului. M\u00e2inile foarte lizibile \u0219i indicatoarele orelor sunt luminescente \u0219i str\u0103lucesc \u00een \u00eentuneric. Dou\u0103 cadrane secundare ale cronografului num\u0103r\u0103 secundele \u0219i minutele atunci c\u00e2nd func\u021bia cronometru este activat\u0103. Acest cronograf vintage pentru b\u0103rba\u021bi este echipat cu o mi\u0219care cronograf Swiss Made \u0219i este asamblat manual \u00een atelierul nostru de ceasornic\u0103rie intern.<\/p>","protected":false},"excerpt":{"rendered":"<p>Acest carismatic cronograf vintage fabricat \u00een Elve\u021bia aduce un omagiu unei perioade \u00een care tehnologia orologer\u0103 nu permitea m\u0103surarea zecimilor de secund\u0103. Acesta este motivul pentru care acest cronograf \u00een stil vintage are doar dou\u0103 subcadrane de cronograf. Cadranele cronografului sunt integrate \u00een cadranul turcoaz mat al ceasului, cre\u00e2nd un aspect remarcabil. Cadranul turcoaz cu [&hellip;]<\/p>\n","protected":false},"featured_media":56592,"comment_status":"closed","ping_status":"open","template":"","meta":{"_acf_changed":false},"product_brand":[],"product_cat":[20,572],"product_tag":[],"class_list":{"0":"post-56591","1":"product","2":"type-product","3":"status-publish","4":"has-post-thumbnail","6":"product_cat-ceasuri-barbati","7":"product_cat-swiss-military","8":"pa_brand-swiss-military","9":"pa_braslet-piele","10":"pa_corpus-43-mm","11":"pa_forma-rotund","12":"pa_funcii-cronograf","13":"pa_funcii-data","14":"pa_garatia-24-luni","15":"pa_korpus-argintiu","16":"pa_kvarc-quartz","17":"pa_material-otel-inoxidabil","18":"pa_mehanizm-quartz","19":"pa_remeshok-negru","20":"pa_steklo-cristal-safir","21":"pa_strana-elvetia","22":"pa_voda-10-atm","24":"first","25":"instock","26":"purchasable","27":"product-type-simple"},"acf":[],"_links":{"self":[{"href":"https:\/\/ceasuri.md\/ru\/wp-json\/wp\/v2\/product\/56591","targetHints":{"allow":["GET"]}}],"collection":[{"href":"https:\/\/ceasuri.md\/ru\/wp-json\/wp\/v2\/product"}],"about":[{"href":"https:\/\/ceasuri.md\/ru\/wp-json\/wp\/v2\/types\/product"}],"replies":[{"embeddable":true,"href":"https:\/\/ceasuri.md\/ru\/wp-json\/wp\/v2\/comments?post=56591"}],"wp:featuredmedia":[{"embeddable":true,"href":"https:\/\/ceasuri.md\/ru\/wp-json\/wp\/v2\/media\/56592"}],"wp:attachment":[{"href":"https:\/\/ceasuri.md\/ru\/wp-json\/wp\/v2\/media?parent=56591"}],"wp:term":[{"taxonomy":"product_brand","embeddable":true,"href":"https:\/\/ceasuri.md\/ru\/wp-json\/wp\/v2\/product_brand?post=56591"},{"taxonomy":"product_cat","embeddable":true,"href":"https:\/\/ceasuri.md\/ru\/wp-json\/wp\/v2\/product_cat?post=56591"},{"taxonomy":"product_tag","embeddable":true,"href":"https:\/\/ceasuri.md\/ru\/wp-json\/wp\/v2\/product_tag?post=56591"}],"curies":[{"name":"wp","href":"https:\/\/api.w.org\/{rel}","templated":true}]}}