{"id":56577,"date":"2026-04-03T00:31:15","date_gmt":"2026-04-02T21:31:15","guid":{"rendered":"http:\/\/new.ceasuri.md\/shop\/uncategorized\/swiss-military-by-chrono-sma34077-05\/"},"modified":"2026-04-20T01:43:29","modified_gmt":"2026-04-19T22:43:29","slug":"swiss-military-by-chrono-sma34077-05","status":"publish","type":"product","link":"https:\/\/ceasuri.md\/ru\/shop\/branduri\/swiss-military\/swiss-military-by-chrono-sma34077-05\/","title":{"rendered":"\u0427\u0430\u0441\u044b SWISS MILITARY BY CHRONO SMA34077.05"},"content":{"rendered":"<p>Un ceas automat modern pentru b\u0103rba\u021bi este creat atunci c\u00e2nd valorile orologeriei Swiss Made din interior sunt combinate cu un spirit militar modern la exterior. Farmecul acestui ceas modern pentru b\u0103rba\u021bi const\u0103 \u00een combina\u021bia perfect\u0103 dintre designul clasic al ceasului rotund \u0219i cadranul modern. Cifrele arabe moderne \u0219i m\u00e2inile contemporane se \u00eembin\u0103 perfect cu cadranul Sunburst elegant \u0219i str\u0103lucitor. Cureaua din piele \u00een stil vintage cu cus\u0103turi albe subliniaz\u0103 stilul modern al acestui ceas elve\u021bian. Aceast\u0103 combina\u021bie face impresie.<br \/>\nCarcasa acestui ceas automat este fabricat\u0103 din o\u021bel inoxidabil masiv cu acoperire PVD neagr\u0103, \u00een conformitate cu abordarea noastr\u0103 Swiss Made orientat\u0103 spre calitate \u00een orologerie. Un cristal de safir acoper\u0103 cadranul, precum \u0219i spatele transparent al carcasei. Mi\u0219carea automat\u0103 Swiss Made poate fi v\u0103zut\u0103 prin spatele carcasei din sticl\u0103. Toate indicatoarele orare, limbile orelor \u0219i minutelor sunt luminescente \u0219i str\u0103lucesc \u00een \u00eentuneric.<\/p>","protected":false},"excerpt":{"rendered":"<p>Un ceas automat modern pentru b\u0103rba\u021bi este creat atunci c\u00e2nd valorile orologeriei Swiss Made din interior sunt combinate cu un spirit militar modern la exterior. Farmecul acestui ceas modern pentru b\u0103rba\u021bi const\u0103 \u00een combina\u021bia perfect\u0103 dintre designul clasic al ceasului rotund \u0219i cadranul modern. Cifrele arabe moderne \u0219i m\u00e2inile contemporane se \u00eembin\u0103 perfect cu cadranul [&hellip;]<\/p>\n","protected":false},"featured_media":56578,"comment_status":"closed","ping_status":"open","template":"","meta":{"_acf_changed":false},"product_brand":[],"product_cat":[20,572],"product_tag":[],"class_list":{"0":"post-56577","1":"product","2":"type-product","3":"status-publish","4":"has-post-thumbnail","6":"product_cat-ceasuri-barbati","7":"product_cat-swiss-military","8":"pa_brand-swiss-military","9":"pa_braslet-piele","10":"pa_corpus-42-mm","11":"pa_forma-rotund","12":"pa_funcii-data","13":"pa_garatia-24-luni","14":"pa_korpus-negru","15":"pa_material-otel-inoxidabil","16":"pa_mehanizm-mecanic","17":"pa_mehanizm-mecanism-automatic","18":"pa_remeshok-maro","19":"pa_steklo-cristal-safir","20":"pa_strana-elvetia","21":"pa_voda-10-atm","23":"first","24":"instock","25":"purchasable","26":"product-type-simple"},"acf":[],"_links":{"self":[{"href":"https:\/\/ceasuri.md\/ru\/wp-json\/wp\/v2\/product\/56577","targetHints":{"allow":["GET"]}}],"collection":[{"href":"https:\/\/ceasuri.md\/ru\/wp-json\/wp\/v2\/product"}],"about":[{"href":"https:\/\/ceasuri.md\/ru\/wp-json\/wp\/v2\/types\/product"}],"replies":[{"embeddable":true,"href":"https:\/\/ceasuri.md\/ru\/wp-json\/wp\/v2\/comments?post=56577"}],"wp:featuredmedia":[{"embeddable":true,"href":"https:\/\/ceasuri.md\/ru\/wp-json\/wp\/v2\/media\/56578"}],"wp:attachment":[{"href":"https:\/\/ceasuri.md\/ru\/wp-json\/wp\/v2\/media?parent=56577"}],"wp:term":[{"taxonomy":"product_brand","embeddable":true,"href":"https:\/\/ceasuri.md\/ru\/wp-json\/wp\/v2\/product_brand?post=56577"},{"taxonomy":"product_cat","embeddable":true,"href":"https:\/\/ceasuri.md\/ru\/wp-json\/wp\/v2\/product_cat?post=56577"},{"taxonomy":"product_tag","embeddable":true,"href":"https:\/\/ceasuri.md\/ru\/wp-json\/wp\/v2\/product_tag?post=56577"}],"curies":[{"name":"wp","href":"https:\/\/api.w.org\/{rel}","templated":true}]}}