{"id":56563,"date":"2026-04-03T00:31:15","date_gmt":"2026-04-02T21:31:15","guid":{"rendered":"http:\/\/new.ceasuri.md\/shop\/uncategorized\/swiss-military-by-chrono-sma34085-29\/"},"modified":"2026-04-20T01:43:31","modified_gmt":"2026-04-19T22:43:31","slug":"swiss-military-by-chrono-sma34085-29","status":"publish","type":"product","link":"https:\/\/ceasuri.md\/ru\/shop\/branduri\/swiss-military\/swiss-military-by-chrono-sma34085-29\/","title":{"rendered":"\u0427\u0430\u0441\u044b SWISS MILITARY BY CHRONO SMA34085.29"},"content":{"rendered":"<p>Acest ceas automat pentru b\u0103rba\u021bi \u00eentruchipeaz\u0103 perfect valorile tradi\u021bionale ale orologeriei elve\u021biene, at\u00e2t \u00een interior, c\u00e2t \u0219i \u00een exterior. Farmecul acestui ceas b\u0103rb\u0103tesc din aur roz \u0219i argint const\u0103 \u00een combina\u021bia perfect\u0103 dintre designul clasic al ceasului rotund \u0219i cadranul Sunburst. Indicatoarele orare sub\u021biri \u0219i gra\u021bioase \u00eempreun\u0103 cu m\u00e2inile cu design clasic completeaz\u0103 ceasul elegant pentru b\u0103rba\u021bi. \u00cen plus, carcasa \u0219i cureaua acestui ceas automat pentru b\u0103rba\u021bi au at\u00e2t elemente mate, c\u00e2t \u0219i lucioase. \u00cen timp ce detaliile mate se afl\u0103 pe partea exterioar\u0103 a carcasei \u0219i curelei \u0219i sunt concepute pentru a \u00eencadra ceasul, detaliile lucioase sunt concepute pentru a ilumina partea central\u0103 a ceasului \u0219i a atrage aten\u021bia asupra cadranului argintiu elegant \u0219i perfect echilibrat. Mi\u0219carea cu inima deschis\u0103 creeaz\u0103 b\u0103t\u0103ile inimii acestei crea\u021bii, \u00een timp ce deschiderea din cadran ofer\u0103 o privire \u00een lumea orologeriei elve\u021biene. Este o combina\u021bie care face impresie.<br \/>\nCarcasa acestui ceas b\u0103rb\u0103tesc automat este fabricat\u0103 din o\u021bel inoxidabil durabil \u0219i tratat\u0103 cu un strat PVD de \u00eenalt\u0103 calitate, \u00een conformitate cu abordarea noastr\u0103 de a produce ceasuri Swiss Made de \u00eenalt\u0103 calitate. Un cristal de safir acoper\u0103 cadranul, precum \u0219i spatele transparent al carcasei. Mi\u0219carea automat\u0103 Swiss Made poate fi v\u0103zut\u0103 prin spatele carcasei din sticl\u0103.<\/p>","protected":false},"excerpt":{"rendered":"<p>Acest ceas automat pentru b\u0103rba\u021bi \u00eentruchipeaz\u0103 perfect valorile tradi\u021bionale ale orologeriei elve\u021biene, at\u00e2t \u00een interior, c\u00e2t \u0219i \u00een exterior. Farmecul acestui ceas b\u0103rb\u0103tesc din aur roz \u0219i argint const\u0103 \u00een combina\u021bia perfect\u0103 dintre designul clasic al ceasului rotund \u0219i cadranul Sunburst. Indicatoarele orare sub\u021biri \u0219i gra\u021bioase \u00eempreun\u0103 cu m\u00e2inile cu design clasic completeaz\u0103 ceasul elegant [&hellip;]<\/p>\n","protected":false},"featured_media":56564,"comment_status":"closed","ping_status":"open","template":"","meta":{"_acf_changed":false},"product_brand":[],"product_cat":[20,572],"product_tag":[],"class_list":{"0":"post-56563","1":"product","2":"type-product","3":"status-publish","4":"has-post-thumbnail","6":"product_cat-ceasuri-barbati","7":"product_cat-swiss-military","8":"pa_brand-swiss-military","9":"pa_braslet-otel-inoxidabil","10":"pa_corpus-40-mm","11":"pa_forma-rotund","12":"pa_funcii-semischelet","13":"pa_garatia-24-luni","14":"pa_korpus-argintiu","15":"pa_material-otel-inoxidabil","16":"pa_mehanizm-mecanic","17":"pa_mehanizm-mecanism-automatic","18":"pa_remeshok-bicolor","19":"pa_steklo-cristal-safir","20":"pa_strana-elvetia","21":"pa_voda-10-atm","23":"first","24":"instock","25":"purchasable","26":"product-type-simple"},"acf":[],"_links":{"self":[{"href":"https:\/\/ceasuri.md\/ru\/wp-json\/wp\/v2\/product\/56563","targetHints":{"allow":["GET"]}}],"collection":[{"href":"https:\/\/ceasuri.md\/ru\/wp-json\/wp\/v2\/product"}],"about":[{"href":"https:\/\/ceasuri.md\/ru\/wp-json\/wp\/v2\/types\/product"}],"replies":[{"embeddable":true,"href":"https:\/\/ceasuri.md\/ru\/wp-json\/wp\/v2\/comments?post=56563"}],"wp:featuredmedia":[{"embeddable":true,"href":"https:\/\/ceasuri.md\/ru\/wp-json\/wp\/v2\/media\/56564"}],"wp:attachment":[{"href":"https:\/\/ceasuri.md\/ru\/wp-json\/wp\/v2\/media?parent=56563"}],"wp:term":[{"taxonomy":"product_brand","embeddable":true,"href":"https:\/\/ceasuri.md\/ru\/wp-json\/wp\/v2\/product_brand?post=56563"},{"taxonomy":"product_cat","embeddable":true,"href":"https:\/\/ceasuri.md\/ru\/wp-json\/wp\/v2\/product_cat?post=56563"},{"taxonomy":"product_tag","embeddable":true,"href":"https:\/\/ceasuri.md\/ru\/wp-json\/wp\/v2\/product_tag?post=56563"}],"curies":[{"name":"wp","href":"https:\/\/api.w.org\/{rel}","templated":true}]}}