{"id":56552,"date":"2024-11-29T09:02:15","date_gmt":"2024-11-29T07:02:15","guid":{"rendered":"http:\/\/new.ceasuri.md\/shop\/uncategorized\/swiss-military-by-chrono-sma34106-13\/"},"modified":"2026-05-01T19:08:19","modified_gmt":"2026-05-01T16:08:19","slug":"swiss-military-by-chrono-sma34106-13","status":"publish","type":"product","link":"https:\/\/ceasuri.md\/ru\/shop\/branduri\/swiss-military\/swiss-military-by-chrono-sma34106-13\/","title":{"rendered":"\u0427\u0430\u0441\u044b SWISS MILITARY BY CHRONO SMA34106.13"},"content":{"rendered":"<p>Scufunda\u021bi-v\u0103 \u00een t\u0103r\u00e2mul ceasului nostru SMA34106 Automatic Diving Watch 200, creat cu elegan\u021ba me\u0219te\u0219ugului elve\u021bian \u0219i spiritul oceanului. Luneta din safir rotativ\u0103 unidirec\u021bional\u0103 bombat\u0103 cu cifre luminescente verzi confer\u0103 ceasului o estetic\u0103, func\u021bionalitate \u0219i durabilitate impresionante. Fabricat din o\u021bel inoxidabil \u0219i echipat cu o coroan\u0103 \u00een\u0219urubat\u0103, acest ceas de scufundare pentru b\u0103rba\u021bi este capabil s\u0103 fac\u0103 fa\u021b\u0103 nu numai provoc\u0103rilor lumii subacvatice, ci \u0219i junglei urbane. Cadranul verde, completat cu m\u00e2ini \u0219i indicatoare orare luminoase \u00een nuan\u021b\u0103 aurie, este protejat de un cristal de safir antireflex \u0219i rezistent la zg\u00e2rieturi. M\u0103sur\u00e2nd 41,5 mm \u00een diametru, acest ceas de scufundare pentru b\u0103rba\u021bi atinge echilibrul perfect \u00eentre dimensiune \u0219i confort. Deschiderea discret\u0103 a cadranului permite pasiona\u021bilor s\u0103 urm\u0103reasc\u0103 b\u0103t\u0103ile inimii artizanilor elve\u021bieni, \u00een timp ce spatele transparent al carcasei ofer\u0103 o vedere subtil\u0103 a mecanicii de precizie.<br \/>\nMai mult, acest ceas elve\u021bian este echipat cu func\u021bii high-end, care sunt \u00een concordan\u021b\u0103 cu ceasurile de scufundare militare. Carcasa \u0219i cureaua acestui model sunt realizate din o\u021bel inoxidabil durabil. Ceasul de scufundare automat SMA34106 200 este echipat cu mi\u0219care automat\u0103 elve\u021bian\u0103 \u0219i asamblat manual \u00een atelierul nostru de ceasuri.<\/p>","protected":false},"excerpt":{"rendered":"<p>Scufunda\u021bi-v\u0103 \u00een t\u0103r\u00e2mul ceasului nostru SMA34106 Automatic Diving Watch 200, creat cu elegan\u021ba me\u0219te\u0219ugului elve\u021bian \u0219i spiritul oceanului. Luneta din safir rotativ\u0103 unidirec\u021bional\u0103 bombat\u0103 cu cifre luminescente verzi confer\u0103 ceasului o estetic\u0103, func\u021bionalitate \u0219i durabilitate impresionante. Fabricat din o\u021bel inoxidabil \u0219i echipat cu o coroan\u0103 \u00een\u0219urubat\u0103, acest ceas de scufundare pentru b\u0103rba\u021bi este capabil s\u0103 [&hellip;]<\/p>\n","protected":false},"featured_media":56553,"comment_status":"closed","ping_status":"open","template":"","meta":{"_acf_changed":false},"product_brand":[],"product_cat":[20,572],"product_tag":[],"class_list":{"0":"post-56552","1":"product","2":"type-product","3":"status-publish","4":"has-post-thumbnail","6":"product_cat-ceasuri-barbati","7":"product_cat-swiss-military","8":"pa_brand-swiss-military","9":"pa_braslet-otel-inoxidabil","10":"pa_corpus-42-mm","11":"pa_forma-rotund","12":"pa_funcii-semischelet","13":"pa_garatia-24-luni","14":"pa_korpus-argintiu","15":"pa_material-otel-inoxidabil","16":"pa_mehanizm-mecanic","17":"pa_mehanizm-mecanism-automatic","18":"pa_remeshok-bicolor","19":"pa_steklo-cristal-safir","20":"pa_strana-elvetia","21":"pa_voda-20-atm","23":"first","24":"instock","25":"purchasable","26":"product-type-simple"},"acf":[],"_links":{"self":[{"href":"https:\/\/ceasuri.md\/ru\/wp-json\/wp\/v2\/product\/56552","targetHints":{"allow":["GET"]}}],"collection":[{"href":"https:\/\/ceasuri.md\/ru\/wp-json\/wp\/v2\/product"}],"about":[{"href":"https:\/\/ceasuri.md\/ru\/wp-json\/wp\/v2\/types\/product"}],"replies":[{"embeddable":true,"href":"https:\/\/ceasuri.md\/ru\/wp-json\/wp\/v2\/comments?post=56552"}],"wp:featuredmedia":[{"embeddable":true,"href":"https:\/\/ceasuri.md\/ru\/wp-json\/wp\/v2\/media\/56553"}],"wp:attachment":[{"href":"https:\/\/ceasuri.md\/ru\/wp-json\/wp\/v2\/media?parent=56552"}],"wp:term":[{"taxonomy":"product_brand","embeddable":true,"href":"https:\/\/ceasuri.md\/ru\/wp-json\/wp\/v2\/product_brand?post=56552"},{"taxonomy":"product_cat","embeddable":true,"href":"https:\/\/ceasuri.md\/ru\/wp-json\/wp\/v2\/product_cat?post=56552"},{"taxonomy":"product_tag","embeddable":true,"href":"https:\/\/ceasuri.md\/ru\/wp-json\/wp\/v2\/product_tag?post=56552"}],"curies":[{"name":"wp","href":"https:\/\/api.w.org\/{rel}","templated":true}]}}