{"id":56544,"date":"2026-04-03T00:31:15","date_gmt":"2026-04-02T21:31:15","guid":{"rendered":"http:\/\/new.ceasuri.md\/shop\/uncategorized\/swiss-military-by-chrono-smp36040-31\/"},"modified":"2026-04-20T01:43:33","modified_gmt":"2026-04-19T22:43:33","slug":"swiss-military-by-chrono-smp36040-31","status":"publish","type":"product","link":"https:\/\/ceasuri.md\/ru\/shop\/branduri\/swiss-military\/swiss-military-by-chrono-smp36040-31\/","title":{"rendered":"\u0427\u0430\u0441\u044b SWISS MILITARY BY CHRONO SMP36040.31"},"content":{"rendered":"<p>Ceasul Swiss Military Mens SMP36040.31 este un companion sportiv din gama Day-Date Quartz 42mm 5ATM. O alegere ideal\u0103 dac\u0103 sunte\u021bi \u00een c\u0103utarea unui ceas cu un aspect izbitor.<br \/>\nCarcasa este fabricat\u0103 din o\u021bel inoxidabil negru \u0219i atrage aten\u021bia datorit\u0103 finisajului s\u0103u mat, \u00een timp ce cristalul Saphire cu strat antireflex asigur\u0103 o protec\u021bie fiabil\u0103 \u00eempotriva zg\u00e2rieturilor \u0219i deterior\u0103rilor accidentale. Dedesubt, cadranul noului dvs. ceas de vis este negru .<br \/>\nCeasul Swiss Military SMP36040.31 are m\u00e2ini \u0219i indici ilumina\u021bi, ceea ce \u00eel face u\u0219or de citit chiar \u0219i \u00een condi\u021bii de luminozitate sc\u0103zut\u0103.<\/p>","protected":false},"excerpt":{"rendered":"<p>Ceasul Swiss Military Mens SMP36040.31 este un companion sportiv din gama Day-Date Quartz 42mm 5ATM. O alegere ideal\u0103 dac\u0103 sunte\u021bi \u00een c\u0103utarea unui ceas cu un aspect izbitor. Carcasa este fabricat\u0103 din o\u021bel inoxidabil negru \u0219i atrage aten\u021bia datorit\u0103 finisajului s\u0103u mat, \u00een timp ce cristalul Saphire cu strat antireflex asigur\u0103 o protec\u021bie fiabil\u0103 \u00eempotriva [&hellip;]<\/p>\n","protected":false},"featured_media":56545,"comment_status":"closed","ping_status":"open","template":"","meta":{"_acf_changed":false},"product_brand":[],"product_cat":[20,572],"product_tag":[],"class_list":{"0":"post-56544","1":"product","2":"type-product","3":"status-publish","4":"has-post-thumbnail","6":"product_cat-ceasuri-barbati","7":"product_cat-swiss-military","8":"pa_brand-swiss-military","9":"pa_braslet-cauciuc","10":"pa_corpus-42-mm","11":"pa_forma-rotund","12":"pa_funcii-data","13":"pa_funcii-ziua-saptamanii","14":"pa_garatia-24-luni","15":"pa_korpus-negru","16":"pa_kvarc-quartz","17":"pa_material-otel-inoxidabil","18":"pa_mehanizm-quartz","19":"pa_remeshok-negru","20":"pa_steklo-cristal-safir","21":"pa_strana-elvetia","22":"pa_voda-5-atm","24":"first","25":"instock","26":"purchasable","27":"product-type-simple"},"acf":[],"_links":{"self":[{"href":"https:\/\/ceasuri.md\/ru\/wp-json\/wp\/v2\/product\/56544","targetHints":{"allow":["GET"]}}],"collection":[{"href":"https:\/\/ceasuri.md\/ru\/wp-json\/wp\/v2\/product"}],"about":[{"href":"https:\/\/ceasuri.md\/ru\/wp-json\/wp\/v2\/types\/product"}],"replies":[{"embeddable":true,"href":"https:\/\/ceasuri.md\/ru\/wp-json\/wp\/v2\/comments?post=56544"}],"wp:featuredmedia":[{"embeddable":true,"href":"https:\/\/ceasuri.md\/ru\/wp-json\/wp\/v2\/media\/56545"}],"wp:attachment":[{"href":"https:\/\/ceasuri.md\/ru\/wp-json\/wp\/v2\/media?parent=56544"}],"wp:term":[{"taxonomy":"product_brand","embeddable":true,"href":"https:\/\/ceasuri.md\/ru\/wp-json\/wp\/v2\/product_brand?post=56544"},{"taxonomy":"product_cat","embeddable":true,"href":"https:\/\/ceasuri.md\/ru\/wp-json\/wp\/v2\/product_cat?post=56544"},{"taxonomy":"product_tag","embeddable":true,"href":"https:\/\/ceasuri.md\/ru\/wp-json\/wp\/v2\/product_tag?post=56544"}],"curies":[{"name":"wp","href":"https:\/\/api.w.org\/{rel}","templated":true}]}}