{"id":56538,"date":"2026-04-03T00:31:15","date_gmt":"2026-04-02T21:31:15","guid":{"rendered":"http:\/\/new.ceasuri.md\/shop\/uncategorized\/swiss-military-by-chrono-sms34102-01\/"},"modified":"2026-04-20T01:43:33","modified_gmt":"2026-04-19T22:43:33","slug":"swiss-military-by-chrono-sms34102-01","status":"publish","type":"product","link":"https:\/\/ceasuri.md\/ru\/shop\/branduri\/swiss-military\/swiss-military-by-chrono-sms34102-01\/","title":{"rendered":"\u0427\u0430\u0441\u044b SWISS MILITARY BY CHRONO SMS34102.01"},"content":{"rendered":"<p>Experimenta\u021bi Swiss Military SMS34102.01 &#8211; un ceas sport solar elve\u021bian de top care \u00eembin\u0103 tehnologia avansat\u0103 cu sofisticarea sportiv\u0103. Ideal pentru aventuri sau purtare zilnic\u0103, acest ceas solar pentru b\u0103rba\u021bi v\u0103 men\u021bine la timp \u0219i elegant.<br \/>\nCeasul nostru sport solar elve\u021bian dispune de tehnologia avansat\u0103 a cuar\u021bului solar, care converte\u0219te lumina \u00een energie. Panoul solar de sub cadran capteaz\u0103 lumina natural\u0103 \u0219i artificial\u0103 pentru a alimenta o baterie re\u00eenc\u0103rcabil\u0103. Bateria complet \u00eenc\u0103rcat\u0103 ofer\u0103 p\u00e2n\u0103 la 8 luni de func\u021bionare fiabil\u0103, chiar \u0219i \u00een \u00eentuneric, \u0219i se re\u00eencarc\u0103 automat cu fiecare expunere la lumin\u0103, prelungind timpul de func\u021bionare. Acest sistem ecologic elimin\u0103 necesitatea \u00eenlocuirii bateriilor, asigur\u00e2nd o func\u021bionare continu\u0103, cu auto\u00eenc\u0103rcare, cu un impact minim asupra mediului.<\/p>","protected":false},"excerpt":{"rendered":"<p>Experimenta\u021bi Swiss Military SMS34102.01 &#8211; un ceas sport solar elve\u021bian de top care \u00eembin\u0103 tehnologia avansat\u0103 cu sofisticarea sportiv\u0103. Ideal pentru aventuri sau purtare zilnic\u0103, acest ceas solar pentru b\u0103rba\u021bi v\u0103 men\u021bine la timp \u0219i elegant. Ceasul nostru sport solar elve\u021bian dispune de tehnologia avansat\u0103 a cuar\u021bului solar, care converte\u0219te lumina \u00een energie. Panoul solar [&hellip;]<\/p>\n","protected":false},"featured_media":56539,"comment_status":"closed","ping_status":"open","template":"","meta":{"_acf_changed":false},"product_brand":[],"product_cat":[20,572],"product_tag":[],"class_list":{"0":"post-56538","1":"product","2":"type-product","3":"status-publish","4":"has-post-thumbnail","6":"product_cat-ceasuri-barbati","7":"product_cat-swiss-military","8":"pa_brand-swiss-military","9":"pa_braslet-otel-inoxidabil","10":"pa_corpus-43-mm","11":"pa_forma-rotund","12":"pa_funcii-data","13":"pa_garatia-24-luni","14":"pa_korpus-argintiu","15":"pa_kvarc-quartz","16":"pa_material-otel-inoxidabil","17":"pa_mehanizm-baterie-solara","18":"pa_remeshok-argintiu","19":"pa_steklo-cristal-safir","20":"pa_strana-elvetia","21":"pa_voda-10-atm","23":"first","24":"instock","25":"purchasable","26":"product-type-simple"},"acf":[],"_links":{"self":[{"href":"https:\/\/ceasuri.md\/ru\/wp-json\/wp\/v2\/product\/56538","targetHints":{"allow":["GET"]}}],"collection":[{"href":"https:\/\/ceasuri.md\/ru\/wp-json\/wp\/v2\/product"}],"about":[{"href":"https:\/\/ceasuri.md\/ru\/wp-json\/wp\/v2\/types\/product"}],"replies":[{"embeddable":true,"href":"https:\/\/ceasuri.md\/ru\/wp-json\/wp\/v2\/comments?post=56538"}],"wp:featuredmedia":[{"embeddable":true,"href":"https:\/\/ceasuri.md\/ru\/wp-json\/wp\/v2\/media\/56539"}],"wp:attachment":[{"href":"https:\/\/ceasuri.md\/ru\/wp-json\/wp\/v2\/media?parent=56538"}],"wp:term":[{"taxonomy":"product_brand","embeddable":true,"href":"https:\/\/ceasuri.md\/ru\/wp-json\/wp\/v2\/product_brand?post=56538"},{"taxonomy":"product_cat","embeddable":true,"href":"https:\/\/ceasuri.md\/ru\/wp-json\/wp\/v2\/product_cat?post=56538"},{"taxonomy":"product_tag","embeddable":true,"href":"https:\/\/ceasuri.md\/ru\/wp-json\/wp\/v2\/product_tag?post=56538"}],"curies":[{"name":"wp","href":"https:\/\/api.w.org\/{rel}","templated":true}]}}