{"id":56529,"date":"2024-11-29T09:02:13","date_gmt":"2024-11-29T07:02:13","guid":{"rendered":"http:\/\/new.ceasuri.md\/shop\/uncategorized\/swiss-military-by-chrono-sms34102-04\/"},"modified":"2026-05-01T19:08:05","modified_gmt":"2026-05-01T16:08:05","slug":"swiss-military-by-chrono-sms34102-04","status":"publish","type":"product","link":"https:\/\/ceasuri.md\/ru\/shop\/branduri\/swiss-military\/swiss-military-by-chrono-sms34102-04\/","title":{"rendered":"\u0427\u0430\u0441\u044b SWISS MILITARY BY CHRONO SMS34102.04"},"content":{"rendered":"<p>Face\u021bi cuno\u0219tin\u021b\u0103 cu Swiss Military SMS34102.04, un ceas sport solar fabricat \u00een Elve\u021bia, robust \u0219i elegant. Conceput pentru un stil de via\u021b\u0103 activ, acesta combin\u0103 tehnologia solar\u0103 ecologic\u0103 cu precizia elve\u021bian\u0103.<br \/>\nSwiss Military SMS34102.04 este combina\u021bia perfect\u0103 de eficien\u021b\u0103 solar\u0103, design robust \u0219i m\u0103iestrie elve\u021bian\u0103 &#8211; ceasul solar elve\u021bian perfect pentru orice aventur\u0103.<br \/>\nCeasul nostru sport solar elve\u021bian dispune de tehnologia avansat\u0103 a cuar\u021bului solar, care converte\u0219te lumina \u00een energie. Panoul solar de sub cadran capteaz\u0103 lumina natural\u0103 \u0219i artificial\u0103 pentru a alimenta o baterie re\u00eenc\u0103rcabil\u0103. Bateria complet \u00eenc\u0103rcat\u0103 ofer\u0103 p\u00e2n\u0103 la 8 luni de func\u021bionare fiabil\u0103, chiar \u0219i \u00een \u00eentuneric, \u0219i se re\u00eencarc\u0103 automat cu fiecare expunere la lumin\u0103, prelungind timpul de func\u021bionare. Acest sistem ecologic elimin\u0103 necesitatea \u00eenlocuirii bateriilor, asigur\u00e2nd o func\u021bionare continu\u0103, cu auto\u00eenc\u0103rcare, cu un impact minim asupra mediului.<\/p>","protected":false},"excerpt":{"rendered":"<p>Face\u021bi cuno\u0219tin\u021b\u0103 cu Swiss Military SMS34102.04, un ceas sport solar fabricat \u00een Elve\u021bia, robust \u0219i elegant. Conceput pentru un stil de via\u021b\u0103 activ, acesta combin\u0103 tehnologia solar\u0103 ecologic\u0103 cu precizia elve\u021bian\u0103. Swiss Military SMS34102.04 este combina\u021bia perfect\u0103 de eficien\u021b\u0103 solar\u0103, design robust \u0219i m\u0103iestrie elve\u021bian\u0103 &#8211; ceasul solar elve\u021bian perfect pentru orice aventur\u0103. Ceasul nostru [&hellip;]<\/p>\n","protected":false},"featured_media":56530,"comment_status":"closed","ping_status":"open","template":"","meta":{"_acf_changed":false},"product_brand":[],"product_cat":[20,572],"product_tag":[],"class_list":{"0":"post-56529","1":"product","2":"type-product","3":"status-publish","4":"has-post-thumbnail","6":"product_cat-ceasuri-barbati","7":"product_cat-swiss-military","8":"pa_brand-swiss-military","9":"pa_braslet-cauciuc","10":"pa_corpus-43-mm","11":"pa_forma-rotund","12":"pa_funcii-data","13":"pa_garatia-24-luni","14":"pa_korpus-argintiu","15":"pa_kvarc-quartz","16":"pa_material-otel-inoxidabil","17":"pa_mehanizm-baterie-solara","18":"pa_remeshok-albastru","19":"pa_steklo-cristal-safir","20":"pa_strana-elvetia","21":"pa_voda-10-atm","23":"first","24":"instock","25":"purchasable","26":"product-type-simple"},"acf":[],"_links":{"self":[{"href":"https:\/\/ceasuri.md\/ru\/wp-json\/wp\/v2\/product\/56529","targetHints":{"allow":["GET"]}}],"collection":[{"href":"https:\/\/ceasuri.md\/ru\/wp-json\/wp\/v2\/product"}],"about":[{"href":"https:\/\/ceasuri.md\/ru\/wp-json\/wp\/v2\/types\/product"}],"replies":[{"embeddable":true,"href":"https:\/\/ceasuri.md\/ru\/wp-json\/wp\/v2\/comments?post=56529"}],"wp:featuredmedia":[{"embeddable":true,"href":"https:\/\/ceasuri.md\/ru\/wp-json\/wp\/v2\/media\/56530"}],"wp:attachment":[{"href":"https:\/\/ceasuri.md\/ru\/wp-json\/wp\/v2\/media?parent=56529"}],"wp:term":[{"taxonomy":"product_brand","embeddable":true,"href":"https:\/\/ceasuri.md\/ru\/wp-json\/wp\/v2\/product_brand?post=56529"},{"taxonomy":"product_cat","embeddable":true,"href":"https:\/\/ceasuri.md\/ru\/wp-json\/wp\/v2\/product_cat?post=56529"},{"taxonomy":"product_tag","embeddable":true,"href":"https:\/\/ceasuri.md\/ru\/wp-json\/wp\/v2\/product_tag?post=56529"}],"curies":[{"name":"wp","href":"https:\/\/api.w.org\/{rel}","templated":true}]}}