{"id":56518,"date":"2026-04-03T00:30:40","date_gmt":"2026-04-02T21:30:40","guid":{"rendered":"http:\/\/new.ceasuri.md\/shop\/uncategorized\/cover-langham-co123-41\/"},"modified":"2026-04-20T01:42:43","modified_gmt":"2026-04-19T22:42:43","slug":"cover-langham-co123-41","status":"publish","type":"product","link":"https:\/\/ceasuri.md\/ru\/shop\/branduri\/cover\/cover-langham-co123-41\/","title":{"rendered":"Ceas COVER LANGHAM CO123.41"},"content":{"rendered":"<p>COVER este o garan\u021bie de \u00eenalt\u0103 calitate, garantat\u0103 de faimoasa marc\u0103 mondial\u0103 SWISS MADE. Standardele \u00eenalte de calitate ale COVER sunt atinse prin utilizarea abilit\u0103\u021bilor tradi\u021bionale \u0219i a solu\u021biilor inovatoare ale unor ceasornicari elve\u021bieni experimenta\u021bi \u0219i prin aplicarea celor mai moderne \u0219i unice instrumente \u00een realizarea tuturor modelelor COVER, asigur\u00e2nd astfel cea mai \u00eenalt\u0103 precizie \u00een ceasornic\u0103rie. <\/p>\n<p>Crearea de ceasuri unice \u0219i captivante reprezint\u0103 nucleul \u00eentreprinderii. La sediul COVER din ora\u0219ul istoric Solothurn, toate ceasurile COVER sunt fabricate manual cu pasiune, pentru o calitate Swiss Made care poate fi sim\u021bit\u0103 \u0219i v\u0103zut\u0103 de la prima vedere. COVER s-a impus cu succes \u00een peste 50 de \u021b\u0103ri din \u00eentreaga lume; este cu adev\u0103rat o marc\u0103 interna\u021bional\u0103 conving\u0103toare.<\/p>","protected":false},"excerpt":{"rendered":"<p>COVER este o garan\u021bie de \u00eenalt\u0103 calitate, garantat\u0103 de faimoasa marc\u0103 mondial\u0103 SWISS MADE. Standardele \u00eenalte de calitate ale COVER sunt atinse prin utilizarea abilit\u0103\u021bilor tradi\u021bionale \u0219i a solu\u021biilor inovatoare ale unor ceasornicari elve\u021bieni experimenta\u021bi \u0219i prin aplicarea celor mai moderne \u0219i unice instrumente \u00een realizarea tuturor modelelor COVER, asigur\u00e2nd astfel cea mai \u00eenalt\u0103 precizie [&hellip;]<\/p>\n","protected":false},"featured_media":56519,"comment_status":"closed","ping_status":"open","template":"","meta":{"_acf_changed":false},"product_brand":[],"product_cat":[20,25,204],"product_tag":[],"class_list":{"0":"post-56518","1":"product","2":"type-product","3":"status-publish","4":"has-post-thumbnail","6":"product_cat-ceasuri-barbati","7":"product_cat-ceasuri-dama","8":"product_cat-cover","9":"pa_brand-cover","10":"pa_braslet-otel-inoxidabil","11":"pa_corpus-39-mm","12":"pa_forma-rotund","13":"pa_funcii-data","14":"pa_garatia-24-luni","15":"pa_korpus-argintiu","16":"pa_kvarc-quartz","17":"pa_material-otel-inoxidabil","18":"pa_mehanizm-quartz","19":"pa_remeshok-argintiu","20":"pa_steklo-cristal-safir","21":"pa_strana-elvetia","22":"pa_voda-3-atm","24":"first","25":"instock","26":"purchasable","27":"product-type-simple"},"acf":[],"_links":{"self":[{"href":"https:\/\/ceasuri.md\/ru\/wp-json\/wp\/v2\/product\/56518","targetHints":{"allow":["GET"]}}],"collection":[{"href":"https:\/\/ceasuri.md\/ru\/wp-json\/wp\/v2\/product"}],"about":[{"href":"https:\/\/ceasuri.md\/ru\/wp-json\/wp\/v2\/types\/product"}],"replies":[{"embeddable":true,"href":"https:\/\/ceasuri.md\/ru\/wp-json\/wp\/v2\/comments?post=56518"}],"wp:featuredmedia":[{"embeddable":true,"href":"https:\/\/ceasuri.md\/ru\/wp-json\/wp\/v2\/media\/56519"}],"wp:attachment":[{"href":"https:\/\/ceasuri.md\/ru\/wp-json\/wp\/v2\/media?parent=56518"}],"wp:term":[{"taxonomy":"product_brand","embeddable":true,"href":"https:\/\/ceasuri.md\/ru\/wp-json\/wp\/v2\/product_brand?post=56518"},{"taxonomy":"product_cat","embeddable":true,"href":"https:\/\/ceasuri.md\/ru\/wp-json\/wp\/v2\/product_cat?post=56518"},{"taxonomy":"product_tag","embeddable":true,"href":"https:\/\/ceasuri.md\/ru\/wp-json\/wp\/v2\/product_tag?post=56518"}],"curies":[{"name":"wp","href":"https:\/\/api.w.org\/{rel}","templated":true}]}}