{"id":56494,"date":"2024-11-29T08:02:24","date_gmt":"2024-11-29T06:02:24","guid":{"rendered":"http:\/\/new.ceasuri.md\/shop\/uncategorized\/cover-sandara-crystal-co203-08\/"},"modified":"2026-05-01T19:07:39","modified_gmt":"2026-05-01T16:07:39","slug":"cover-sandara-crystal-co203-08","status":"publish","type":"product","link":"https:\/\/ceasuri.md\/ru\/shop\/branduri\/cover\/cover-sandara-crystal-co203-08\/","title":{"rendered":"\u0427\u0430\u0441\u044b COVER Sandara Crystal CO203.08"},"content":{"rendered":"<p>\u00cembr\u0103\u021bi\u0219a\u021bi elegan\u021ba senin\u0103 cu modelul COVER Sandara \u00een albastru deschis. Acest ceas argintiu complet prezint\u0103 un cadran moale cu raze de soare albastru deschis, cu indici discre\u021bi pentru sferturi de or\u0103 \u0219i cristale str\u0103lucitoare care \u00eencadreaz\u0103 carcasa. Br\u0103\u021bara sa din o\u021bel inoxidabil \u0219i designul discret \u00eel fac o pies\u0103 versatil\u0103, perfect\u0103 pentru a ad\u0103uga o not\u0103 de rafinament oric\u0103rei \u021binute.<br \/>\nFabricat \u00een Elve\u021bia, asamblat manual \u00een atelierul nostru intern de ceasornic\u0103rie \u0219i echipat cu o mi\u0219care elve\u021bian\u0103 Ronda cu cuar\u021b, acest ceas combin\u0103 elegan\u021ba cu performan\u021ba fiabil\u0103.<\/p>","protected":false},"excerpt":{"rendered":"<p>\u00cembr\u0103\u021bi\u0219a\u021bi elegan\u021ba senin\u0103 cu modelul COVER Sandara \u00een albastru deschis. Acest ceas argintiu complet prezint\u0103 un cadran moale cu raze de soare albastru deschis, cu indici discre\u021bi pentru sferturi de or\u0103 \u0219i cristale str\u0103lucitoare care \u00eencadreaz\u0103 carcasa. Br\u0103\u021bara sa din o\u021bel inoxidabil \u0219i designul discret \u00eel fac o pies\u0103 versatil\u0103, perfect\u0103 pentru a ad\u0103uga o [&hellip;]<\/p>\n","protected":false},"featured_media":56495,"comment_status":"closed","ping_status":"open","template":"","meta":{"_acf_changed":false},"product_brand":[],"product_cat":[25,204],"product_tag":[],"class_list":{"0":"post-56494","1":"product","2":"type-product","3":"status-publish","4":"has-post-thumbnail","6":"product_cat-ceasuri-dama","7":"product_cat-cover","8":"pa_brand-cover","9":"pa_braslet-otel-inoxidabil","10":"pa_corpus-28-mm","11":"pa_decor-cristale-swarowski","12":"pa_forma-rotund","13":"pa_garatia-24-luni","14":"pa_korpus-argintiu","15":"pa_kvarc-quartz","16":"pa_material-otel-inoxidabil","17":"pa_mehanizm-quartz","18":"pa_remeshok-argintiu","19":"pa_steklo-cristal-safir","20":"pa_strana-elvetia","21":"pa_voda-5-atm","23":"first","24":"outofstock","25":"purchasable","26":"product-type-simple"},"acf":[],"_links":{"self":[{"href":"https:\/\/ceasuri.md\/ru\/wp-json\/wp\/v2\/product\/56494","targetHints":{"allow":["GET"]}}],"collection":[{"href":"https:\/\/ceasuri.md\/ru\/wp-json\/wp\/v2\/product"}],"about":[{"href":"https:\/\/ceasuri.md\/ru\/wp-json\/wp\/v2\/types\/product"}],"replies":[{"embeddable":true,"href":"https:\/\/ceasuri.md\/ru\/wp-json\/wp\/v2\/comments?post=56494"}],"wp:featuredmedia":[{"embeddable":true,"href":"https:\/\/ceasuri.md\/ru\/wp-json\/wp\/v2\/media\/56495"}],"wp:attachment":[{"href":"https:\/\/ceasuri.md\/ru\/wp-json\/wp\/v2\/media?parent=56494"}],"wp:term":[{"taxonomy":"product_brand","embeddable":true,"href":"https:\/\/ceasuri.md\/ru\/wp-json\/wp\/v2\/product_brand?post=56494"},{"taxonomy":"product_cat","embeddable":true,"href":"https:\/\/ceasuri.md\/ru\/wp-json\/wp\/v2\/product_cat?post=56494"},{"taxonomy":"product_tag","embeddable":true,"href":"https:\/\/ceasuri.md\/ru\/wp-json\/wp\/v2\/product_tag?post=56494"}],"curies":[{"name":"wp","href":"https:\/\/api.w.org\/{rel}","templated":true}]}}