{"id":56478,"date":"2026-04-03T00:30:40","date_gmt":"2026-04-02T21:30:40","guid":{"rendered":"http:\/\/new.ceasuri.md\/shop\/uncategorized\/cover-saraya-crystal-co206-03\/"},"modified":"2026-04-20T01:43:12","modified_gmt":"2026-04-19T22:43:12","slug":"cover-saraya-crystal-co206-03","status":"publish","type":"product","link":"https:\/\/ceasuri.md\/ru\/shop\/branduri\/cover\/cover-saraya-crystal-co206-03\/","title":{"rendered":"\u0427\u0430\u0441\u044b COVER Saraya Crystal CO206.03"},"content":{"rendered":"<p>Descoperi\u021bi \u00eentruchiparea elegan\u021bei minimaliste cu ceasul nostru pentru femei bicolor Swiss Made COVER SARAYA. Aceast\u0103 crea\u021bie uimitoare are un luneta sub\u021bire \u00eempodobit\u0103 cu cristale str\u0103lucitoare, ad\u0103ug\u00e2nd o not\u0103 de rafinament oric\u0103rei ocazii. Designul bicolor argintiu \u0219i auriu roz, inclusiv carcasa \u0219i banda ceasului, asociat cu cadranul simplu \u0219i minimalist din nuc\u0103 de nuc\u0103 alb\u0103, eman\u0103 un farmec coerent \u0219i rafinat, care completeaz\u0103 f\u0103r\u0103 efort at\u00e2t \u021binutele casual, c\u00e2t \u0219i cele formale.<br \/>\nSaraya este alimentat de o mi\u0219care precis\u0103 cu cuar\u021b elve\u021bian, asigur\u00e2nd o cronometrare fiabil\u0103 \u0219i precis\u0103. Proiectat cu versatilitatea \u00een minte, acest ceas elegant pentru femei este accesoriul perfect pentru a v\u0103 ridica stilul pentru orice eveniment.<br \/>\nFabricat manual \u00een atelierul nostru de ceasornic\u0103rie. Experimenta\u021bi frumuse\u021bea atemporal\u0103 \u0219i caracterul practic al ceasului Saraya \u0219i face\u021bi fiecare moment de neuitat.<\/p>","protected":false},"excerpt":{"rendered":"<p>Descoperi\u021bi \u00eentruchiparea elegan\u021bei minimaliste cu ceasul nostru pentru femei bicolor Swiss Made COVER SARAYA. Aceast\u0103 crea\u021bie uimitoare are un luneta sub\u021bire \u00eempodobit\u0103 cu cristale str\u0103lucitoare, ad\u0103ug\u00e2nd o not\u0103 de rafinament oric\u0103rei ocazii. Designul bicolor argintiu \u0219i auriu roz, inclusiv carcasa \u0219i banda ceasului, asociat cu cadranul simplu \u0219i minimalist din nuc\u0103 de nuc\u0103 alb\u0103, eman\u0103 [&hellip;]<\/p>\n","protected":false},"featured_media":56479,"comment_status":"closed","ping_status":"open","template":"","meta":{"_acf_changed":false},"product_brand":[],"product_cat":[25,204],"product_tag":[],"class_list":{"0":"post-56478","1":"product","2":"type-product","3":"status-publish","4":"has-post-thumbnail","6":"product_cat-ceasuri-dama","7":"product_cat-cover","8":"pa_brand-cover","9":"pa_braslet-otel-inoxidabil","10":"pa_corpus-36-mm","11":"pa_decor-cristale-swarowski","12":"pa_forma-rotund","13":"pa_garatia-24-luni","14":"pa_korpus-argintiu","15":"pa_korpus-roz-gold","16":"pa_kvarc-quartz","17":"pa_material-otel-inoxidabil","18":"pa_mehanizm-quartz","19":"pa_remeshok-argintiu","20":"pa_remeshok-roz-gold","21":"pa_steklo-cristal-mineral","22":"pa_strana-elvetia","23":"pa_voda-5-atm","25":"first","26":"instock","27":"purchasable","28":"product-type-simple"},"acf":[],"_links":{"self":[{"href":"https:\/\/ceasuri.md\/ru\/wp-json\/wp\/v2\/product\/56478","targetHints":{"allow":["GET"]}}],"collection":[{"href":"https:\/\/ceasuri.md\/ru\/wp-json\/wp\/v2\/product"}],"about":[{"href":"https:\/\/ceasuri.md\/ru\/wp-json\/wp\/v2\/types\/product"}],"replies":[{"embeddable":true,"href":"https:\/\/ceasuri.md\/ru\/wp-json\/wp\/v2\/comments?post=56478"}],"wp:featuredmedia":[{"embeddable":true,"href":"https:\/\/ceasuri.md\/ru\/wp-json\/wp\/v2\/media\/56479"}],"wp:attachment":[{"href":"https:\/\/ceasuri.md\/ru\/wp-json\/wp\/v2\/media?parent=56478"}],"wp:term":[{"taxonomy":"product_brand","embeddable":true,"href":"https:\/\/ceasuri.md\/ru\/wp-json\/wp\/v2\/product_brand?post=56478"},{"taxonomy":"product_cat","embeddable":true,"href":"https:\/\/ceasuri.md\/ru\/wp-json\/wp\/v2\/product_cat?post=56478"},{"taxonomy":"product_tag","embeddable":true,"href":"https:\/\/ceasuri.md\/ru\/wp-json\/wp\/v2\/product_tag?post=56478"}],"curies":[{"name":"wp","href":"https:\/\/api.w.org\/{rel}","templated":true}]}}