{"id":56474,"date":"2026-04-03T00:30:40","date_gmt":"2026-04-02T21:30:40","guid":{"rendered":"http:\/\/new.ceasuri.md\/shop\/uncategorized\/cover-valentina-chrono-co207-03\/"},"modified":"2026-04-20T01:43:13","modified_gmt":"2026-04-19T22:43:13","slug":"cover-valentina-chrono-co207-03","status":"publish","type":"product","link":"https:\/\/ceasuri.md\/ru\/shop\/branduri\/cover\/cover-valentina-chrono-co207-03\/","title":{"rendered":"\u0427\u0430\u0441\u044b COVER VALENTINA Chrono CO207.03"},"content":{"rendered":"<p>Ceasul COVER Valentina Chronograph pentru femei are un cadran rafinat din nuc\u0103 de perle alb\u0103, \u00een cadrul unei carcase \u0219i al unei br\u0103\u021b\u0103ri din o\u021bel inoxidabil auriu. Cadranul, accentuat cu cristale radiante, este protejat de sticl\u0103 de safir rezistent\u0103 la zg\u00e2rieturi. Acest cronograf Swiss Made ofer\u0103 func\u021bii precise de m\u0103surare a timpului \u0219i cronometru, \u00eembin\u00e2nd designul elegant cu caracteristicile practice.<br \/>\nAsamblat manual \u00een atelierul nostru in-house de ceasornic\u0103rie.<\/p>","protected":false},"excerpt":{"rendered":"<p>Ceasul COVER Valentina Chronograph pentru femei are un cadran rafinat din nuc\u0103 de perle alb\u0103, \u00een cadrul unei carcase \u0219i al unei br\u0103\u021b\u0103ri din o\u021bel inoxidabil auriu. Cadranul, accentuat cu cristale radiante, este protejat de sticl\u0103 de safir rezistent\u0103 la zg\u00e2rieturi. Acest cronograf Swiss Made ofer\u0103 func\u021bii precise de m\u0103surare a timpului \u0219i cronometru, \u00eembin\u00e2nd [&hellip;]<\/p>\n","protected":false},"featured_media":56475,"comment_status":"closed","ping_status":"open","template":"","meta":{"_acf_changed":false},"product_brand":[],"product_cat":[25,204],"product_tag":[],"class_list":{"0":"post-56474","1":"product","2":"type-product","3":"status-publish","4":"has-post-thumbnail","6":"product_cat-ceasuri-dama","7":"product_cat-cover","8":"pa_brand-cover","9":"pa_braslet-otel-inoxidabil","10":"pa_corpus-38-mm","11":"pa_decor-cristale-swarowski","12":"pa_forma-rotund","13":"pa_funcii-cronograf","14":"pa_funcii-data","15":"pa_funcii-tahimetru","16":"pa_garatia-24-luni","17":"pa_korpus-auriu","18":"pa_kvarc-quartz","19":"pa_material-otel-inoxidabil","20":"pa_mehanizm-quartz","21":"pa_remeshok-auriu","22":"pa_steklo-cristal-safir","23":"pa_strana-elvetia","24":"pa_voda-5-atm","26":"first","27":"instock","28":"purchasable","29":"product-type-simple"},"acf":[],"_links":{"self":[{"href":"https:\/\/ceasuri.md\/ru\/wp-json\/wp\/v2\/product\/56474","targetHints":{"allow":["GET"]}}],"collection":[{"href":"https:\/\/ceasuri.md\/ru\/wp-json\/wp\/v2\/product"}],"about":[{"href":"https:\/\/ceasuri.md\/ru\/wp-json\/wp\/v2\/types\/product"}],"replies":[{"embeddable":true,"href":"https:\/\/ceasuri.md\/ru\/wp-json\/wp\/v2\/comments?post=56474"}],"wp:featuredmedia":[{"embeddable":true,"href":"https:\/\/ceasuri.md\/ru\/wp-json\/wp\/v2\/media\/56475"}],"wp:attachment":[{"href":"https:\/\/ceasuri.md\/ru\/wp-json\/wp\/v2\/media?parent=56474"}],"wp:term":[{"taxonomy":"product_brand","embeddable":true,"href":"https:\/\/ceasuri.md\/ru\/wp-json\/wp\/v2\/product_brand?post=56474"},{"taxonomy":"product_cat","embeddable":true,"href":"https:\/\/ceasuri.md\/ru\/wp-json\/wp\/v2\/product_cat?post=56474"},{"taxonomy":"product_tag","embeddable":true,"href":"https:\/\/ceasuri.md\/ru\/wp-json\/wp\/v2\/product_tag?post=56474"}],"curies":[{"name":"wp","href":"https:\/\/api.w.org\/{rel}","templated":true}]}}