{"id":56469,"date":"2026-04-03T00:30:40","date_gmt":"2026-04-02T21:30:40","guid":{"rendered":"http:\/\/new.ceasuri.md\/shop\/uncategorized\/cover-cardea-co211-01\/"},"modified":"2026-04-17T19:43:41","modified_gmt":"2026-04-17T16:43:41","slug":"cover-cardea-co211-01","status":"publish","type":"product","link":"https:\/\/ceasuri.md\/ru\/shop\/branduri\/cover\/cover-cardea-co211-01\/","title":{"rendered":"Ceas COVER Cardea CO211.01"},"content":{"rendered":"<p>\u00cembr\u0103\u021bi\u0219a\u021bi sofisticarea atemporal\u0103 cu ceasul pentru femei Swiss Made COVER Cardea. Cu o carcas\u0103 \u0219i o br\u0103\u021bar\u0103 elegante din o\u021bel inoxidabil, acest ceas rafinat radiaz\u0103 elegan\u021b\u0103 rafinat\u0103. Sticla de safir rezistent\u0103 la zg\u00e2rieturi protejeaz\u0103 cadranul fermec\u0103tor albastru deschis cu raze de soare, asigur\u00e2nd at\u00e2t stilul, c\u00e2t \u0219i durabilitatea. Ac\u021bionat de o mi\u0219care precis\u0103 cu cuar\u021b cu trei m\u00e2ini, ceasul Cardea ofer\u0103 acurate\u021be \u0219i fiabilitate impecabile, fiind un companion perfect pentru orice ocazie.<br \/>\nFabricat \u00een Elve\u021bia \u0219i asamblat manual \u00een atelierul nostru in-house de ceasornic\u0103rie, ceasul COVER Cardea este o m\u0103rturie a m\u0103iestriei excep\u021bionale.<\/p>","protected":false},"excerpt":{"rendered":"<p>\u00cembr\u0103\u021bi\u0219a\u021bi sofisticarea atemporal\u0103 cu ceasul pentru femei Swiss Made COVER Cardea. Cu o carcas\u0103 \u0219i o br\u0103\u021bar\u0103 elegante din o\u021bel inoxidabil, acest ceas rafinat radiaz\u0103 elegan\u021b\u0103 rafinat\u0103. Sticla de safir rezistent\u0103 la zg\u00e2rieturi protejeaz\u0103 cadranul fermec\u0103tor albastru deschis cu raze de soare, asigur\u00e2nd at\u00e2t stilul, c\u00e2t \u0219i durabilitatea. Ac\u021bionat de o mi\u0219care precis\u0103 cu cuar\u021b [&hellip;]<\/p>\n","protected":false},"featured_media":56470,"comment_status":"closed","ping_status":"open","template":"","meta":{"_acf_changed":false},"product_brand":[],"product_cat":[25,204],"product_tag":[],"class_list":{"0":"post-56469","1":"product","2":"type-product","3":"status-publish","4":"has-post-thumbnail","6":"product_cat-ceasuri-dama","7":"product_cat-cover","8":"pa_brand-cover","9":"pa_braslet-otel-inoxidabil","10":"pa_corpus-32-mm","11":"pa_forma-rotund","12":"pa_funcii-offset-second-hand","13":"pa_garatia-24-luni","14":"pa_korpus-argintiu","15":"pa_kvarc-quartz","16":"pa_material-otel-inoxidabil","17":"pa_mehanizm-quartz","18":"pa_remeshok-argintiu","19":"pa_steklo-cristal-safir","20":"pa_strana-elvetia","21":"pa_voda-5-atm","23":"first","24":"instock","25":"purchasable","26":"product-type-simple"},"acf":[],"_links":{"self":[{"href":"https:\/\/ceasuri.md\/ru\/wp-json\/wp\/v2\/product\/56469","targetHints":{"allow":["GET"]}}],"collection":[{"href":"https:\/\/ceasuri.md\/ru\/wp-json\/wp\/v2\/product"}],"about":[{"href":"https:\/\/ceasuri.md\/ru\/wp-json\/wp\/v2\/types\/product"}],"replies":[{"embeddable":true,"href":"https:\/\/ceasuri.md\/ru\/wp-json\/wp\/v2\/comments?post=56469"}],"wp:featuredmedia":[{"embeddable":true,"href":"https:\/\/ceasuri.md\/ru\/wp-json\/wp\/v2\/media\/56470"}],"wp:attachment":[{"href":"https:\/\/ceasuri.md\/ru\/wp-json\/wp\/v2\/media?parent=56469"}],"wp:term":[{"taxonomy":"product_brand","embeddable":true,"href":"https:\/\/ceasuri.md\/ru\/wp-json\/wp\/v2\/product_brand?post=56469"},{"taxonomy":"product_cat","embeddable":true,"href":"https:\/\/ceasuri.md\/ru\/wp-json\/wp\/v2\/product_cat?post=56469"},{"taxonomy":"product_tag","embeddable":true,"href":"https:\/\/ceasuri.md\/ru\/wp-json\/wp\/v2\/product_tag?post=56469"}],"curies":[{"name":"wp","href":"https:\/\/api.w.org\/{rel}","templated":true}]}}