{"id":56467,"date":"2026-04-03T00:29:56","date_gmt":"2026-04-02T21:29:56","guid":{"rendered":"http:\/\/new.ceasuri.md\/shop\/uncategorized\/cover-cardea-co211-02\/"},"modified":"2026-04-07T04:54:47","modified_gmt":"2026-04-07T01:54:47","slug":"cover-cardea-co211-02","status":"publish","type":"product","link":"https:\/\/ceasuri.md\/ru\/shop\/branduri\/cover\/cover-cardea-co211-02\/","title":{"rendered":"Ceas COVER Cardea CO211.02"},"content":{"rendered":"<p>Ceasul bicolor pentru femei Swiss Made COVER Cardea \u00eembin\u0103 o\u021belul inoxidabil cu accente aurii pentru un aspect cu adev\u0103rat luxos. Cadranul s\u0103u radiant argintiu cu raze de soare, protejat de sticl\u0103 safir rezistent\u0103 la zg\u00e2rieturi, adaug\u0103 o not\u0103 de rafinament acestui design atemporal. Mi\u0219carea precis\u0103 cu cuar\u021b cu trei m\u00e2ini asigur\u0103 o performan\u021b\u0103 \u0219i o acurate\u021be optime, \u00een timp ce detaliile bicolore \u00een nuan\u021be aurii sporesc farmecul clasic al ceasului Cardea.<br \/>\nAsamblat manual \u00een atelierul nostru in-house de ceasornic\u0103rie, acest ceas Swiss Made COVER Cardea este o marc\u0103 a m\u0103iestriei adev\u0103rate.<\/p>","protected":false},"excerpt":{"rendered":"<p>Ceasul bicolor pentru femei Swiss Made COVER Cardea \u00eembin\u0103 o\u021belul inoxidabil cu accente aurii pentru un aspect cu adev\u0103rat luxos. Cadranul s\u0103u radiant argintiu cu raze de soare, protejat de sticl\u0103 safir rezistent\u0103 la zg\u00e2rieturi, adaug\u0103 o not\u0103 de rafinament acestui design atemporal. Mi\u0219carea precis\u0103 cu cuar\u021b cu trei m\u00e2ini asigur\u0103 o performan\u021b\u0103 \u0219i o [&hellip;]<\/p>\n","protected":false},"featured_media":56468,"comment_status":"closed","ping_status":"open","template":"","meta":{"_acf_changed":false},"product_brand":[],"product_cat":[25,204],"product_tag":[],"class_list":{"0":"post-56467","1":"product","2":"type-product","3":"status-publish","4":"has-post-thumbnail","6":"product_cat-ceasuri-dama","7":"product_cat-cover","8":"pa_brand-cover","9":"pa_braslet-otel-inoxidabil","10":"pa_corpus-32-mm","11":"pa_forma-rotund","12":"pa_funcii-offset-second-hand","13":"pa_garatia-24-luni","14":"pa_korpus-argintiu","15":"pa_material-otel-inoxidabil","16":"pa_mehanizm-quartz","17":"pa_remeshok-bicolor","18":"pa_steklo-cristal-safir","19":"pa_strana-elvetia","20":"pa_voda-5-atm","22":"first","23":"instock","24":"purchasable","25":"product-type-simple"},"acf":[],"_links":{"self":[{"href":"https:\/\/ceasuri.md\/ru\/wp-json\/wp\/v2\/product\/56467","targetHints":{"allow":["GET"]}}],"collection":[{"href":"https:\/\/ceasuri.md\/ru\/wp-json\/wp\/v2\/product"}],"about":[{"href":"https:\/\/ceasuri.md\/ru\/wp-json\/wp\/v2\/types\/product"}],"replies":[{"embeddable":true,"href":"https:\/\/ceasuri.md\/ru\/wp-json\/wp\/v2\/comments?post=56467"}],"wp:featuredmedia":[{"embeddable":true,"href":"https:\/\/ceasuri.md\/ru\/wp-json\/wp\/v2\/media\/56468"}],"wp:attachment":[{"href":"https:\/\/ceasuri.md\/ru\/wp-json\/wp\/v2\/media?parent=56467"}],"wp:term":[{"taxonomy":"product_brand","embeddable":true,"href":"https:\/\/ceasuri.md\/ru\/wp-json\/wp\/v2\/product_brand?post=56467"},{"taxonomy":"product_cat","embeddable":true,"href":"https:\/\/ceasuri.md\/ru\/wp-json\/wp\/v2\/product_cat?post=56467"},{"taxonomy":"product_tag","embeddable":true,"href":"https:\/\/ceasuri.md\/ru\/wp-json\/wp\/v2\/product_tag?post=56467"}],"curies":[{"name":"wp","href":"https:\/\/api.w.org\/{rel}","templated":true}]}}