{"id":56460,"date":"2026-04-03T00:29:56","date_gmt":"2026-04-02T21:29:56","guid":{"rendered":"http:\/\/new.ceasuri.md\/shop\/uncategorized\/cover-cardea-co211-04\/"},"modified":"2026-04-15T20:57:28","modified_gmt":"2026-04-15T17:57:28","slug":"cover-cardea-co211-04","status":"publish","type":"product","link":"https:\/\/ceasuri.md\/ru\/shop\/branduri\/cover\/cover-cardea-co211-04\/","title":{"rendered":"Ceas COVER Cardea CO211.04"},"content":{"rendered":"<p>Ceasul nostru Swiss Made pentru femei \u00een dou\u0103 tonuri COVER Cardea combin\u0103 o\u021belul inoxidabil cu accente aurii pentru un ceas care radiaz\u0103 rafinament sofisticat. Sticla sa de safir rezistent\u0103 la zg\u00e2rieturi protejeaz\u0103 cadranul bogat \u00een raze de soare verzi, ad\u0103ug\u00e2nd o senza\u021bie vibrant\u0103 \u0219i luxoas\u0103. Ac\u021bionat de o mi\u0219care precis\u0103 cu cuar\u021b cu trei m\u00e2ini, acest ceas bicolor elegant garanteaz\u0103 fiabilitate \u0219i stil.<br \/>\nAsamblat manual \u00een atelierul nostru in-house de ceasornic\u0103rie.<\/p>","protected":false},"excerpt":{"rendered":"<p>Ceasul nostru Swiss Made pentru femei \u00een dou\u0103 tonuri COVER Cardea combin\u0103 o\u021belul inoxidabil cu accente aurii pentru un ceas care radiaz\u0103 rafinament sofisticat. Sticla sa de safir rezistent\u0103 la zg\u00e2rieturi protejeaz\u0103 cadranul bogat \u00een raze de soare verzi, ad\u0103ug\u00e2nd o senza\u021bie vibrant\u0103 \u0219i luxoas\u0103. Ac\u021bionat de o mi\u0219care precis\u0103 cu cuar\u021b cu trei m\u00e2ini, [&hellip;]<\/p>\n","protected":false},"featured_media":56461,"comment_status":"closed","ping_status":"open","template":"","meta":{"_acf_changed":false},"product_brand":[],"product_cat":[25,204],"product_tag":[],"class_list":{"0":"post-56460","1":"product","2":"type-product","3":"status-publish","4":"has-post-thumbnail","6":"product_cat-ceasuri-dama","7":"product_cat-cover","8":"pa_brand-cover","9":"pa_braslet-otel-inoxidabil","10":"pa_corpus-32-mm","11":"pa_forma-rotund","12":"pa_funcii-offset-second-hand","13":"pa_garatia-24-luni","14":"pa_korpus-argintiu","15":"pa_kvarc-quartz","16":"pa_material-otel-inoxidabil","17":"pa_mehanizm-quartz","18":"pa_remeshok-bicolor","19":"pa_steklo-cristal-safir","20":"pa_strana-elvetia","21":"pa_voda-5-atm","23":"first","24":"instock","25":"purchasable","26":"product-type-simple"},"acf":[],"_links":{"self":[{"href":"https:\/\/ceasuri.md\/ru\/wp-json\/wp\/v2\/product\/56460","targetHints":{"allow":["GET"]}}],"collection":[{"href":"https:\/\/ceasuri.md\/ru\/wp-json\/wp\/v2\/product"}],"about":[{"href":"https:\/\/ceasuri.md\/ru\/wp-json\/wp\/v2\/types\/product"}],"replies":[{"embeddable":true,"href":"https:\/\/ceasuri.md\/ru\/wp-json\/wp\/v2\/comments?post=56460"}],"wp:featuredmedia":[{"embeddable":true,"href":"https:\/\/ceasuri.md\/ru\/wp-json\/wp\/v2\/media\/56461"}],"wp:attachment":[{"href":"https:\/\/ceasuri.md\/ru\/wp-json\/wp\/v2\/media?parent=56460"}],"wp:term":[{"taxonomy":"product_brand","embeddable":true,"href":"https:\/\/ceasuri.md\/ru\/wp-json\/wp\/v2\/product_brand?post=56460"},{"taxonomy":"product_cat","embeddable":true,"href":"https:\/\/ceasuri.md\/ru\/wp-json\/wp\/v2\/product_cat?post=56460"},{"taxonomy":"product_tag","embeddable":true,"href":"https:\/\/ceasuri.md\/ru\/wp-json\/wp\/v2\/product_tag?post=56460"}],"curies":[{"name":"wp","href":"https:\/\/api.w.org\/{rel}","templated":true}]}}