{"id":56452,"date":"2024-11-29T08:02:21","date_gmt":"2024-11-29T06:02:21","guid":{"rendered":"http:\/\/new.ceasuri.md\/shop\/uncategorized\/cover-iconosteel-chrono-co212-01\/"},"modified":"2026-05-01T19:07:19","modified_gmt":"2026-05-01T16:07:19","slug":"cover-iconosteel-chrono-co212-01","status":"publish","type":"product","link":"https:\/\/ceasuri.md\/ru\/shop\/branduri\/cover\/cover-iconosteel-chrono-co212-01\/","title":{"rendered":"\u0427\u0430\u0441\u044b COVER Iconosteel Chrono CO212.01"},"content":{"rendered":"<p>Ceasul nostru pentru b\u0103rba\u021bi Iconosteel Chrono fabricat \u00een Elve\u021bia \u00eentruchipeaz\u0103 at\u00e2t flerul sportiv, c\u00e2t \u0219i elegan\u021ba atemporal\u0103. Realizat cu o carcas\u0103 \u0219i o br\u0103\u021bar\u0103 robust\u0103 din o\u021bel inoxidabil, acesta este protejat de o sticl\u0103 de safir rezistent\u0103 la zg\u00e2rieturi. Ceasul are un cadran negru remarcabil cu indicatoare orare \u0219i m\u00e2ini luminoase, oferind o lizibilitate excep\u021bional\u0103 \u00een orice lumin\u0103.<br \/>\nAc\u021bionat de o mi\u0219care precis\u0103 Ronda Cal. 5040.D, acesta include un afi\u0219aj convenabil al datei \u0219i o func\u021bie cronograf cu 3 m\u00e2ini pentru o cronometrare precis\u0103.<br \/>\nAsamblat manual \u00een atelierul nostru in-house de ceasornic\u0103rie COVER, acest ceas b\u0103rb\u0103tesc sofisticat fabricat \u00een Elve\u021bia este rezistent la ap\u0103 p\u00e2n\u0103 la 10 ATM (100 de metri) .<\/p>","protected":false},"excerpt":{"rendered":"<p>Ceasul nostru pentru b\u0103rba\u021bi Iconosteel Chrono fabricat \u00een Elve\u021bia \u00eentruchipeaz\u0103 at\u00e2t flerul sportiv, c\u00e2t \u0219i elegan\u021ba atemporal\u0103. Realizat cu o carcas\u0103 \u0219i o br\u0103\u021bar\u0103 robust\u0103 din o\u021bel inoxidabil, acesta este protejat de o sticl\u0103 de safir rezistent\u0103 la zg\u00e2rieturi. Ceasul are un cadran negru remarcabil cu indicatoare orare \u0219i m\u00e2ini luminoase, oferind o lizibilitate excep\u021bional\u0103 [&hellip;]<\/p>\n","protected":false},"featured_media":56453,"comment_status":"closed","ping_status":"open","template":"","meta":{"_acf_changed":false},"product_brand":[],"product_cat":[20,204],"product_tag":[],"class_list":{"0":"post-56452","1":"product","2":"type-product","3":"status-publish","4":"has-post-thumbnail","6":"product_cat-ceasuri-barbati","7":"product_cat-cover","8":"pa_brand-cover","9":"pa_braslet-otel-inoxidabil","10":"pa_corpus-41-mm","11":"pa_forma-rotund","12":"pa_funcii-cronograf","13":"pa_funcii-data","14":"pa_funcii-tahimetru","15":"pa_garatia-24-luni","16":"pa_korpus-argintiu","17":"pa_korpus-negru","18":"pa_kvarc-quartz","19":"pa_material-otel-inoxidabil","20":"pa_mehanizm-quartz","21":"pa_remeshok-argintiu","22":"pa_steklo-cristal-safir","23":"pa_strana-elvetia","24":"pa_voda-10-atm","26":"first","27":"instock","28":"purchasable","29":"product-type-simple"},"acf":[],"_links":{"self":[{"href":"https:\/\/ceasuri.md\/ru\/wp-json\/wp\/v2\/product\/56452","targetHints":{"allow":["GET"]}}],"collection":[{"href":"https:\/\/ceasuri.md\/ru\/wp-json\/wp\/v2\/product"}],"about":[{"href":"https:\/\/ceasuri.md\/ru\/wp-json\/wp\/v2\/types\/product"}],"replies":[{"embeddable":true,"href":"https:\/\/ceasuri.md\/ru\/wp-json\/wp\/v2\/comments?post=56452"}],"wp:featuredmedia":[{"embeddable":true,"href":"https:\/\/ceasuri.md\/ru\/wp-json\/wp\/v2\/media\/56453"}],"wp:attachment":[{"href":"https:\/\/ceasuri.md\/ru\/wp-json\/wp\/v2\/media?parent=56452"}],"wp:term":[{"taxonomy":"product_brand","embeddable":true,"href":"https:\/\/ceasuri.md\/ru\/wp-json\/wp\/v2\/product_brand?post=56452"},{"taxonomy":"product_cat","embeddable":true,"href":"https:\/\/ceasuri.md\/ru\/wp-json\/wp\/v2\/product_cat?post=56452"},{"taxonomy":"product_tag","embeddable":true,"href":"https:\/\/ceasuri.md\/ru\/wp-json\/wp\/v2\/product_tag?post=56452"}],"curies":[{"name":"wp","href":"https:\/\/api.w.org\/{rel}","templated":true}]}}