{"id":56446,"date":"2026-04-03T00:29:56","date_gmt":"2026-04-02T21:29:56","guid":{"rendered":"http:\/\/new.ceasuri.md\/shop\/uncategorized\/cover-iconosteel-co213-01\/"},"modified":"2026-04-07T04:54:41","modified_gmt":"2026-04-07T01:54:41","slug":"cover-iconosteel-co213-01","status":"publish","type":"product","link":"https:\/\/ceasuri.md\/ru\/shop\/branduri\/cover\/cover-iconosteel-co213-01\/","title":{"rendered":"Ceas COVER Iconosteel CO213.01"},"content":{"rendered":"<p>Ceasul nostru elve\u021bian COVER Iconosteel pentru b\u0103rba\u021bi cu cadran negru \u00eentruchipeaz\u0103 minimalismul modern \u0219i me\u0219te\u0219ugul de precizie. Cu o carcas\u0103 elegant\u0103 din o\u021bel inoxidabil \u0219i protejat de sticl\u0103 safir rezistent\u0103 la zg\u00e2rieturi, acest ceas combin\u0103 sofisticarea cu durabilitatea.<br \/>\nIconosteel iese \u00een eviden\u021b\u0103 prin designul s\u0103u unic: un cadran rotund negru \u00eencadrat de o carcas\u0103 cu margini superioare \u0219i inferioare \u00eendreptate, oferind un aspect curat, contemporan. Indicatoarele orare \u0219i m\u00e2inile luminoase asigur\u0103 o lizibilitate excelent\u0103 \u00een diverse condi\u021bii de iluminare.<br \/>\nAcest ceas b\u0103rb\u0103tesc argintiu este propulsat de o mi\u0219care Ronda elve\u021bian\u0103 precis\u0103 icncluz\u00e2nd un afi\u0219aj practic al datei pentru un plus de confort. Asamblat manual \u00een atelierul nostru de ceasornic\u0103rie COVER, acesta eviden\u021biaz\u0103 o aten\u021bie meticuloas\u0103 la detalii \u0219i m\u0103iestrie.<\/p>","protected":false},"excerpt":{"rendered":"<p>Ceasul nostru elve\u021bian COVER Iconosteel pentru b\u0103rba\u021bi cu cadran negru \u00eentruchipeaz\u0103 minimalismul modern \u0219i me\u0219te\u0219ugul de precizie. Cu o carcas\u0103 elegant\u0103 din o\u021bel inoxidabil \u0219i protejat de sticl\u0103 safir rezistent\u0103 la zg\u00e2rieturi, acest ceas combin\u0103 sofisticarea cu durabilitatea. Iconosteel iese \u00een eviden\u021b\u0103 prin designul s\u0103u unic: un cadran rotund negru \u00eencadrat de o carcas\u0103 cu [&hellip;]<\/p>\n","protected":false},"featured_media":56447,"comment_status":"closed","ping_status":"open","template":"","meta":{"_acf_changed":false},"product_brand":[],"product_cat":[20,204],"product_tag":[],"class_list":{"0":"post-56446","1":"product","2":"type-product","3":"status-publish","4":"has-post-thumbnail","6":"product_cat-ceasuri-barbati","7":"product_cat-cover","8":"pa_brand-cover","9":"pa_braslet-otel-inoxidabil","10":"pa_corpus-41-mm","11":"pa_forma-rotund","12":"pa_funcii-data","13":"pa_garatia-24-luni","14":"pa_korpus-argintiu","15":"pa_material-otel-inoxidabil","16":"pa_mehanizm-quartz","17":"pa_remeshok-argintiu","18":"pa_steklo-cristal-safir","19":"pa_strana-elvetia","20":"pa_voda-10-atm","22":"first","23":"instock","24":"purchasable","25":"product-type-simple"},"acf":[],"_links":{"self":[{"href":"https:\/\/ceasuri.md\/ru\/wp-json\/wp\/v2\/product\/56446","targetHints":{"allow":["GET"]}}],"collection":[{"href":"https:\/\/ceasuri.md\/ru\/wp-json\/wp\/v2\/product"}],"about":[{"href":"https:\/\/ceasuri.md\/ru\/wp-json\/wp\/v2\/types\/product"}],"replies":[{"embeddable":true,"href":"https:\/\/ceasuri.md\/ru\/wp-json\/wp\/v2\/comments?post=56446"}],"wp:featuredmedia":[{"embeddable":true,"href":"https:\/\/ceasuri.md\/ru\/wp-json\/wp\/v2\/media\/56447"}],"wp:attachment":[{"href":"https:\/\/ceasuri.md\/ru\/wp-json\/wp\/v2\/media?parent=56446"}],"wp:term":[{"taxonomy":"product_brand","embeddable":true,"href":"https:\/\/ceasuri.md\/ru\/wp-json\/wp\/v2\/product_brand?post=56446"},{"taxonomy":"product_cat","embeddable":true,"href":"https:\/\/ceasuri.md\/ru\/wp-json\/wp\/v2\/product_cat?post=56446"},{"taxonomy":"product_tag","embeddable":true,"href":"https:\/\/ceasuri.md\/ru\/wp-json\/wp\/v2\/product_tag?post=56446"}],"curies":[{"name":"wp","href":"https:\/\/api.w.org\/{rel}","templated":true}]}}