{"id":56429,"date":"2024-11-29T08:02:19","date_gmt":"2024-11-29T06:02:19","guid":{"rendered":"http:\/\/new.ceasuri.md\/shop\/uncategorized\/cover-marville-gent-co214-02\/"},"modified":"2026-05-01T19:07:05","modified_gmt":"2026-05-01T16:07:05","slug":"cover-marville-gent-co214-02","status":"publish","type":"product","link":"https:\/\/ceasuri.md\/ru\/shop\/branduri\/cover\/cover-marville-gent-co214-02\/","title":{"rendered":"\u0427\u0430\u0441\u044b COVER Marville Gent CO214.02"},"content":{"rendered":"<p>Modelul complet argintiu COVER Marville Gent ofer\u0103 un rafinament minimalist cu un cadran argintiu curat \u0219i m\u00e2ini \u0219i indicatoare luminoase. Carcasa \u0219i br\u0103\u021bara din o\u021bel inoxidabil prezint\u0103 accente lucioase pe luneta \u0219i dungile centrale, \u00een timp ce restul este periat, ad\u0103ug\u00e2nd un contrast subtil designului rafinat.<br \/>\nAc\u021bionat de o mi\u0219care elve\u021bian\u0103 cu cuar\u021b Ronda, acest ceas elve\u021bian cu cuplu pentru b\u0103rba\u021bi ofer\u0103 precizie \u0219i durabilitate. Asamblat manual \u00een atelierul nostru elve\u021bian, acest ceas b\u0103rb\u0103tesc minimalist asigur\u0103 calitate \u0219i stil de durat\u0103.<\/p>","protected":false},"excerpt":{"rendered":"<p>Modelul complet argintiu COVER Marville Gent ofer\u0103 un rafinament minimalist cu un cadran argintiu curat \u0219i m\u00e2ini \u0219i indicatoare luminoase. Carcasa \u0219i br\u0103\u021bara din o\u021bel inoxidabil prezint\u0103 accente lucioase pe luneta \u0219i dungile centrale, \u00een timp ce restul este periat, ad\u0103ug\u00e2nd un contrast subtil designului rafinat. Ac\u021bionat de o mi\u0219care elve\u021bian\u0103 cu cuar\u021b Ronda, acest [&hellip;]<\/p>\n","protected":false},"featured_media":56430,"comment_status":"closed","ping_status":"open","template":"","meta":{"_acf_changed":false},"product_brand":[],"product_cat":[20,204],"product_tag":[],"class_list":{"0":"post-56429","1":"product","2":"type-product","3":"status-publish","4":"has-post-thumbnail","6":"product_cat-ceasuri-barbati","7":"product_cat-cover","8":"pa_brand-cover","9":"pa_braslet-otel-inoxidabil","10":"pa_corpus-39-mm","11":"pa_forma-rotund","12":"pa_funcii-data","13":"pa_garatia-24-luni","14":"pa_korpus-argintiu","15":"pa_kvarc-quartz","16":"pa_material-otel-inoxidabil","17":"pa_mehanizm-quartz","18":"pa_remeshok-argintiu","19":"pa_steklo-cristal-safir","20":"pa_strana-elvetia","21":"pa_voda-10-atm","23":"first","24":"instock","25":"purchasable","26":"product-type-simple"},"acf":[],"_links":{"self":[{"href":"https:\/\/ceasuri.md\/ru\/wp-json\/wp\/v2\/product\/56429","targetHints":{"allow":["GET"]}}],"collection":[{"href":"https:\/\/ceasuri.md\/ru\/wp-json\/wp\/v2\/product"}],"about":[{"href":"https:\/\/ceasuri.md\/ru\/wp-json\/wp\/v2\/types\/product"}],"replies":[{"embeddable":true,"href":"https:\/\/ceasuri.md\/ru\/wp-json\/wp\/v2\/comments?post=56429"}],"wp:featuredmedia":[{"embeddable":true,"href":"https:\/\/ceasuri.md\/ru\/wp-json\/wp\/v2\/media\/56430"}],"wp:attachment":[{"href":"https:\/\/ceasuri.md\/ru\/wp-json\/wp\/v2\/media?parent=56429"}],"wp:term":[{"taxonomy":"product_brand","embeddable":true,"href":"https:\/\/ceasuri.md\/ru\/wp-json\/wp\/v2\/product_brand?post=56429"},{"taxonomy":"product_cat","embeddable":true,"href":"https:\/\/ceasuri.md\/ru\/wp-json\/wp\/v2\/product_cat?post=56429"},{"taxonomy":"product_tag","embeddable":true,"href":"https:\/\/ceasuri.md\/ru\/wp-json\/wp\/v2\/product_tag?post=56429"}],"curies":[{"name":"wp","href":"https:\/\/api.w.org\/{rel}","templated":true}]}}