{"id":56427,"date":"2026-04-03T00:29:56","date_gmt":"2026-04-02T21:29:56","guid":{"rendered":"http:\/\/new.ceasuri.md\/shop\/uncategorized\/cover-marville-gent-co214-03\/"},"modified":"2026-04-20T01:43:19","modified_gmt":"2026-04-19T22:43:19","slug":"cover-marville-gent-co214-03","status":"publish","type":"product","link":"https:\/\/ceasuri.md\/ru\/shop\/branduri\/cover\/cover-marville-gent-co214-03\/","title":{"rendered":"\u0427\u0430\u0441\u044b COVER Marville Gent CO214.03"},"content":{"rendered":"<p>Ceasul elve\u021bian COVER Marville Gent cu cadran albastru \u0219i carcas\u0103 \u0219i br\u0103\u021bar\u0103 argintii ofer\u0103 un design versatil, minimalist, potrivit pentru orice ocazie. Luneta lustruit\u0103 \u0219i dungile centrale de pe br\u0103\u021bara periat\u0103 adaug\u0103 o not\u0103 elegant\u0103.<br \/>\nAc\u021bionat de o mi\u0219care fiabil\u0103 cu cuar\u021b elve\u021bian Ronda, acest ceas pentru b\u0103rba\u021bi este construit pentru precizie. Este asamblat manual \u00een atelierul nostru elve\u021bian de ceasornic\u0103rie in-house, prezent\u00e2nd cea mai bun\u0103 m\u0103iestrie elve\u021bian\u0103.<\/p>","protected":false},"excerpt":{"rendered":"<p>Ceasul elve\u021bian COVER Marville Gent cu cadran albastru \u0219i carcas\u0103 \u0219i br\u0103\u021bar\u0103 argintii ofer\u0103 un design versatil, minimalist, potrivit pentru orice ocazie. Luneta lustruit\u0103 \u0219i dungile centrale de pe br\u0103\u021bara periat\u0103 adaug\u0103 o not\u0103 elegant\u0103. Ac\u021bionat de o mi\u0219care fiabil\u0103 cu cuar\u021b elve\u021bian Ronda, acest ceas pentru b\u0103rba\u021bi este construit pentru precizie. Este asamblat manual [&hellip;]<\/p>\n","protected":false},"featured_media":56428,"comment_status":"closed","ping_status":"open","template":"","meta":{"_acf_changed":false},"product_brand":[],"product_cat":[20,204],"product_tag":[],"class_list":{"0":"post-56427","1":"product","2":"type-product","3":"status-publish","4":"has-post-thumbnail","6":"product_cat-ceasuri-barbati","7":"product_cat-cover","8":"pa_brand-cover","9":"pa_braslet-otel-inoxidabil","10":"pa_corpus-39-mm","11":"pa_forma-rotund","12":"pa_funcii-data","13":"pa_garatia-24-luni","14":"pa_korpus-argintiu","15":"pa_kvarc-quartz","16":"pa_material-otel-inoxidabil","17":"pa_mehanizm-quartz","18":"pa_remeshok-argintiu","19":"pa_steklo-cristal-safir","20":"pa_strana-elvetia","21":"pa_voda-10-atm","23":"first","24":"instock","25":"purchasable","26":"product-type-simple"},"acf":[],"_links":{"self":[{"href":"https:\/\/ceasuri.md\/ru\/wp-json\/wp\/v2\/product\/56427","targetHints":{"allow":["GET"]}}],"collection":[{"href":"https:\/\/ceasuri.md\/ru\/wp-json\/wp\/v2\/product"}],"about":[{"href":"https:\/\/ceasuri.md\/ru\/wp-json\/wp\/v2\/types\/product"}],"replies":[{"embeddable":true,"href":"https:\/\/ceasuri.md\/ru\/wp-json\/wp\/v2\/comments?post=56427"}],"wp:featuredmedia":[{"embeddable":true,"href":"https:\/\/ceasuri.md\/ru\/wp-json\/wp\/v2\/media\/56428"}],"wp:attachment":[{"href":"https:\/\/ceasuri.md\/ru\/wp-json\/wp\/v2\/media?parent=56427"}],"wp:term":[{"taxonomy":"product_brand","embeddable":true,"href":"https:\/\/ceasuri.md\/ru\/wp-json\/wp\/v2\/product_brand?post=56427"},{"taxonomy":"product_cat","embeddable":true,"href":"https:\/\/ceasuri.md\/ru\/wp-json\/wp\/v2\/product_cat?post=56427"},{"taxonomy":"product_tag","embeddable":true,"href":"https:\/\/ceasuri.md\/ru\/wp-json\/wp\/v2\/product_tag?post=56427"}],"curies":[{"name":"wp","href":"https:\/\/api.w.org\/{rel}","templated":true}]}}