{"id":56423,"date":"2024-11-29T08:02:19","date_gmt":"2024-11-29T06:02:19","guid":{"rendered":"http:\/\/new.ceasuri.md\/shop\/uncategorized\/cover-marville-gent-co214-04\/"},"modified":"2026-05-01T19:07:02","modified_gmt":"2026-05-01T16:07:02","slug":"cover-marville-gent-co214-04","status":"publish","type":"product","link":"https:\/\/ceasuri.md\/ru\/shop\/branduri\/cover\/cover-marville-gent-co214-04\/","title":{"rendered":"\u0427\u0430\u0441\u044b COVER Marville Gent CO214.04"},"content":{"rendered":"<p>Modelul COVER Marville Gent cu cadran verde \u0219i carcas\u0103 \u0219i br\u0103\u021bar\u0103 argintii ofer\u0103 un design modern, minimalist, cu o not\u0103 \u00eendr\u0103znea\u021b\u0103. Luneta lustruit\u0103 \u0219i dungile centrale de pe br\u0103\u021bara periat\u0103 ofer\u0103 un rafinament subtil.<br \/>\nAcest ceas b\u0103rb\u0103tesc este alimentat de o mi\u0219care precis\u0103 cu cuar\u021b elve\u021bian Ronda, asigur\u00e2nd o cronometrare precis\u0103. Fiecare ceas este asamblat manual \u00een atelierul nostru elve\u021bian de orologerie, reflect\u00e2nd m\u0103iestria elve\u021bian\u0103.<\/p>","protected":false},"excerpt":{"rendered":"<p>Modelul COVER Marville Gent cu cadran verde \u0219i carcas\u0103 \u0219i br\u0103\u021bar\u0103 argintii ofer\u0103 un design modern, minimalist, cu o not\u0103 \u00eendr\u0103znea\u021b\u0103. Luneta lustruit\u0103 \u0219i dungile centrale de pe br\u0103\u021bara periat\u0103 ofer\u0103 un rafinament subtil. Acest ceas b\u0103rb\u0103tesc este alimentat de o mi\u0219care precis\u0103 cu cuar\u021b elve\u021bian Ronda, asigur\u00e2nd o cronometrare precis\u0103. Fiecare ceas este asamblat [&hellip;]<\/p>\n","protected":false},"featured_media":56424,"comment_status":"closed","ping_status":"open","template":"","meta":{"_acf_changed":false},"product_brand":[],"product_cat":[20,204],"product_tag":[],"class_list":{"0":"post-56423","1":"product","2":"type-product","3":"status-publish","4":"has-post-thumbnail","6":"product_cat-ceasuri-barbati","7":"product_cat-cover","8":"pa_brand-cover","9":"pa_braslet-otel-inoxidabil","10":"pa_corpus-39-mm","11":"pa_forma-rotund","12":"pa_funcii-data","13":"pa_garatia-24-luni","14":"pa_korpus-argintiu","15":"pa_kvarc-quartz","16":"pa_material-otel-inoxidabil","17":"pa_mehanizm-quartz","18":"pa_remeshok-argintiu","19":"pa_steklo-cristal-safir","20":"pa_strana-elvetia","21":"pa_voda-10-atm","23":"first","24":"instock","25":"purchasable","26":"product-type-simple"},"acf":[],"_links":{"self":[{"href":"https:\/\/ceasuri.md\/ru\/wp-json\/wp\/v2\/product\/56423","targetHints":{"allow":["GET"]}}],"collection":[{"href":"https:\/\/ceasuri.md\/ru\/wp-json\/wp\/v2\/product"}],"about":[{"href":"https:\/\/ceasuri.md\/ru\/wp-json\/wp\/v2\/types\/product"}],"replies":[{"embeddable":true,"href":"https:\/\/ceasuri.md\/ru\/wp-json\/wp\/v2\/comments?post=56423"}],"wp:featuredmedia":[{"embeddable":true,"href":"https:\/\/ceasuri.md\/ru\/wp-json\/wp\/v2\/media\/56424"}],"wp:attachment":[{"href":"https:\/\/ceasuri.md\/ru\/wp-json\/wp\/v2\/media?parent=56423"}],"wp:term":[{"taxonomy":"product_brand","embeddable":true,"href":"https:\/\/ceasuri.md\/ru\/wp-json\/wp\/v2\/product_brand?post=56423"},{"taxonomy":"product_cat","embeddable":true,"href":"https:\/\/ceasuri.md\/ru\/wp-json\/wp\/v2\/product_cat?post=56423"},{"taxonomy":"product_tag","embeddable":true,"href":"https:\/\/ceasuri.md\/ru\/wp-json\/wp\/v2\/product_tag?post=56423"}],"curies":[{"name":"wp","href":"https:\/\/api.w.org\/{rel}","templated":true}]}}