{"id":56421,"date":"2026-04-03T00:29:56","date_gmt":"2026-04-02T21:29:56","guid":{"rendered":"http:\/\/new.ceasuri.md\/shop\/uncategorized\/cover-marville-gent-co214-08\/"},"modified":"2026-04-20T01:43:19","modified_gmt":"2026-04-19T22:43:19","slug":"cover-marville-gent-co214-08","status":"publish","type":"product","link":"https:\/\/ceasuri.md\/ru\/shop\/branduri\/cover\/cover-marville-gent-co214-08\/","title":{"rendered":"\u0427\u0430\u0441\u044b COVER Marville Gent CO214.08"},"content":{"rendered":"<p>Modelul Swiss Made COVER Marville Gent combin\u0103 elegan\u021ba atemporal\u0103 cu flerul modern \u00een aceast\u0103 versiune, cu cadran argintiu \u0219i carcas\u0103 \u0219i br\u0103\u021bar\u0103 bicolor\u0103 din argint \u0219i aur roz. Accentele lucioase din aur roz de pe luneta \u0219i dungile centrale adaug\u0103 o not\u0103 de lux br\u0103\u021b\u0103rii din o\u021bel inoxidabil periat.<br \/>\nAsamblat manual \u00een Elve\u021bia \u0219i alimentat de o mi\u0219care elve\u021bian\u0103 Ronda cu cuar\u021b, acest ceas pereche pentru b\u0103rba\u021bi este construit at\u00e2t pentru stil, c\u00e2t \u0219i pentru precizie.<\/p>","protected":false},"excerpt":{"rendered":"<p>Modelul Swiss Made COVER Marville Gent combin\u0103 elegan\u021ba atemporal\u0103 cu flerul modern \u00een aceast\u0103 versiune, cu cadran argintiu \u0219i carcas\u0103 \u0219i br\u0103\u021bar\u0103 bicolor\u0103 din argint \u0219i aur roz. Accentele lucioase din aur roz de pe luneta \u0219i dungile centrale adaug\u0103 o not\u0103 de lux br\u0103\u021b\u0103rii din o\u021bel inoxidabil periat. Asamblat manual \u00een Elve\u021bia \u0219i alimentat [&hellip;]<\/p>\n","protected":false},"featured_media":56422,"comment_status":"closed","ping_status":"open","template":"","meta":{"_acf_changed":false},"product_brand":[],"product_cat":[20,204],"product_tag":[],"class_list":{"0":"post-56421","1":"product","2":"type-product","3":"status-publish","4":"has-post-thumbnail","6":"product_cat-ceasuri-barbati","7":"product_cat-cover","8":"pa_brand-cover","9":"pa_braslet-otel-inoxidabil","10":"pa_corpus-39-mm","11":"pa_forma-rotund","12":"pa_funcii-data","13":"pa_garatia-24-luni","14":"pa_korpus-bicolor","15":"pa_kvarc-quartz","16":"pa_material-otel-inoxidabil","17":"pa_mehanizm-quartz","18":"pa_remeshok-bicolor","19":"pa_steklo-cristal-safir","20":"pa_strana-elvetia","21":"pa_voda-10-atm","23":"first","24":"instock","25":"purchasable","26":"product-type-simple"},"acf":[],"_links":{"self":[{"href":"https:\/\/ceasuri.md\/ru\/wp-json\/wp\/v2\/product\/56421","targetHints":{"allow":["GET"]}}],"collection":[{"href":"https:\/\/ceasuri.md\/ru\/wp-json\/wp\/v2\/product"}],"about":[{"href":"https:\/\/ceasuri.md\/ru\/wp-json\/wp\/v2\/types\/product"}],"replies":[{"embeddable":true,"href":"https:\/\/ceasuri.md\/ru\/wp-json\/wp\/v2\/comments?post=56421"}],"wp:featuredmedia":[{"embeddable":true,"href":"https:\/\/ceasuri.md\/ru\/wp-json\/wp\/v2\/media\/56422"}],"wp:attachment":[{"href":"https:\/\/ceasuri.md\/ru\/wp-json\/wp\/v2\/media?parent=56421"}],"wp:term":[{"taxonomy":"product_brand","embeddable":true,"href":"https:\/\/ceasuri.md\/ru\/wp-json\/wp\/v2\/product_brand?post=56421"},{"taxonomy":"product_cat","embeddable":true,"href":"https:\/\/ceasuri.md\/ru\/wp-json\/wp\/v2\/product_cat?post=56421"},{"taxonomy":"product_tag","embeddable":true,"href":"https:\/\/ceasuri.md\/ru\/wp-json\/wp\/v2\/product_tag?post=56421"}],"curies":[{"name":"wp","href":"https:\/\/api.w.org\/{rel}","templated":true}]}}