{"id":56417,"date":"2024-11-29T08:02:18","date_gmt":"2024-11-29T06:02:18","guid":{"rendered":"http:\/\/new.ceasuri.md\/shop\/uncategorized\/cover-marville-gent-co214-09\/"},"modified":"2026-05-01T19:06:59","modified_gmt":"2026-05-01T16:06:59","slug":"cover-marville-gent-co214-09","status":"publish","type":"product","link":"https:\/\/ceasuri.md\/ru\/shop\/branduri\/cover\/cover-marville-gent-co214-09\/","title":{"rendered":"\u0427\u0430\u0441\u044b COVER Marville Gent CO214.09"},"content":{"rendered":"<p>Acest model elve\u021bian COVER Marville Gent are un cadran albastru izbitor asociat cu un design bicolor argintiu \u0219i aur roz, oferind o elegan\u021b\u0103 contemporan\u0103. Detaliile lucioase din aur roz creeaz\u0103 un contrast luxos cu argintul periat.<br \/>\nAc\u021bionat de o mi\u0219care precis\u0103 cu cuar\u021b elve\u021bian Ronda \u0219i asamblat manual \u00een atelierul nostru elve\u021bian, acest ceas b\u0103rb\u0103tesc bicolor exemplific\u0103 m\u0103iestria fin\u0103.<\/p>","protected":false},"excerpt":{"rendered":"<p>Acest model elve\u021bian COVER Marville Gent are un cadran albastru izbitor asociat cu un design bicolor argintiu \u0219i aur roz, oferind o elegan\u021b\u0103 contemporan\u0103. Detaliile lucioase din aur roz creeaz\u0103 un contrast luxos cu argintul periat. Ac\u021bionat de o mi\u0219care precis\u0103 cu cuar\u021b elve\u021bian Ronda \u0219i asamblat manual \u00een atelierul nostru elve\u021bian, acest ceas b\u0103rb\u0103tesc [&hellip;]<\/p>\n","protected":false},"featured_media":56418,"comment_status":"closed","ping_status":"open","template":"","meta":{"_acf_changed":false},"product_brand":[],"product_cat":[20,204],"product_tag":[],"class_list":{"0":"post-56417","1":"product","2":"type-product","3":"status-publish","4":"has-post-thumbnail","6":"product_cat-ceasuri-barbati","7":"product_cat-cover","8":"pa_brand-cover","9":"pa_braslet-otel-inoxidabil","10":"pa_corpus-39-mm","11":"pa_forma-rotund","12":"pa_funcii-data","13":"pa_garatia-24-luni","14":"pa_korpus-bicolor","15":"pa_kvarc-quartz","16":"pa_material-otel-inoxidabil","17":"pa_mehanizm-quartz","18":"pa_remeshok-bicolor","19":"pa_steklo-cristal-safir","20":"pa_strana-elvetia","21":"pa_voda-10-atm","23":"first","24":"instock","25":"purchasable","26":"product-type-simple"},"acf":[],"_links":{"self":[{"href":"https:\/\/ceasuri.md\/ru\/wp-json\/wp\/v2\/product\/56417","targetHints":{"allow":["GET"]}}],"collection":[{"href":"https:\/\/ceasuri.md\/ru\/wp-json\/wp\/v2\/product"}],"about":[{"href":"https:\/\/ceasuri.md\/ru\/wp-json\/wp\/v2\/types\/product"}],"replies":[{"embeddable":true,"href":"https:\/\/ceasuri.md\/ru\/wp-json\/wp\/v2\/comments?post=56417"}],"wp:featuredmedia":[{"embeddable":true,"href":"https:\/\/ceasuri.md\/ru\/wp-json\/wp\/v2\/media\/56418"}],"wp:attachment":[{"href":"https:\/\/ceasuri.md\/ru\/wp-json\/wp\/v2\/media?parent=56417"}],"wp:term":[{"taxonomy":"product_brand","embeddable":true,"href":"https:\/\/ceasuri.md\/ru\/wp-json\/wp\/v2\/product_brand?post=56417"},{"taxonomy":"product_cat","embeddable":true,"href":"https:\/\/ceasuri.md\/ru\/wp-json\/wp\/v2\/product_cat?post=56417"},{"taxonomy":"product_tag","embeddable":true,"href":"https:\/\/ceasuri.md\/ru\/wp-json\/wp\/v2\/product_tag?post=56417"}],"curies":[{"name":"wp","href":"https:\/\/api.w.org\/{rel}","templated":true}]}}