{"id":56413,"date":"2024-11-29T08:02:18","date_gmt":"2024-11-29T06:02:18","guid":{"rendered":"http:\/\/new.ceasuri.md\/shop\/uncategorized\/cover-marville-lady-co215-05\/"},"modified":"2026-05-01T19:06:58","modified_gmt":"2026-05-01T16:06:58","slug":"cover-marville-lady-co215-05","status":"publish","type":"product","link":"https:\/\/ceasuri.md\/ru\/shop\/branduri\/cover\/cover-marville-lady-co215-05\/","title":{"rendered":"\u0427\u0430\u0441\u044b COVER Marville Lady CO215.05"},"content":{"rendered":"<p>Descoperi\u021bi elegan\u021ba senin\u0103 a ceasului COVER Marville Lady Pair Watch, cu un cadran albastru deschis care eman\u0103 rafinament subtil. M\u00e2inile \u0219i indicatoarele orare luminoase ale cadranului ofer\u0103 o lizibilitate clar\u0103 pe fundalul albastru moale. Carcasa \u0219i br\u0103\u021bara din o\u021bel inoxidabil, finisate \u00eentr-un ton argintiu rafinat, eviden\u021biaz\u0103 un luneta lustruit \u0219i dou\u0103 dungi lustruite \u00een centrul br\u0103\u021b\u0103rii periate, \u00eembun\u0103t\u0103\u021bind designul s\u0103u modern, minimalist.<br \/>\nConstruit cu sticl\u0103 de safir pentru durabilitate \u0219i alimentat de o mi\u0219care precis\u0103 Ronda quartz, acest ceas elve\u021bian de cuplu pentru femei ofer\u0103 at\u00e2t stil, c\u00e2t \u0219i precizie. Fiecare ceas este meticulos asamblat manual \u00een atelierul nostru de ceasornic\u0103rie in-house.<\/p>","protected":false},"excerpt":{"rendered":"<p>Descoperi\u021bi elegan\u021ba senin\u0103 a ceasului COVER Marville Lady Pair Watch, cu un cadran albastru deschis care eman\u0103 rafinament subtil. M\u00e2inile \u0219i indicatoarele orare luminoase ale cadranului ofer\u0103 o lizibilitate clar\u0103 pe fundalul albastru moale. Carcasa \u0219i br\u0103\u021bara din o\u021bel inoxidabil, finisate \u00eentr-un ton argintiu rafinat, eviden\u021biaz\u0103 un luneta lustruit \u0219i dou\u0103 dungi lustruite \u00een centrul [&hellip;]<\/p>\n","protected":false},"featured_media":56414,"comment_status":"closed","ping_status":"open","template":"","meta":{"_acf_changed":false},"product_brand":[],"product_cat":[25,204],"product_tag":[],"class_list":{"0":"post-56413","1":"product","2":"type-product","3":"status-publish","4":"has-post-thumbnail","6":"product_cat-ceasuri-dama","7":"product_cat-cover","8":"pa_brand-cover","9":"pa_braslet-otel-inoxidabil","10":"pa_corpus-28-mm","11":"pa_forma-rotund","12":"pa_garatia-24-luni","13":"pa_korpus-argintiu","14":"pa_kvarc-quartz","15":"pa_material-otel-inoxidabil","16":"pa_mehanizm-quartz","17":"pa_remeshok-argintiu","18":"pa_steklo-cristal-safir","19":"pa_strana-elvetia","20":"pa_voda-10-atm","22":"first","23":"instock","24":"purchasable","25":"product-type-simple"},"acf":[],"_links":{"self":[{"href":"https:\/\/ceasuri.md\/ru\/wp-json\/wp\/v2\/product\/56413","targetHints":{"allow":["GET"]}}],"collection":[{"href":"https:\/\/ceasuri.md\/ru\/wp-json\/wp\/v2\/product"}],"about":[{"href":"https:\/\/ceasuri.md\/ru\/wp-json\/wp\/v2\/types\/product"}],"replies":[{"embeddable":true,"href":"https:\/\/ceasuri.md\/ru\/wp-json\/wp\/v2\/comments?post=56413"}],"wp:featuredmedia":[{"embeddable":true,"href":"https:\/\/ceasuri.md\/ru\/wp-json\/wp\/v2\/media\/56414"}],"wp:attachment":[{"href":"https:\/\/ceasuri.md\/ru\/wp-json\/wp\/v2\/media?parent=56413"}],"wp:term":[{"taxonomy":"product_brand","embeddable":true,"href":"https:\/\/ceasuri.md\/ru\/wp-json\/wp\/v2\/product_brand?post=56413"},{"taxonomy":"product_cat","embeddable":true,"href":"https:\/\/ceasuri.md\/ru\/wp-json\/wp\/v2\/product_cat?post=56413"},{"taxonomy":"product_tag","embeddable":true,"href":"https:\/\/ceasuri.md\/ru\/wp-json\/wp\/v2\/product_tag?post=56413"}],"curies":[{"name":"wp","href":"https:\/\/api.w.org\/{rel}","templated":true}]}}