{"id":56406,"date":"2026-04-03T00:29:14","date_gmt":"2026-04-02T21:29:14","guid":{"rendered":"http:\/\/new.ceasuri.md\/shop\/uncategorized\/cover-alston-gent-co216-03\/"},"modified":"2026-04-20T01:43:21","modified_gmt":"2026-04-19T22:43:21","slug":"cover-alston-gent-co216-03","status":"publish","type":"product","link":"https:\/\/ceasuri.md\/ru\/shop\/branduri\/cover\/cover-alston-gent-co216-03\/","title":{"rendered":"\u0427\u0430\u0441\u044b COVER Alston Gent CO216.03"},"content":{"rendered":"<p>Coordona\u021bi-v\u0103 stilul cu ceasul Alston Gent Full Silver, conceput ca un ceas pereche pentru b\u0103rba\u021bi pentru a se potrivi perfect cu colec\u021bia Alston Lady. Cu un cadran albastru captivant, cu un model triunghiular fin, acest ceas este un testament al elegan\u021bei moderne. Carcasa din o\u021bel inoxidabil argintiu complet, cuplat\u0103 cu un luneta canelat\u0103, ofer\u0103 un echilibru perfect \u00eentre stilul contemporan \u0219i elegan\u021ba clasic\u0103.<br \/>\nAc\u021bionat de o mi\u0219care cu cuar\u021b Ronda fabricat\u0103 \u00een Elve\u021bia, acest ceas asigur\u0103 at\u00e2t precizie, c\u00e2t \u0219i durabilitate. Asamblat manual \u00een atelierul nostru in-house.<\/p>","protected":false},"excerpt":{"rendered":"<p>Coordona\u021bi-v\u0103 stilul cu ceasul Alston Gent Full Silver, conceput ca un ceas pereche pentru b\u0103rba\u021bi pentru a se potrivi perfect cu colec\u021bia Alston Lady. Cu un cadran albastru captivant, cu un model triunghiular fin, acest ceas este un testament al elegan\u021bei moderne. Carcasa din o\u021bel inoxidabil argintiu complet, cuplat\u0103 cu un luneta canelat\u0103, ofer\u0103 un [&hellip;]<\/p>\n","protected":false},"featured_media":56407,"comment_status":"closed","ping_status":"open","template":"","meta":{"_acf_changed":false},"product_brand":[],"product_cat":[20,204],"product_tag":[],"class_list":{"0":"post-56406","1":"product","2":"type-product","3":"status-publish","4":"has-post-thumbnail","6":"product_cat-ceasuri-barbati","7":"product_cat-cover","8":"pa_brand-cover","9":"pa_braslet-otel-inoxidabil","10":"pa_corpus-40-mm","11":"pa_forma-rotund","12":"pa_funcii-data","13":"pa_garatia-24-luni","14":"pa_korpus-argintiu","15":"pa_kvarc-quartz","16":"pa_material-otel-inoxidabil","17":"pa_mehanizm-quartz","18":"pa_remeshok-argintiu","19":"pa_steklo-cristal-safir","20":"pa_strana-elvetia","21":"pa_voda-5-atm","23":"first","24":"instock","25":"purchasable","26":"product-type-simple"},"acf":[],"_links":{"self":[{"href":"https:\/\/ceasuri.md\/ru\/wp-json\/wp\/v2\/product\/56406","targetHints":{"allow":["GET"]}}],"collection":[{"href":"https:\/\/ceasuri.md\/ru\/wp-json\/wp\/v2\/product"}],"about":[{"href":"https:\/\/ceasuri.md\/ru\/wp-json\/wp\/v2\/types\/product"}],"replies":[{"embeddable":true,"href":"https:\/\/ceasuri.md\/ru\/wp-json\/wp\/v2\/comments?post=56406"}],"wp:featuredmedia":[{"embeddable":true,"href":"https:\/\/ceasuri.md\/ru\/wp-json\/wp\/v2\/media\/56407"}],"wp:attachment":[{"href":"https:\/\/ceasuri.md\/ru\/wp-json\/wp\/v2\/media?parent=56406"}],"wp:term":[{"taxonomy":"product_brand","embeddable":true,"href":"https:\/\/ceasuri.md\/ru\/wp-json\/wp\/v2\/product_brand?post=56406"},{"taxonomy":"product_cat","embeddable":true,"href":"https:\/\/ceasuri.md\/ru\/wp-json\/wp\/v2\/product_cat?post=56406"},{"taxonomy":"product_tag","embeddable":true,"href":"https:\/\/ceasuri.md\/ru\/wp-json\/wp\/v2\/product_tag?post=56406"}],"curies":[{"name":"wp","href":"https:\/\/api.w.org\/{rel}","templated":true}]}}