{"id":56398,"date":"2026-04-03T00:29:14","date_gmt":"2026-04-02T21:29:14","guid":{"rendered":"http:\/\/new.ceasuri.md\/shop\/uncategorized\/cover-alston-gent-co216-05\/"},"modified":"2026-04-20T01:43:22","modified_gmt":"2026-04-19T22:43:22","slug":"cover-alston-gent-co216-05","status":"publish","type":"product","link":"https:\/\/ceasuri.md\/ru\/shop\/branduri\/cover\/cover-alston-gent-co216-05\/","title":{"rendered":"\u0427\u0430\u0441\u044b COVER Alston Gent CO216.05"},"content":{"rendered":"<p>Coordona\u021bi-v\u0103 stilul cu ceasul COVER Alston Gent Bicolor Gold, conceput ca un ceas elve\u021bian pereche pentru b\u0103rba\u021bi pentru a se potrivi perfect cu colec\u021bia Alston Lady. Dispun\u00e2nd de un cadran negru frapant cu un model triunghiular fin, acest ceas combin\u0103 luxul \u0219i sofisticarea. Designul texturat adaug\u0103 profunzime \u0219i rafinament cadranului, f\u0103c\u00e2ndu-l o pies\u0103 de ceas pentru b\u0103rba\u021bi remarcabil\u0103. Ceasul este \u00eencastrat \u00eentr-o carcas\u0103 din o\u021bel inoxidabil cu accente aurii luxoase pentru a oferi un amestec perfect de elegan\u021b\u0103 modern\u0103 \u0219i farmec clasic. Luneta canelat\u0103 spore\u0219te \u0219i mai mult aspectul s\u0103u rafinat.<br \/>\nCeasul COVER Alston Gent Men&#8217;s Pair Watch este alimentat de o mi\u0219care precis\u0103 Ronda cu cuar\u021b care asigur\u0103 o performan\u021b\u0103 fiabil\u0103. Asamblat manual \u00een atelierul nostru in-house.<\/p>","protected":false},"excerpt":{"rendered":"<p>Coordona\u021bi-v\u0103 stilul cu ceasul COVER Alston Gent Bicolor Gold, conceput ca un ceas elve\u021bian pereche pentru b\u0103rba\u021bi pentru a se potrivi perfect cu colec\u021bia Alston Lady. Dispun\u00e2nd de un cadran negru frapant cu un model triunghiular fin, acest ceas combin\u0103 luxul \u0219i sofisticarea. Designul texturat adaug\u0103 profunzime \u0219i rafinament cadranului, f\u0103c\u00e2ndu-l o pies\u0103 de ceas [&hellip;]<\/p>\n","protected":false},"featured_media":56399,"comment_status":"closed","ping_status":"open","template":"","meta":{"_acf_changed":false},"product_brand":[],"product_cat":[20,204],"product_tag":[],"class_list":{"0":"post-56398","1":"product","2":"type-product","3":"status-publish","4":"has-post-thumbnail","6":"product_cat-ceasuri-barbati","7":"product_cat-cover","8":"pa_brand-cover","9":"pa_braslet-otel-inoxidabil","10":"pa_corpus-40-mm","11":"pa_forma-rotund","12":"pa_funcii-data","13":"pa_garatia-24-luni","14":"pa_korpus-bicolor","15":"pa_kvarc-quartz","16":"pa_material-otel-inoxidabil","17":"pa_mehanizm-quartz","18":"pa_remeshok-bicolor","19":"pa_steklo-cristal-safir","20":"pa_strana-elvetia","21":"pa_voda-5-atm","23":"first","24":"instock","25":"purchasable","26":"product-type-simple"},"acf":[],"_links":{"self":[{"href":"https:\/\/ceasuri.md\/ru\/wp-json\/wp\/v2\/product\/56398","targetHints":{"allow":["GET"]}}],"collection":[{"href":"https:\/\/ceasuri.md\/ru\/wp-json\/wp\/v2\/product"}],"about":[{"href":"https:\/\/ceasuri.md\/ru\/wp-json\/wp\/v2\/types\/product"}],"replies":[{"embeddable":true,"href":"https:\/\/ceasuri.md\/ru\/wp-json\/wp\/v2\/comments?post=56398"}],"wp:featuredmedia":[{"embeddable":true,"href":"https:\/\/ceasuri.md\/ru\/wp-json\/wp\/v2\/media\/56399"}],"wp:attachment":[{"href":"https:\/\/ceasuri.md\/ru\/wp-json\/wp\/v2\/media?parent=56398"}],"wp:term":[{"taxonomy":"product_brand","embeddable":true,"href":"https:\/\/ceasuri.md\/ru\/wp-json\/wp\/v2\/product_brand?post=56398"},{"taxonomy":"product_cat","embeddable":true,"href":"https:\/\/ceasuri.md\/ru\/wp-json\/wp\/v2\/product_cat?post=56398"},{"taxonomy":"product_tag","embeddable":true,"href":"https:\/\/ceasuri.md\/ru\/wp-json\/wp\/v2\/product_tag?post=56398"}],"curies":[{"name":"wp","href":"https:\/\/api.w.org\/{rel}","templated":true}]}}