{"id":56392,"date":"2026-04-03T00:29:14","date_gmt":"2026-04-02T21:29:14","guid":{"rendered":"http:\/\/new.ceasuri.md\/shop\/uncategorized\/cover-alston-lady-co217-03\/"},"modified":"2026-04-20T01:43:22","modified_gmt":"2026-04-19T22:43:22","slug":"cover-alston-lady-co217-03","status":"publish","type":"product","link":"https:\/\/ceasuri.md\/ru\/shop\/branduri\/cover\/cover-alston-lady-co217-03\/","title":{"rendered":"\u0427\u0430\u0441\u044b COVER Alston Lady CO217.03"},"content":{"rendered":"<p>Ceasul COVER Alston Lady Silver cu un cadran albastru inchis radiant este un amestec perfect de sofisticare modern\u0103 \u0219i stil clasic. Modelul pronun\u021bat de raze de soare de pe cadran adaug\u0103 un efect vizual dinamic \u0219i captivant, f\u0103c\u00e2ndu-l o caracteristic\u0103 remarcabil\u0103 a acestui ceas.<br \/>\nCeasul Alston Lady este propulsat de o mi\u0219care cu cuar\u021b Ronda fabricat\u0103 \u00een Elve\u021bia \u0219i promite acurate\u021be \u0219i fiabilitate. Ceasul este asamblat manual \u00een atelierul nostru elve\u021bian in-house.<\/p>","protected":false},"excerpt":{"rendered":"<p>Ceasul COVER Alston Lady Silver cu un cadran albastru inchis radiant este un amestec perfect de sofisticare modern\u0103 \u0219i stil clasic. Modelul pronun\u021bat de raze de soare de pe cadran adaug\u0103 un efect vizual dinamic \u0219i captivant, f\u0103c\u00e2ndu-l o caracteristic\u0103 remarcabil\u0103 a acestui ceas. Ceasul Alston Lady este propulsat de o mi\u0219care cu cuar\u021b Ronda [&hellip;]<\/p>\n","protected":false},"featured_media":56393,"comment_status":"closed","ping_status":"open","template":"","meta":{"_acf_changed":false},"product_brand":[],"product_cat":[25,204],"product_tag":[],"class_list":{"0":"post-56392","1":"product","2":"type-product","3":"status-publish","4":"has-post-thumbnail","6":"product_cat-ceasuri-dama","7":"product_cat-cover","8":"pa_brand-cover","9":"pa_braslet-otel-inoxidabil","10":"pa_corpus-30-mm","11":"pa_forma-rotund","12":"pa_funcii-data","13":"pa_garatia-24-luni","14":"pa_korpus-argintiu","15":"pa_kvarc-quartz","16":"pa_material-otel-inoxidabil","17":"pa_mehanizm-quartz","18":"pa_remeshok-argintiu","19":"pa_steklo-cristal-safir","20":"pa_strana-elvetia","21":"pa_voda-5-atm","23":"first","24":"instock","25":"purchasable","26":"product-type-simple"},"acf":[],"_links":{"self":[{"href":"https:\/\/ceasuri.md\/ru\/wp-json\/wp\/v2\/product\/56392","targetHints":{"allow":["GET"]}}],"collection":[{"href":"https:\/\/ceasuri.md\/ru\/wp-json\/wp\/v2\/product"}],"about":[{"href":"https:\/\/ceasuri.md\/ru\/wp-json\/wp\/v2\/types\/product"}],"replies":[{"embeddable":true,"href":"https:\/\/ceasuri.md\/ru\/wp-json\/wp\/v2\/comments?post=56392"}],"wp:featuredmedia":[{"embeddable":true,"href":"https:\/\/ceasuri.md\/ru\/wp-json\/wp\/v2\/media\/56393"}],"wp:attachment":[{"href":"https:\/\/ceasuri.md\/ru\/wp-json\/wp\/v2\/media?parent=56392"}],"wp:term":[{"taxonomy":"product_brand","embeddable":true,"href":"https:\/\/ceasuri.md\/ru\/wp-json\/wp\/v2\/product_brand?post=56392"},{"taxonomy":"product_cat","embeddable":true,"href":"https:\/\/ceasuri.md\/ru\/wp-json\/wp\/v2\/product_cat?post=56392"},{"taxonomy":"product_tag","embeddable":true,"href":"https:\/\/ceasuri.md\/ru\/wp-json\/wp\/v2\/product_tag?post=56392"}],"curies":[{"name":"wp","href":"https:\/\/api.w.org\/{rel}","templated":true}]}}