{"id":56390,"date":"2024-11-29T08:02:16","date_gmt":"2024-11-29T06:02:16","guid":{"rendered":"http:\/\/new.ceasuri.md\/shop\/uncategorized\/cover-jumeira-co218-01\/"},"modified":"2026-05-01T19:06:44","modified_gmt":"2026-05-01T16:06:44","slug":"cover-jumeira-co218-01","status":"publish","type":"product","link":"https:\/\/ceasuri.md\/ru\/shop\/branduri\/cover\/cover-jumeira-co218-01\/","title":{"rendered":"\u0427\u0430\u0441\u044b COVER Jumeira CO218.01"},"content":{"rendered":"<p>Spori\u021bi-v\u0103 rafinamentul cu ceasul COVER Swiss Made Jumeira pentru femei, cu o carcas\u0103 \u0219i o br\u0103\u021bar\u0103 din o\u021bel inoxidabil argintiu complet. Cadranul elegant din nuc\u0103 de perle alb\u0103, prev\u0103zut cu cristale str\u0103lucitoare, este protejat de o sticl\u0103 de safir rezistent\u0103 la zg\u00e2rieturi. Cu o mi\u0219care precis\u0103 elve\u021bian\u0103 cu cuar\u021b cu trei m\u00e2ini, acest ceas ofer\u0103 o cronometrare fiabil\u0103 al\u0103turi de estetica sa rafinat\u0103.<br \/>\nFabricat \u00een Elve\u021bia \u0219i asamblat manual \u00een atelierul nostru de ceasornic\u0103rie, ceasul Jumeira este o pies\u0103 atemporal\u0103 pentru femei.<\/p>","protected":false},"excerpt":{"rendered":"<p>Spori\u021bi-v\u0103 rafinamentul cu ceasul COVER Swiss Made Jumeira pentru femei, cu o carcas\u0103 \u0219i o br\u0103\u021bar\u0103 din o\u021bel inoxidabil argintiu complet. Cadranul elegant din nuc\u0103 de perle alb\u0103, prev\u0103zut cu cristale str\u0103lucitoare, este protejat de o sticl\u0103 de safir rezistent\u0103 la zg\u00e2rieturi. Cu o mi\u0219care precis\u0103 elve\u021bian\u0103 cu cuar\u021b cu trei m\u00e2ini, acest ceas ofer\u0103 [&hellip;]<\/p>\n","protected":false},"featured_media":56391,"comment_status":"closed","ping_status":"open","template":"","meta":{"_acf_changed":false},"product_brand":[],"product_cat":[25,204],"product_tag":[],"class_list":{"0":"post-56390","1":"product","2":"type-product","3":"status-publish","4":"has-post-thumbnail","6":"product_cat-ceasuri-dama","7":"product_cat-cover","8":"pa_brand-cover","9":"pa_braslet-otel-inoxidabil","10":"pa_corpus-36-mm","11":"pa_decor-cristale-swarowski","12":"pa_forma-rotund","13":"pa_funcii-data","14":"pa_garatia-24-luni","15":"pa_korpus-argintiu","16":"pa_kvarc-quartz","17":"pa_material-otel-inoxidabil","18":"pa_mehanizm-quartz","19":"pa_remeshok-argintiu","20":"pa_steklo-cristal-safir","21":"pa_strana-elvetia","22":"pa_voda-5-atm","24":"first","25":"instock","26":"purchasable","27":"product-type-simple"},"acf":[],"_links":{"self":[{"href":"https:\/\/ceasuri.md\/ru\/wp-json\/wp\/v2\/product\/56390","targetHints":{"allow":["GET"]}}],"collection":[{"href":"https:\/\/ceasuri.md\/ru\/wp-json\/wp\/v2\/product"}],"about":[{"href":"https:\/\/ceasuri.md\/ru\/wp-json\/wp\/v2\/types\/product"}],"replies":[{"embeddable":true,"href":"https:\/\/ceasuri.md\/ru\/wp-json\/wp\/v2\/comments?post=56390"}],"wp:featuredmedia":[{"embeddable":true,"href":"https:\/\/ceasuri.md\/ru\/wp-json\/wp\/v2\/media\/56391"}],"wp:attachment":[{"href":"https:\/\/ceasuri.md\/ru\/wp-json\/wp\/v2\/media?parent=56390"}],"wp:term":[{"taxonomy":"product_brand","embeddable":true,"href":"https:\/\/ceasuri.md\/ru\/wp-json\/wp\/v2\/product_brand?post=56390"},{"taxonomy":"product_cat","embeddable":true,"href":"https:\/\/ceasuri.md\/ru\/wp-json\/wp\/v2\/product_cat?post=56390"},{"taxonomy":"product_tag","embeddable":true,"href":"https:\/\/ceasuri.md\/ru\/wp-json\/wp\/v2\/product_tag?post=56390"}],"curies":[{"name":"wp","href":"https:\/\/api.w.org\/{rel}","templated":true}]}}