{"id":56384,"date":"2026-04-03T00:29:14","date_gmt":"2026-04-02T21:29:14","guid":{"rendered":"http:\/\/new.ceasuri.md\/shop\/uncategorized\/cover-jumeira-co218-03\/"},"modified":"2026-04-20T01:43:23","modified_gmt":"2026-04-19T22:43:23","slug":"cover-jumeira-co218-03","status":"publish","type":"product","link":"https:\/\/ceasuri.md\/ru\/shop\/branduri\/cover\/cover-jumeira-co218-03\/","title":{"rendered":"\u0427\u0430\u0441\u044b COVER Jumeira CO218.03"},"content":{"rendered":"<p>Ridica\u021bi-v\u0103 stilul cu ceasul COVER Swiss Made Jumeira pentru femei, cu un design chic \u00een dou\u0103 tonuri din o\u021bel inoxidabil \u0219i aur. Cadranul elegant din nuc\u0103 de perl\u0103 alb\u0103, \u00eempodobit cu cristale radiante, este protejat de sticl\u0103 de safir rezistent\u0103 la zg\u00e2rieturi. Alimentat de o mi\u0219care precis\u0103 elve\u021bian\u0103 cu cuar\u021b cu trei m\u00e2ini, acest ceas ofer\u0103 at\u00e2t frumuse\u021be, c\u00e2t \u0219i func\u021bionalitate.<br \/>\nFabricat \u00een Elve\u021bia \u0219i asamblat manual \u00een atelierul nostru de ceasornic\u0103rie, ceasul Jumeira este un ceas rafinat pentru femei.<\/p>","protected":false},"excerpt":{"rendered":"<p>Ridica\u021bi-v\u0103 stilul cu ceasul COVER Swiss Made Jumeira pentru femei, cu un design chic \u00een dou\u0103 tonuri din o\u021bel inoxidabil \u0219i aur. Cadranul elegant din nuc\u0103 de perl\u0103 alb\u0103, \u00eempodobit cu cristale radiante, este protejat de sticl\u0103 de safir rezistent\u0103 la zg\u00e2rieturi. Alimentat de o mi\u0219care precis\u0103 elve\u021bian\u0103 cu cuar\u021b cu trei m\u00e2ini, acest ceas [&hellip;]<\/p>\n","protected":false},"featured_media":56385,"comment_status":"closed","ping_status":"open","template":"","meta":{"_acf_changed":false},"product_brand":[],"product_cat":[25,204],"product_tag":[],"class_list":{"0":"post-56384","1":"product","2":"type-product","3":"status-publish","4":"has-post-thumbnail","6":"product_cat-ceasuri-dama","7":"product_cat-cover","8":"pa_brand-cover","9":"pa_braslet-otel-inoxidabil","10":"pa_corpus-36-mm","11":"pa_decor-cristale-swarowski","12":"pa_forma-rotund","13":"pa_funcii-data","14":"pa_garatia-24-luni","15":"pa_korpus-bicolor","16":"pa_kvarc-quartz","17":"pa_material-otel-inoxidabil","18":"pa_mehanizm-quartz","19":"pa_remeshok-bicolor","20":"pa_steklo-cristal-safir","21":"pa_strana-elvetia","22":"pa_voda-5-atm","24":"first","25":"instock","26":"purchasable","27":"product-type-simple"},"acf":[],"_links":{"self":[{"href":"https:\/\/ceasuri.md\/ru\/wp-json\/wp\/v2\/product\/56384","targetHints":{"allow":["GET"]}}],"collection":[{"href":"https:\/\/ceasuri.md\/ru\/wp-json\/wp\/v2\/product"}],"about":[{"href":"https:\/\/ceasuri.md\/ru\/wp-json\/wp\/v2\/types\/product"}],"replies":[{"embeddable":true,"href":"https:\/\/ceasuri.md\/ru\/wp-json\/wp\/v2\/comments?post=56384"}],"wp:featuredmedia":[{"embeddable":true,"href":"https:\/\/ceasuri.md\/ru\/wp-json\/wp\/v2\/media\/56385"}],"wp:attachment":[{"href":"https:\/\/ceasuri.md\/ru\/wp-json\/wp\/v2\/media?parent=56384"}],"wp:term":[{"taxonomy":"product_brand","embeddable":true,"href":"https:\/\/ceasuri.md\/ru\/wp-json\/wp\/v2\/product_brand?post=56384"},{"taxonomy":"product_cat","embeddable":true,"href":"https:\/\/ceasuri.md\/ru\/wp-json\/wp\/v2\/product_cat?post=56384"},{"taxonomy":"product_tag","embeddable":true,"href":"https:\/\/ceasuri.md\/ru\/wp-json\/wp\/v2\/product_tag?post=56384"}],"curies":[{"name":"wp","href":"https:\/\/api.w.org\/{rel}","templated":true}]}}