{"id":56380,"date":"2026-04-03T00:29:14","date_gmt":"2026-04-02T21:29:14","guid":{"rendered":"http:\/\/new.ceasuri.md\/shop\/uncategorized\/cover-jumeira-co218-04\/"},"modified":"2026-04-20T01:43:24","modified_gmt":"2026-04-19T22:43:24","slug":"cover-jumeira-co218-04","status":"publish","type":"product","link":"https:\/\/ceasuri.md\/ru\/shop\/branduri\/cover\/cover-jumeira-co218-04\/","title":{"rendered":"\u0427\u0430\u0441\u044b COVER Jumeira CO218.04"},"content":{"rendered":"<p>Descoperi\u021bi luxul cu ceasul COVER Swiss Made Jumeira pentru femei, cu o carcas\u0103 rafinat\u0103 bicolor\u0103 din o\u021bel inoxidabil \u0219i aur. Cadranul din nuc\u0103 de perle verde vibrant, \u00eempodobit cu cristale str\u0103lucitoare, este protejat de o sticl\u0103 de safir rezistent\u0103 la zg\u00e2rieturi. Acest ceas rafinat combin\u0103 elegan\u021ba clasic\u0103 cu precizia modern\u0103, fiind alimentat de o mi\u0219care elve\u021bian\u0103 fiabil\u0103 cu cuar\u021b cu trei m\u00e2ini.<br \/>\nFabricat \u00een Elve\u021bia \u0219i asamblat manual \u00een atelierul nostru de ceasornic\u0103rie, ceasul Jumeira este un ceas de dam\u0103 distins.<\/p>","protected":false},"excerpt":{"rendered":"<p>Descoperi\u021bi luxul cu ceasul COVER Swiss Made Jumeira pentru femei, cu o carcas\u0103 rafinat\u0103 bicolor\u0103 din o\u021bel inoxidabil \u0219i aur. Cadranul din nuc\u0103 de perle verde vibrant, \u00eempodobit cu cristale str\u0103lucitoare, este protejat de o sticl\u0103 de safir rezistent\u0103 la zg\u00e2rieturi. Acest ceas rafinat combin\u0103 elegan\u021ba clasic\u0103 cu precizia modern\u0103, fiind alimentat de o mi\u0219care [&hellip;]<\/p>\n","protected":false},"featured_media":56381,"comment_status":"closed","ping_status":"open","template":"","meta":{"_acf_changed":false},"product_brand":[],"product_cat":[25,204],"product_tag":[],"class_list":{"0":"post-56380","1":"product","2":"type-product","3":"status-publish","4":"has-post-thumbnail","6":"product_cat-ceasuri-dama","7":"product_cat-cover","8":"pa_brand-cover","9":"pa_braslet-otel-inoxidabil","10":"pa_corpus-36-mm","11":"pa_decor-cristale-swarowski","12":"pa_forma-rotund","13":"pa_funcii-data","14":"pa_garatia-24-luni","15":"pa_korpus-bicolor","16":"pa_kvarc-quartz","17":"pa_material-otel-inoxidabil","18":"pa_mehanizm-quartz","19":"pa_remeshok-bicolor","20":"pa_steklo-cristal-safir","21":"pa_strana-elvetia","22":"pa_voda-5-atm","24":"first","25":"instock","26":"purchasable","27":"product-type-simple"},"acf":[],"_links":{"self":[{"href":"https:\/\/ceasuri.md\/ru\/wp-json\/wp\/v2\/product\/56380","targetHints":{"allow":["GET"]}}],"collection":[{"href":"https:\/\/ceasuri.md\/ru\/wp-json\/wp\/v2\/product"}],"about":[{"href":"https:\/\/ceasuri.md\/ru\/wp-json\/wp\/v2\/types\/product"}],"replies":[{"embeddable":true,"href":"https:\/\/ceasuri.md\/ru\/wp-json\/wp\/v2\/comments?post=56380"}],"wp:featuredmedia":[{"embeddable":true,"href":"https:\/\/ceasuri.md\/ru\/wp-json\/wp\/v2\/media\/56381"}],"wp:attachment":[{"href":"https:\/\/ceasuri.md\/ru\/wp-json\/wp\/v2\/media?parent=56380"}],"wp:term":[{"taxonomy":"product_brand","embeddable":true,"href":"https:\/\/ceasuri.md\/ru\/wp-json\/wp\/v2\/product_brand?post=56380"},{"taxonomy":"product_cat","embeddable":true,"href":"https:\/\/ceasuri.md\/ru\/wp-json\/wp\/v2\/product_cat?post=56380"},{"taxonomy":"product_tag","embeddable":true,"href":"https:\/\/ceasuri.md\/ru\/wp-json\/wp\/v2\/product_tag?post=56380"}],"curies":[{"name":"wp","href":"https:\/\/api.w.org\/{rel}","templated":true}]}}