{"id":56375,"date":"2026-04-03T00:29:14","date_gmt":"2026-04-02T21:29:14","guid":{"rendered":"http:\/\/new.ceasuri.md\/shop\/uncategorized\/cover-jumeira-co218-05\/"},"modified":"2026-04-20T01:43:24","modified_gmt":"2026-04-19T22:43:24","slug":"cover-jumeira-co218-05","status":"publish","type":"product","link":"https:\/\/ceasuri.md\/ru\/shop\/branduri\/cover\/cover-jumeira-co218-05\/","title":{"rendered":"\u0427\u0430\u0441\u044b COVER Jumeira CO218.05"},"content":{"rendered":"<p>Experimenta\u021bi elegan\u021ba cu ceasul COVER Swiss Made Jumeira pentru femei, cu o carcas\u0103 elegant\u0103 \u00een dou\u0103 tonuri din o\u021bel inoxidabil \u0219i aur roz. Cadranul alb imaculat din nuc\u0103 de perle, \u00eempodobit cu cristale str\u0103lucitoare, este protejat de sticl\u0103 de safir rezistent\u0103 la zg\u00e2rieturi. Acest ceas rafinat combin\u0103 designul clasic cu fiabilitatea unei mi\u0219c\u0103ri elve\u021biene cu cuar\u021b cu trei m\u00e2ini.<br \/>\nFabricat \u00een Elve\u021bia \u0219i asamblat manual \u00een atelierul nostru in-house de orologerie, ceasul Jumeira este un ceas de dam\u0103 distins.<\/p>","protected":false},"excerpt":{"rendered":"<p>Experimenta\u021bi elegan\u021ba cu ceasul COVER Swiss Made Jumeira pentru femei, cu o carcas\u0103 elegant\u0103 \u00een dou\u0103 tonuri din o\u021bel inoxidabil \u0219i aur roz. Cadranul alb imaculat din nuc\u0103 de perle, \u00eempodobit cu cristale str\u0103lucitoare, este protejat de sticl\u0103 de safir rezistent\u0103 la zg\u00e2rieturi. Acest ceas rafinat combin\u0103 designul clasic cu fiabilitatea unei mi\u0219c\u0103ri elve\u021biene cu [&hellip;]<\/p>\n","protected":false},"featured_media":56376,"comment_status":"closed","ping_status":"open","template":"","meta":{"_acf_changed":false},"product_brand":[],"product_cat":[25,204],"product_tag":[],"class_list":{"0":"post-56375","1":"product","2":"type-product","3":"status-publish","4":"has-post-thumbnail","6":"product_cat-ceasuri-dama","7":"product_cat-cover","8":"pa_brand-cover","9":"pa_braslet-otel-inoxidabil","10":"pa_corpus-36-mm","11":"pa_decor-cristale-swarowski","12":"pa_forma-rotund","13":"pa_funcii-data","14":"pa_garatia-24-luni","15":"pa_korpus-argintiu","16":"pa_korpus-roz","17":"pa_kvarc-quartz","18":"pa_material-otel-inoxidabil","19":"pa_mehanizm-quartz","20":"pa_remeshok-argintiu","21":"pa_remeshok-roz-gold","22":"pa_steklo-cristal-safir","23":"pa_strana-elvetia","24":"pa_voda-5-atm","26":"first","27":"instock","28":"purchasable","29":"product-type-simple"},"acf":[],"_links":{"self":[{"href":"https:\/\/ceasuri.md\/ru\/wp-json\/wp\/v2\/product\/56375","targetHints":{"allow":["GET"]}}],"collection":[{"href":"https:\/\/ceasuri.md\/ru\/wp-json\/wp\/v2\/product"}],"about":[{"href":"https:\/\/ceasuri.md\/ru\/wp-json\/wp\/v2\/types\/product"}],"replies":[{"embeddable":true,"href":"https:\/\/ceasuri.md\/ru\/wp-json\/wp\/v2\/comments?post=56375"}],"wp:featuredmedia":[{"embeddable":true,"href":"https:\/\/ceasuri.md\/ru\/wp-json\/wp\/v2\/media\/56376"}],"wp:attachment":[{"href":"https:\/\/ceasuri.md\/ru\/wp-json\/wp\/v2\/media?parent=56375"}],"wp:term":[{"taxonomy":"product_brand","embeddable":true,"href":"https:\/\/ceasuri.md\/ru\/wp-json\/wp\/v2\/product_brand?post=56375"},{"taxonomy":"product_cat","embeddable":true,"href":"https:\/\/ceasuri.md\/ru\/wp-json\/wp\/v2\/product_cat?post=56375"},{"taxonomy":"product_tag","embeddable":true,"href":"https:\/\/ceasuri.md\/ru\/wp-json\/wp\/v2\/product_tag?post=56375"}],"curies":[{"name":"wp","href":"https:\/\/api.w.org\/{rel}","templated":true}]}}