{"id":56365,"date":"2026-04-03T00:29:14","date_gmt":"2026-04-02T21:29:14","guid":{"rendered":"http:\/\/new.ceasuri.md\/shop\/uncategorized\/cover-bracelet-one-co219-04\/"},"modified":"2026-04-20T01:43:25","modified_gmt":"2026-04-19T22:43:25","slug":"cover-bracelet-one-co219-04","status":"publish","type":"product","link":"https:\/\/ceasuri.md\/ru\/shop\/branduri\/cover\/cover-bracelet-one-co219-04\/","title":{"rendered":"\u0427\u0430\u0441\u044b COVER Bracelet One CO219.04"},"content":{"rendered":"<p>Ceasul nostru Swiss made Two-tone Women&#8217;s Watch Bracelet One \u00eentruchipeaz\u0103 deopotriv\u0103 durabilitatea \u0219i luxul. Are o combina\u021bie elegant\u0103 de o\u021bel inoxidabil \u0219i accente aurii at\u00e2t pentru carcas\u0103, c\u00e2t \u0219i pentru br\u0103\u021bara ceasului, completate de un cadran argintiu cu raze de soare protejat de o sticl\u0103 de safir rezistent\u0103 la zg\u00e2rieturi. Este alimentat de o mi\u0219care precis\u0103 cu cuar\u021b cu trei m\u00e2ini, asigur\u00e2nd o elegan\u021b\u0103 atemporal\u0103 cu fiecare privire.<br \/>\nAsamblat manual \u00een atelierul nostru de ceasornic\u0103rie COVER in-house.<\/p>","protected":false},"excerpt":{"rendered":"<p>Ceasul nostru Swiss made Two-tone Women&#8217;s Watch Bracelet One \u00eentruchipeaz\u0103 deopotriv\u0103 durabilitatea \u0219i luxul. Are o combina\u021bie elegant\u0103 de o\u021bel inoxidabil \u0219i accente aurii at\u00e2t pentru carcas\u0103, c\u00e2t \u0219i pentru br\u0103\u021bara ceasului, completate de un cadran argintiu cu raze de soare protejat de o sticl\u0103 de safir rezistent\u0103 la zg\u00e2rieturi. Este alimentat de o mi\u0219care [&hellip;]<\/p>\n","protected":false},"featured_media":56366,"comment_status":"closed","ping_status":"open","template":"","meta":{"_acf_changed":false},"product_brand":[],"product_cat":[25,204],"product_tag":[],"class_list":{"0":"post-56365","1":"product","2":"type-product","3":"status-publish","4":"has-post-thumbnail","6":"product_cat-ceasuri-dama","7":"product_cat-cover","8":"pa_brand-cover","9":"pa_braslet-otel-inoxidabil","10":"pa_corpus-34-mm","11":"pa_forma-rotund","12":"pa_garatia-24-luni","13":"pa_korpus-bicolor","14":"pa_kvarc-quartz","15":"pa_material-otel-inoxidabil","16":"pa_mehanizm-quartz","17":"pa_remeshok-bicolor","18":"pa_steklo-cristal-safir","19":"pa_strana-elvetia","20":"pa_voda-5-atm","22":"first","23":"instock","24":"purchasable","25":"product-type-simple"},"acf":[],"_links":{"self":[{"href":"https:\/\/ceasuri.md\/ru\/wp-json\/wp\/v2\/product\/56365","targetHints":{"allow":["GET"]}}],"collection":[{"href":"https:\/\/ceasuri.md\/ru\/wp-json\/wp\/v2\/product"}],"about":[{"href":"https:\/\/ceasuri.md\/ru\/wp-json\/wp\/v2\/types\/product"}],"replies":[{"embeddable":true,"href":"https:\/\/ceasuri.md\/ru\/wp-json\/wp\/v2\/comments?post=56365"}],"wp:featuredmedia":[{"embeddable":true,"href":"https:\/\/ceasuri.md\/ru\/wp-json\/wp\/v2\/media\/56366"}],"wp:attachment":[{"href":"https:\/\/ceasuri.md\/ru\/wp-json\/wp\/v2\/media?parent=56365"}],"wp:term":[{"taxonomy":"product_brand","embeddable":true,"href":"https:\/\/ceasuri.md\/ru\/wp-json\/wp\/v2\/product_brand?post=56365"},{"taxonomy":"product_cat","embeddable":true,"href":"https:\/\/ceasuri.md\/ru\/wp-json\/wp\/v2\/product_cat?post=56365"},{"taxonomy":"product_tag","embeddable":true,"href":"https:\/\/ceasuri.md\/ru\/wp-json\/wp\/v2\/product_tag?post=56365"}],"curies":[{"name":"wp","href":"https:\/\/api.w.org\/{rel}","templated":true}]}}